{"id":867,"date":"2020-10-01T18:42:59","date_gmt":"2020-10-01T21:42:59","guid":{"rendered":"https:\/\/saraviafrias.com\/?page_id=867"},"modified":"2021-04-13T16:34:51","modified_gmt":"2021-04-13T16:34:51","slug":"diego-guo","status":"publish","type":"page","link":"https:\/\/saraviafrias.com\/zh_CN\/diego-guo\/","title":{"rendered":"Diego Guo"},"content":{"rendered":"[vc_row type=&#8221;in_container&#8221; full_screen_row_position=&#8221;middle&#8221; column_margin=&#8221;default&#8221; column_direction=&#8221;default&#8221; column_direction_tablet=&#8221;default&#8221; column_direction_phone=&#8221;default&#8221; scene_position=&#8221;center&#8221; top_padding=&#8221;100&#8243; text_color=&#8221;dark&#8221; text_align=&#8221;left&#8221; row_border_radius=&#8221;none&#8221; row_border_radius_applies=&#8221;bg&#8221; overlay_strength=&#8221;0.3&#8243; gradient_direction=&#8221;left_to_right&#8221; shape_divider_position=&#8221;bottom&#8221; bg_image_animation=&#8221;none&#8221; shape_type=&#8221;&#8221;][vc_column column_padding=&#8221;no-extra-padding&#8221; column_padding_tablet=&#8221;inherit&#8221; column_padding_phone=&#8221;inherit&#8221; column_padding_position=&#8221;all&#8221; column_element_spacing=&#8221;default&#8221; background_color_opacity=&#8221;1&#8243; background_hover_color_opacity=&#8221;1&#8243; column_shadow=&#8221;none&#8221; column_border_radius=&#8221;none&#8221; column_link_target=&#8221;_self&#8221; gradient_direction=&#8221;left_to_right&#8221; overlay_strength=&#8221;0.3&#8243; width=&#8221;1\/3&#8243; tablet_width_inherit=&#8221;default&#8221; tablet_text_alignment=&#8221;default&#8221; phone_text_alignment=&#8221;default&#8221; bg_image_animation=&#8221;none&#8221; border_type=&#8221;simple&#8221; column_border_width=&#8221;none&#8221; column_border_style=&#8221;solid&#8221;][vc_column_text]\n<p><img loading=\"lazy\" class=\"alignnone size-full wp-image-898\" src=\"https:\/\/saraviafrias.com\/wp-content\/uploads\/2020\/10\/Staff-grandes-02.jpg\" alt=\"\" width=\"795\" height=\"794\" srcset=\"https:\/\/saraviafrias.com\/wp-content\/uploads\/2020\/10\/Staff-grandes-02.jpg 795w, https:\/\/saraviafrias.com\/wp-content\/uploads\/2020\/10\/Staff-grandes-02-300x300.jpg 300w, https:\/\/saraviafrias.com\/wp-content\/uploads\/2020\/10\/Staff-grandes-02-150x150.jpg 150w, https:\/\/saraviafrias.com\/wp-content\/uploads\/2020\/10\/Staff-grandes-02-768x767.jpg 768w\" sizes=\"(max-width: 795px) 100vw, 795px\" \/><\/p>\n[\/vc_column_text][\/vc_column][vc_column column_padding=&#8221;no-extra-padding&#8221; column_padding_tablet=&#8221;inherit&#8221; column_padding_phone=&#8221;inherit&#8221; column_padding_position=&#8221;all&#8221; column_element_spacing=&#8221;default&#8221; background_color_opacity=&#8221;1&#8243; background_hover_color_opacity=&#8221;1&#8243; column_shadow=&#8221;none&#8221; column_border_radius=&#8221;none&#8221; column_link_target=&#8221;_self&#8221; gradient_direction=&#8221;left_to_right&#8221; overlay_strength=&#8221;0.3&#8243; width=&#8221;2\/3&#8243; tablet_width_inherit=&#8221;default&#8221; tablet_text_alignment=&#8221;default&#8221; phone_text_alignment=&#8221;default&#8221; bg_image_animation=&#8221;none&#8221; border_type=&#8221;simple&#8221; column_border_width=&#8221;none&#8221; column_border_style=&#8221;solid&#8221;][vc_column_text]\n<h1><b>Diego Guo<br \/><\/b><\/h1>\n<h3>Abogado<\/h3>\n<p>Es Abogado y Doctor en Pol\u00edticas Internacionales.<\/p>\n<p>Es director del Departamento de Estudios Sociales y Culturales de ILAS-CASS, director ejecutivo del Centro de Estudios Argentinos de ILAS-CASS y director y fundador de CECLA.<\/p>\n<p>Reside en Beijing donde brinda asesoramiento en cuestiones de comercio internacional vinculadas con China.<\/p>\n<p>IDIOMAS: Espa\u00f1ol, ingl\u00e9s y mandar\u00edn.<\/p>\n[\/vc_column_text][\/vc_column][\/vc_row]\n","protected":false},"excerpt":{"rendered":"<p>&#8230;<\/p>\n","protected":false},"author":1,"featured_media":0,"parent":0,"menu_order":0,"comment_status":"closed","ping_status":"closed","template":"","meta":[],"_links":{"self":[{"href":"https:\/\/saraviafrias.com\/zh_CN\/wp-json\/wp\/v2\/pages\/867"}],"collection":[{"href":"https:\/\/saraviafrias.com\/zh_CN\/wp-json\/wp\/v2\/pages"}],"about":[{"href":"https:\/\/saraviafrias.com\/zh_CN\/wp-json\/wp\/v2\/types\/page"}],"author":[{"embeddable":true,"href":"https:\/\/saraviafrias.com\/zh_CN\/wp-json\/wp\/v2\/users\/1"}],"replies":[{"embeddable":true,"href":"https:\/\/saraviafrias.com\/zh_CN\/wp-json\/wp\/v2\/comments?post=867"}],"version-history":[{"count":2,"href":"https:\/\/saraviafrias.com\/zh_CN\/wp-json\/wp\/v2\/pages\/867\/revisions"}],"predecessor-version":[{"id":1382,"href":"https:\/\/saraviafrias.com\/zh_CN\/wp-json\/wp\/v2\/pages\/867\/revisions\/1382"}],"wp:attachment":[{"href":"https:\/\/saraviafrias.com\/zh_CN\/wp-json\/wp\/v2\/media?parent=867"}],"curies":[{"name":"wp","href":"https:\/\/api.w.org\/{rel}","templated":true}]}}