{"id":746,"date":"2020-09-30T17:11:02","date_gmt":"2020-09-30T20:11:02","guid":{"rendered":"https:\/\/saraviafrias.com\/?page_id=746"},"modified":"2021-05-24T15:22:36","modified_gmt":"2021-05-24T15:22:36","slug":"energia-oil-gas","status":"publish","type":"page","link":"https:\/\/saraviafrias.com\/zh_CN\/energia-oil-gas\/","title":{"rendered":"Energ\u00eda, Oil &#038; Gas"},"content":{"rendered":"[vc_row type=&#8221;in_container&#8221; full_screen_row_position=&#8221;middle&#8221; column_margin=&#8221;default&#8221; column_direction=&#8221;default&#8221; column_direction_tablet=&#8221;default&#8221; column_direction_phone=&#8221;default&#8221; scene_position=&#8221;center&#8221; top_padding=&#8221;100&#8243; text_color=&#8221;dark&#8221; text_align=&#8221;left&#8221; row_border_radius=&#8221;none&#8221; row_border_radius_applies=&#8221;bg&#8221; overlay_strength=&#8221;0.3&#8243; gradient_direction=&#8221;left_to_right&#8221; shape_divider_position=&#8221;bottom&#8221; bg_image_animation=&#8221;none&#8221; shape_type=&#8221;&#8221;][vc_column column_padding=&#8221;no-extra-padding&#8221; column_padding_tablet=&#8221;inherit&#8221; column_padding_phone=&#8221;inherit&#8221; column_padding_position=&#8221;all&#8221; column_element_spacing=&#8221;default&#8221; background_color_opacity=&#8221;1&#8243; background_hover_color_opacity=&#8221;1&#8243; column_shadow=&#8221;none&#8221; column_border_radius=&#8221;none&#8221; column_link_target=&#8221;_self&#8221; gradient_direction=&#8221;left_to_right&#8221; overlay_strength=&#8221;0.3&#8243; width=&#8221;1\/1&#8243; tablet_width_inherit=&#8221;default&#8221; tablet_text_alignment=&#8221;default&#8221; phone_text_alignment=&#8221;default&#8221; bg_image_animation=&#8221;none&#8221; border_type=&#8221;simple&#8221; column_border_width=&#8221;none&#8221; column_border_style=&#8221;solid&#8221;][vc_column_text]\r\n<h1><b>Energ\u00eda, Oil &#038; Gas<\/b><\/h1>\r\n[\/vc_column_text][\/vc_column][\/vc_row][vc_row type=&#8221;in_container&#8221; full_screen_row_position=&#8221;middle&#8221; column_margin=&#8221;default&#8221; column_direction=&#8221;default&#8221; column_direction_tablet=&#8221;default&#8221; column_direction_phone=&#8221;default&#8221; scene_position=&#8221;center&#8221; text_color=&#8221;dark&#8221; text_align=&#8221;left&#8221; row_border_radius=&#8221;none&#8221; row_border_radius_applies=&#8221;bg&#8221; overlay_strength=&#8221;0.3&#8243; gradient_direction=&#8221;left_to_right&#8221; shape_divider_position=&#8221;bottom&#8221; bg_image_animation=&#8221;none&#8221;][vc_column column_padding=&#8221;no-extra-padding&#8221; column_padding_tablet=&#8221;inherit&#8221; column_padding_phone=&#8221;inherit&#8221; column_padding_position=&#8221;all&#8221; column_element_spacing=&#8221;default&#8221; background_color_opacity=&#8221;1&#8243; background_hover_color_opacity=&#8221;1&#8243; column_shadow=&#8221;none&#8221; column_border_radius=&#8221;none&#8221; column_link_target=&#8221;_self&#8221; gradient_direction=&#8221;left_to_right&#8221; overlay_strength=&#8221;0.3&#8243; width=&#8221;1\/2&#8243; tablet_width_inherit=&#8221;default&#8221; tablet_text_alignment=&#8221;default&#8221; phone_text_alignment=&#8221;default&#8221; bg_image_animation=&#8221;none&#8221; border_type=&#8221;simple&#8221; column_border_width=&#8221;none&#8221; column_border_style=&#8221;solid&#8221;][vc_column_text]\r\n<h3><\/h3>\r\n<p><\/p>\r\n<h3>Conocimiento del din\u00e1mico marco regulatorio nacional y provincial, que asegura respuestas creativas para los desaf\u00edos de la exploraci\u00f3n y explotaci\u00f3n de hidrocarburos en todas sus etapas.<\/h3>\r\n[\/vc_column_text][vc_column_text]\r\n<p><a role=\"button\" href=\"\/categorias\/\"> + Ver todas las \u00c1reas de Pr\u00e1ctica <\/a><\/p>\r\n<p><a role=\"button\" href=\"mailto:contacto@saraviafrias.com\">Cont\u00e1ctenos <\/a><\/p>\r\n[\/vc_column_text][\/vc_column][vc_column column_padding=&#8221;no-extra-padding&#8221; column_padding_tablet=&#8221;inherit&#8221; column_padding_phone=&#8221;inherit&#8221; column_padding_position=&#8221;all&#8221; column_element_spacing=&#8221;default&#8221; background_color_opacity=&#8221;1&#8243; background_hover_color_opacity=&#8221;1&#8243; column_shadow=&#8221;none&#8221; column_border_radius=&#8221;none&#8221; column_link_target=&#8221;_self&#8221; gradient_direction=&#8221;left_to_right&#8221; overlay_strength=&#8221;0.3&#8243; width=&#8221;1\/2&#8243; tablet_width_inherit=&#8221;default&#8221; tablet_text_alignment=&#8221;default&#8221; phone_text_alignment=&#8221;default&#8221; bg_image_animation=&#8221;none&#8221; border_type=&#8221;simple&#8221; column_border_width=&#8221;none&#8221; column_border_style=&#8221;solid&#8221;][vc_column_text]\r\n<ul>\r\n<li>Auditor\u00edas legales de \u00e1reas hidrocarbur\u00edferas<\/li>\r\n<li>Asesoramiento en reversi\u00f3n y decomiso de \u00e1reas petroleras<\/li>\r\n<li>Proyectos de upstream<\/li>\r\n<li>Transporte y distribuci\u00f3n de hidrocarburos<\/li>\r\n<li>Asuntos comerciales y regulatorios<\/li>\r\n<li>Asesoramiento en contratos y asuntos aduaneros<\/li>\r\n<li>Due Diligence para proyectos de inversi\u00f3n<\/li>\r\n<li>Aspectos ambientales<\/li>\r\n<li>Asesoramiento a Agentes del Mercado El\u00e9ctrico Mayorista<\/li>\r\n<li>Asesoramiento en licitaciones p\u00fablicas para contratos de infraestructura el\u00e9ctrica<\/li>\r\n<\/ul>\r\n[\/vc_column_text][\/vc_column][\/vc_row]","protected":false},"excerpt":{"rendered":"<p>&#8230;<\/p>\n","protected":false},"author":1,"featured_media":0,"parent":0,"menu_order":0,"comment_status":"closed","ping_status":"closed","template":"","meta":[],"_links":{"self":[{"href":"https:\/\/saraviafrias.com\/zh_CN\/wp-json\/wp\/v2\/pages\/746"}],"collection":[{"href":"https:\/\/saraviafrias.com\/zh_CN\/wp-json\/wp\/v2\/pages"}],"about":[{"href":"https:\/\/saraviafrias.com\/zh_CN\/wp-json\/wp\/v2\/types\/page"}],"author":[{"embeddable":true,"href":"https:\/\/saraviafrias.com\/zh_CN\/wp-json\/wp\/v2\/users\/1"}],"replies":[{"embeddable":true,"href":"https:\/\/saraviafrias.com\/zh_CN\/wp-json\/wp\/v2\/comments?post=746"}],"version-history":[{"count":4,"href":"https:\/\/saraviafrias.com\/zh_CN\/wp-json\/wp\/v2\/pages\/746\/revisions"}],"predecessor-version":[{"id":1626,"href":"https:\/\/saraviafrias.com\/zh_CN\/wp-json\/wp\/v2\/pages\/746\/revisions\/1626"}],"wp:attachment":[{"href":"https:\/\/saraviafrias.com\/zh_CN\/wp-json\/wp\/v2\/media?parent=746"}],"curies":[{"name":"wp","href":"https:\/\/api.w.org\/{rel}","templated":true}]}}