{"id":725,"date":"2020-09-30T16:27:29","date_gmt":"2020-09-30T19:27:29","guid":{"rendered":"https:\/\/saraviafrias.com\/?page_id=725"},"modified":"2021-05-24T15:13:00","modified_gmt":"2021-05-24T15:13:00","slug":"constitucional-administrativo","status":"publish","type":"page","link":"https:\/\/saraviafrias.com\/zh_CN\/constitucional-administrativo\/","title":{"rendered":"Constitucional y Administrativo"},"content":{"rendered":"[vc_row type=&#8221;in_container&#8221; full_screen_row_position=&#8221;middle&#8221; column_margin=&#8221;default&#8221; column_direction=&#8221;default&#8221; column_direction_tablet=&#8221;default&#8221; column_direction_phone=&#8221;default&#8221; scene_position=&#8221;center&#8221; top_padding=&#8221;100&#8243; text_color=&#8221;dark&#8221; text_align=&#8221;left&#8221; row_border_radius=&#8221;none&#8221; row_border_radius_applies=&#8221;bg&#8221; overlay_strength=&#8221;0.3&#8243; gradient_direction=&#8221;left_to_right&#8221; shape_divider_position=&#8221;bottom&#8221; bg_image_animation=&#8221;none&#8221; shape_type=&#8221;&#8221;][vc_column column_padding=&#8221;no-extra-padding&#8221; column_padding_tablet=&#8221;inherit&#8221; column_padding_phone=&#8221;inherit&#8221; column_padding_position=&#8221;all&#8221; column_element_spacing=&#8221;default&#8221; background_color_opacity=&#8221;1&#8243; background_hover_color_opacity=&#8221;1&#8243; column_shadow=&#8221;none&#8221; column_border_radius=&#8221;none&#8221; column_link_target=&#8221;_self&#8221; gradient_direction=&#8221;left_to_right&#8221; overlay_strength=&#8221;0.3&#8243; width=&#8221;1\/1&#8243; tablet_width_inherit=&#8221;default&#8221; tablet_text_alignment=&#8221;default&#8221; phone_text_alignment=&#8221;default&#8221; bg_image_animation=&#8221;none&#8221; border_type=&#8221;simple&#8221; column_border_width=&#8221;none&#8221; column_border_style=&#8221;solid&#8221;][vc_column_text]\n<h1><b>Constitucional y Administrativo<\/b><\/h1>\n[\/vc_column_text][\/vc_column][\/vc_row][vc_row type=&#8221;in_container&#8221; full_screen_row_position=&#8221;middle&#8221; column_margin=&#8221;default&#8221; column_direction=&#8221;default&#8221; column_direction_tablet=&#8221;default&#8221; column_direction_phone=&#8221;default&#8221; scene_position=&#8221;center&#8221; text_color=&#8221;dark&#8221; text_align=&#8221;left&#8221; row_border_radius=&#8221;none&#8221; row_border_radius_applies=&#8221;bg&#8221; overlay_strength=&#8221;0.3&#8243; gradient_direction=&#8221;left_to_right&#8221; shape_divider_position=&#8221;bottom&#8221; bg_image_animation=&#8221;none&#8221;][vc_column column_padding=&#8221;no-extra-padding&#8221; column_padding_tablet=&#8221;inherit&#8221; column_padding_phone=&#8221;inherit&#8221; column_padding_position=&#8221;all&#8221; column_element_spacing=&#8221;default&#8221; background_color_opacity=&#8221;1&#8243; background_hover_color_opacity=&#8221;1&#8243; column_shadow=&#8221;none&#8221; column_border_radius=&#8221;none&#8221; column_link_target=&#8221;_self&#8221; gradient_direction=&#8221;left_to_right&#8221; overlay_strength=&#8221;0.3&#8243; width=&#8221;1\/2&#8243; tablet_width_inherit=&#8221;default&#8221; tablet_text_alignment=&#8221;default&#8221; phone_text_alignment=&#8221;default&#8221; bg_image_animation=&#8221;none&#8221; border_type=&#8221;simple&#8221; column_border_width=&#8221;none&#8221; column_border_style=&#8221;solid&#8221;][vc_column_text]\n<h3>Referentes en Derecho Constitucional, Administrativo y en Regulaci\u00f3n Econ\u00f3mica. Nos respaldan una s\u00f3lida formaci\u00f3n acad\u00e9mica y el decisivo paso por la Procuraci\u00f3n del Tesoro, principal asesor legal del Poder Ejecutivo Nacional.<\/h3>\n<p><a role=\"button\" href=\"\/categorias\/\"> + Ver Todas las \u00c1reas de Pr\u00e1ctica <\/a><\/p>\n<p><a role=\"button\" href=\"mailto:contacto@saraviafrias.com\">Cont\u00e1ctenos<\/a>[\/vc_column_text][\/vc_column][vc_column column_padding=&#8221;no-extra-padding&#8221; column_padding_tablet=&#8221;inherit&#8221; column_padding_phone=&#8221;inherit&#8221; column_padding_position=&#8221;all&#8221; column_element_spacing=&#8221;default&#8221; background_color_opacity=&#8221;1&#8243; background_hover_color_opacity=&#8221;1&#8243; column_shadow=&#8221;none&#8221; column_border_radius=&#8221;none&#8221; column_link_target=&#8221;_self&#8221; gradient_direction=&#8221;left_to_right&#8221; overlay_strength=&#8221;0.3&#8243; width=&#8221;1\/2&#8243; tablet_width_inherit=&#8221;default&#8221; tablet_text_alignment=&#8221;default&#8221; phone_text_alignment=&#8221;default&#8221; bg_image_animation=&#8221;none&#8221; border_type=&#8221;simple&#8221; column_border_width=&#8221;none&#8221; column_border_style=&#8221;solid&#8221;][vc_column_text]\n<ul>\n<li>Litigios estructurales y de relevancia institucional y econ\u00f3mica<\/li>\n<li>Financiamiento p\u00fablico y reestructuraci\u00f3n de deuda soberana<\/li>\n<li>Opiniones legales sobre regulaciones de actividades econ\u00f3micas<\/li>\n<li>Asesoramiento en licitaciones p\u00fablicas y contrataciones administrativas<\/li>\n<li>Renegociaci\u00f3n de contratos administrativos<\/li>\n<li>Asesoramiento integral en concesiones de obras y servicios p\u00fablicos<\/li>\n<li>Relaciones institucionales y representaci\u00f3n ante a autoridades p\u00fablicas<\/li>\n<li>Tramitaci\u00f3n de licencias y permisos<\/li>\n<li>Revisi\u00f3n de marcos regulatorios<\/li>\n<li>Elaboraci\u00f3n\u00a0 proyectos normativos<\/li>\n<li>Recursos y reclamos administrativos<\/li>\n<li>Proyectos de iniciativa privada y financiamiento de infraestructura p\u00fablica<\/li>\n<li>Acceso a la informaci\u00f3n p\u00fablica y datos personales<\/li>\n<\/ul>\n[\/vc_column_text][\/vc_column][\/vc_row]\n","protected":false},"excerpt":{"rendered":"<p>&#8230;<\/p>\n","protected":false},"author":1,"featured_media":0,"parent":0,"menu_order":0,"comment_status":"closed","ping_status":"closed","template":"","meta":[],"_links":{"self":[{"href":"https:\/\/saraviafrias.com\/zh_CN\/wp-json\/wp\/v2\/pages\/725"}],"collection":[{"href":"https:\/\/saraviafrias.com\/zh_CN\/wp-json\/wp\/v2\/pages"}],"about":[{"href":"https:\/\/saraviafrias.com\/zh_CN\/wp-json\/wp\/v2\/types\/page"}],"author":[{"embeddable":true,"href":"https:\/\/saraviafrias.com\/zh_CN\/wp-json\/wp\/v2\/users\/1"}],"replies":[{"embeddable":true,"href":"https:\/\/saraviafrias.com\/zh_CN\/wp-json\/wp\/v2\/comments?post=725"}],"version-history":[{"count":19,"href":"https:\/\/saraviafrias.com\/zh_CN\/wp-json\/wp\/v2\/pages\/725\/revisions"}],"predecessor-version":[{"id":1617,"href":"https:\/\/saraviafrias.com\/zh_CN\/wp-json\/wp\/v2\/pages\/725\/revisions\/1617"}],"wp:attachment":[{"href":"https:\/\/saraviafrias.com\/zh_CN\/wp-json\/wp\/v2\/media?parent=725"}],"curies":[{"name":"wp","href":"https:\/\/api.w.org\/{rel}","templated":true}]}}