{"id":851,"date":"2020-10-01T18:27:54","date_gmt":"2020-10-01T21:27:54","guid":{"rendered":"https:\/\/saraviafrias.com\/?page_id=851"},"modified":"2025-11-27T18:54:06","modified_gmt":"2025-11-27T18:54:06","slug":"manuel-alderete","status":"publish","type":"page","link":"https:\/\/saraviafrias.com\/es_ES\/manuel-alderete\/","title":{"rendered":"Manuel Alderete"},"content":{"rendered":"[vc_row type=&#8221;in_container&#8221; full_screen_row_position=&#8221;middle&#8221; column_margin=&#8221;default&#8221; column_direction=&#8221;default&#8221; column_direction_tablet=&#8221;default&#8221; column_direction_phone=&#8221;default&#8221; scene_position=&#8221;center&#8221; top_padding=&#8221;100&#8243; text_color=&#8221;dark&#8221; text_align=&#8221;left&#8221; row_border_radius=&#8221;none&#8221; row_border_radius_applies=&#8221;bg&#8221; overlay_strength=&#8221;0.3&#8243; gradient_direction=&#8221;left_to_right&#8221; shape_divider_position=&#8221;bottom&#8221; bg_image_animation=&#8221;none&#8221; shape_type=&#8221;&#8221;][vc_column column_padding=&#8221;no-extra-padding&#8221; column_padding_tablet=&#8221;inherit&#8221; column_padding_phone=&#8221;inherit&#8221; column_padding_position=&#8221;all&#8221; column_element_spacing=&#8221;default&#8221; background_color_opacity=&#8221;1&#8243; background_hover_color_opacity=&#8221;1&#8243; column_shadow=&#8221;none&#8221; column_border_radius=&#8221;none&#8221; column_link_target=&#8221;_self&#8221; gradient_direction=&#8221;left_to_right&#8221; overlay_strength=&#8221;0.3&#8243; width=&#8221;1\/3&#8243; tablet_width_inherit=&#8221;default&#8221; tablet_text_alignment=&#8221;default&#8221; phone_text_alignment=&#8221;default&#8221; bg_image_animation=&#8221;none&#8221; border_type=&#8221;simple&#8221; column_border_width=&#8221;none&#8221; column_border_style=&#8221;solid&#8221;][vc_column_text]<img loading=\"lazy\" class=\"alignnone size-large wp-image-2537\" src=\"https:\/\/saraviafrias.com\/wp-content\/uploads\/2025\/11\/Manuel-Alderet-1024x1024.png\" alt=\"\" width=\"1024\" height=\"1024\" srcset=\"https:\/\/saraviafrias.com\/wp-content\/uploads\/2025\/11\/Manuel-Alderet-1024x1024.png 1024w, https:\/\/saraviafrias.com\/wp-content\/uploads\/2025\/11\/Manuel-Alderet-300x300.png 300w, https:\/\/saraviafrias.com\/wp-content\/uploads\/2025\/11\/Manuel-Alderet-150x150.png 150w, https:\/\/saraviafrias.com\/wp-content\/uploads\/2025\/11\/Manuel-Alderet-768x768.png 768w, https:\/\/saraviafrias.com\/wp-content\/uploads\/2025\/11\/Manuel-Alderet-100x100.png 100w, https:\/\/saraviafrias.com\/wp-content\/uploads\/2025\/11\/Manuel-Alderet-140x140.png 140w, https:\/\/saraviafrias.com\/wp-content\/uploads\/2025\/11\/Manuel-Alderet-500x500.png 500w, https:\/\/saraviafrias.com\/wp-content\/uploads\/2025\/11\/Manuel-Alderet-350x350.png 350w, https:\/\/saraviafrias.com\/wp-content\/uploads\/2025\/11\/Manuel-Alderet-1000x1000.png 1000w, https:\/\/saraviafrias.com\/wp-content\/uploads\/2025\/11\/Manuel-Alderet-800x800.png 800w, https:\/\/saraviafrias.com\/wp-content\/uploads\/2025\/11\/Manuel-Alderet.png 1080w\" sizes=\"(max-width: 1024px) 100vw, 1024px\" \/>[\/vc_column_text][\/vc_column][vc_column column_padding=&#8221;no-extra-padding&#8221; column_padding_tablet=&#8221;inherit&#8221; column_padding_phone=&#8221;inherit&#8221; column_padding_position=&#8221;all&#8221; column_element_spacing=&#8221;default&#8221; background_color_opacity=&#8221;1&#8243; background_hover_color_opacity=&#8221;1&#8243; column_shadow=&#8221;none&#8221; column_border_radius=&#8221;none&#8221; column_link_target=&#8221;_self&#8221; gradient_direction=&#8221;left_to_right&#8221; overlay_strength=&#8221;0.3&#8243; width=&#8221;2\/3&#8243; tablet_width_inherit=&#8221;default&#8221; tablet_text_alignment=&#8221;default&#8221; phone_text_alignment=&#8221;default&#8221; bg_image_animation=&#8221;none&#8221; border_type=&#8221;simple&#8221; column_border_width=&#8221;none&#8221; column_border_style=&#8221;solid&#8221;][vc_column_text]\n<h1>Manuel Alderete<\/h1>\n<h3>Asociado<\/h3>\n<p>Es abogado y Magister en Derecho Administrativo por la Universidad Austral, donde obtuvo distinci\u00f3n acad\u00e9mica y un premio por tesis destacada.<\/p>\n<p>En 2024 fue seleccionado por el gobierno del Reino Unido como Chevening Scholar, lo que le permiti\u00f3 especializarse en la University of Dundee, Escocia donde obtuvo un Master in International Minerals and Energy Law (LLM) con honores.<\/p>\n<p>Su pr\u00e1ctica se centra en derecho administrativo, regulaci\u00f3n energ\u00e9tica y minera, elaboraci\u00f3n de marcos normativos, est\u00e1ndares ESG y asesoramiento jur\u00eddico en proyectos de petr\u00f3leo, gas, miner\u00eda y energ\u00edas renovables.<\/p>\n<p>Posee experiencia en el sector p\u00fablico, donde se desempe\u00f1\u00f3 como Jefe de Gabinete de la Procuraci\u00f3n del Tesoro de la Naci\u00f3n, interviniendo en estrategias regulatorias, arbitrajes internacionales y coordinaci\u00f3n jur\u00eddica con organismos federales. En el \u00e1mbito privado trabaj\u00f3 en estudios especializados en energ\u00eda, petr\u00f3leo, gas, miner\u00eda y servicios p\u00fablicos.<\/p>\n<p>Brinda asesoramiento en sus \u00e1reas de pr\u00e1ctica a organismos p\u00fablicos y compa\u00f1\u00edas de distintos sectores, en particular del \u00e1mbito energ\u00e9tico y minero.<\/p>\n<p>Es profesor de Derecho Administrativo en la Universidad Austral, la Universidad Cat\u00f3lica de Salta y la Universidad del Museo Social Argentino. Ha publicado art\u00edculos y trabajos en revistas especializadas en derecho p\u00fablico y privado.<\/p>\n<p>Idiomas: espa\u00f1ol e ingl\u00e9s.<\/p>\n<h4>CONTACTO: <a href=\"mailto:malderete@saraviafrias.com\">malderete@saraviafrias.com<\/a><\/h4>\n[\/vc_column_text][\/vc_column][\/vc_row]\n","protected":false},"excerpt":{"rendered":"<p>[vc_row type=&#8221;in_container&#8221; full_screen_row_position=&#8221;middle&#8221; column_margin=&#8221;default&#8221; column_direction=&#8221;default&#8221; column_direction_tablet=&#8221;default&#8221; column_direction_phone=&#8221;default&#8221; scene_position=&#8221;center&#8221; top_padding=&#8221;100&#8243; text_color=&#8221;dark&#8221; text_align&#8230;<\/p>\n","protected":false},"author":1,"featured_media":0,"parent":0,"menu_order":0,"comment_status":"closed","ping_status":"closed","template":"","meta":[],"_links":{"self":[{"href":"https:\/\/saraviafrias.com\/es_ES\/wp-json\/wp\/v2\/pages\/851"}],"collection":[{"href":"https:\/\/saraviafrias.com\/es_ES\/wp-json\/wp\/v2\/pages"}],"about":[{"href":"https:\/\/saraviafrias.com\/es_ES\/wp-json\/wp\/v2\/types\/page"}],"author":[{"embeddable":true,"href":"https:\/\/saraviafrias.com\/es_ES\/wp-json\/wp\/v2\/users\/1"}],"replies":[{"embeddable":true,"href":"https:\/\/saraviafrias.com\/es_ES\/wp-json\/wp\/v2\/comments?post=851"}],"version-history":[{"count":12,"href":"https:\/\/saraviafrias.com\/es_ES\/wp-json\/wp\/v2\/pages\/851\/revisions"}],"predecessor-version":[{"id":2543,"href":"https:\/\/saraviafrias.com\/es_ES\/wp-json\/wp\/v2\/pages\/851\/revisions\/2543"}],"wp:attachment":[{"href":"https:\/\/saraviafrias.com\/es_ES\/wp-json\/wp\/v2\/media?parent=851"}],"curies":[{"name":"wp","href":"https:\/\/api.w.org\/{rel}","templated":true}]}}