{"id":841,"date":"2020-10-01T18:22:02","date_gmt":"2020-10-01T21:22:02","guid":{"rendered":"https:\/\/saraviafrias.com\/?page_id=841"},"modified":"2024-07-30T15:47:41","modified_gmt":"2024-07-30T15:47:41","slug":"ines-saravia-frias","status":"publish","type":"page","link":"https:\/\/saraviafrias.com\/es_ES\/ines-saravia-frias\/","title":{"rendered":"In\u00e9s Saravia Fr\u00edas"},"content":{"rendered":"[vc_row type=&#8221;in_container&#8221; full_screen_row_position=&#8221;middle&#8221; column_margin=&#8221;default&#8221; column_direction=&#8221;default&#8221; column_direction_tablet=&#8221;default&#8221; column_direction_phone=&#8221;default&#8221; scene_position=&#8221;center&#8221; top_padding=&#8221;100&#8243; text_color=&#8221;dark&#8221; text_align=&#8221;left&#8221; row_border_radius=&#8221;none&#8221; row_border_radius_applies=&#8221;bg&#8221; overlay_strength=&#8221;0.3&#8243; gradient_direction=&#8221;left_to_right&#8221; shape_divider_position=&#8221;bottom&#8221; bg_image_animation=&#8221;none&#8221; shape_type=&#8221;&#8221;][vc_column column_padding=&#8221;no-extra-padding&#8221; column_padding_tablet=&#8221;inherit&#8221; column_padding_phone=&#8221;inherit&#8221; column_padding_position=&#8221;all&#8221; column_element_spacing=&#8221;default&#8221; background_color_opacity=&#8221;1&#8243; background_hover_color_opacity=&#8221;1&#8243; column_shadow=&#8221;none&#8221; column_border_radius=&#8221;none&#8221; column_link_target=&#8221;_self&#8221; gradient_direction=&#8221;left_to_right&#8221; overlay_strength=&#8221;0.3&#8243; width=&#8221;1\/3&#8243; tablet_width_inherit=&#8221;default&#8221; tablet_text_alignment=&#8221;default&#8221; phone_text_alignment=&#8221;default&#8221; bg_image_animation=&#8221;none&#8221; border_type=&#8221;simple&#8221; column_border_width=&#8221;none&#8221; column_border_style=&#8221;solid&#8221;][vc_column_text]<img loading=\"lazy\" class=\"alignnone wp-image-2157 size-large\" src=\"https:\/\/saraviafrias.com\/wp-content\/uploads\/2024\/07\/INES-SARAVIA-FRIAS-1024x1024.jpg\" alt=\"\" width=\"1024\" height=\"1024\" srcset=\"https:\/\/saraviafrias.com\/wp-content\/uploads\/2024\/07\/INES-SARAVIA-FRIAS-1024x1024.jpg 1024w, https:\/\/saraviafrias.com\/wp-content\/uploads\/2024\/07\/INES-SARAVIA-FRIAS-300x300.jpg 300w, https:\/\/saraviafrias.com\/wp-content\/uploads\/2024\/07\/INES-SARAVIA-FRIAS-150x150.jpg 150w, https:\/\/saraviafrias.com\/wp-content\/uploads\/2024\/07\/INES-SARAVIA-FRIAS-768x768.jpg 768w, https:\/\/saraviafrias.com\/wp-content\/uploads\/2024\/07\/INES-SARAVIA-FRIAS-1536x1536.jpg 1536w, https:\/\/saraviafrias.com\/wp-content\/uploads\/2024\/07\/INES-SARAVIA-FRIAS-100x100.jpg 100w, https:\/\/saraviafrias.com\/wp-content\/uploads\/2024\/07\/INES-SARAVIA-FRIAS-140x140.jpg 140w, https:\/\/saraviafrias.com\/wp-content\/uploads\/2024\/07\/INES-SARAVIA-FRIAS-500x500.jpg 500w, https:\/\/saraviafrias.com\/wp-content\/uploads\/2024\/07\/INES-SARAVIA-FRIAS-350x350.jpg 350w, https:\/\/saraviafrias.com\/wp-content\/uploads\/2024\/07\/INES-SARAVIA-FRIAS-1000x1000.jpg 1000w, https:\/\/saraviafrias.com\/wp-content\/uploads\/2024\/07\/INES-SARAVIA-FRIAS-800x800.jpg 800w, https:\/\/saraviafrias.com\/wp-content\/uploads\/2024\/07\/INES-SARAVIA-FRIAS.jpg 1600w\" sizes=\"(max-width: 1024px) 100vw, 1024px\" \/>[\/vc_column_text][\/vc_column][vc_column column_padding=&#8221;no-extra-padding&#8221; column_padding_tablet=&#8221;inherit&#8221; column_padding_phone=&#8221;inherit&#8221; column_padding_position=&#8221;all&#8221; column_element_spacing=&#8221;default&#8221; background_color_opacity=&#8221;1&#8243; background_hover_color_opacity=&#8221;1&#8243; column_shadow=&#8221;none&#8221; column_border_radius=&#8221;none&#8221; column_link_target=&#8221;_self&#8221; gradient_direction=&#8221;left_to_right&#8221; overlay_strength=&#8221;0.3&#8243; width=&#8221;2\/3&#8243; tablet_width_inherit=&#8221;default&#8221; tablet_text_alignment=&#8221;default&#8221; phone_text_alignment=&#8221;default&#8221; bg_image_animation=&#8221;none&#8221; border_type=&#8221;simple&#8221; column_border_width=&#8221;none&#8221; column_border_style=&#8221;solid&#8221;][vc_column_text]\n<h1><b>In\u00e9s Saravia Fr\u00edas<br \/>\n<\/b><\/h1>\n<h3>Socia<\/h3>\n<p>Abogada por la Universidad de Buenos Aires y Magister en Derecho empresarial por la Universidad Austral.<\/p>\n<p>Realiz\u00f3 diversas publicaciones en revistas jur\u00eddicas sobre temas relaciones al derecho energ\u00e9tico, miner\u00eda e hidrocarburos, ley de glaciares, estabilidad tributaria y fiscal en mineria, entre otros.<\/p>\n<p>Estuvo a cargo del departamento legal de Valle de las Le\u00f1as S.A y de NDM Holding<\/p>\n<p>Fue asesora de los estudios jur\u00eddicos Hope, Duggan &amp; Silva y Marval, O\u00b4Farrell &amp; Mairal donde se desempe\u00f1\u00f3 en \u00e1reas de derecho societario, gobierno corporativo y brind\u00f3 asesoramiento a entidades financieras en el \u00e1rea contenciosa y de resoluci\u00f3n de conflictos.<\/p>\n<p>Actualmente se especializa en asesoramiento jur\u00eddico a empresas nacionales e internacionales que desarrollan actividades mineras en Argentina y en pa\u00edses de Latinoam\u00e9rica.<\/p>\n<p>IDIOMA: espa\u00f1ol e ingl\u00e9s. Nivel A1 alem\u00e1n.<\/p>\n<h4>Contacto: <a href=\"mailto:isf@saraviafrias.com\">isf@saraviafrias.com<\/a><\/h4>\n[\/vc_column_text][\/vc_column][\/vc_row]\n","protected":false},"excerpt":{"rendered":"<p>[vc_row type=&#8221;in_container&#8221; full_screen_row_position=&#8221;middle&#8221; column_margin=&#8221;default&#8221; column_direction=&#8221;default&#8221; column_direction_tablet=&#8221;default&#8221; column_direction_phone=&#8221;default&#8221; scene_position=&#8221;center&#8221; top_padding=&#8221;100&#8243; text_color=&#8221;dark&#8221; text_align&#8230;<\/p>\n","protected":false},"author":1,"featured_media":0,"parent":0,"menu_order":0,"comment_status":"closed","ping_status":"closed","template":"","meta":[],"_links":{"self":[{"href":"https:\/\/saraviafrias.com\/es_ES\/wp-json\/wp\/v2\/pages\/841"}],"collection":[{"href":"https:\/\/saraviafrias.com\/es_ES\/wp-json\/wp\/v2\/pages"}],"about":[{"href":"https:\/\/saraviafrias.com\/es_ES\/wp-json\/wp\/v2\/types\/page"}],"author":[{"embeddable":true,"href":"https:\/\/saraviafrias.com\/es_ES\/wp-json\/wp\/v2\/users\/1"}],"replies":[{"embeddable":true,"href":"https:\/\/saraviafrias.com\/es_ES\/wp-json\/wp\/v2\/comments?post=841"}],"version-history":[{"count":16,"href":"https:\/\/saraviafrias.com\/es_ES\/wp-json\/wp\/v2\/pages\/841\/revisions"}],"predecessor-version":[{"id":2212,"href":"https:\/\/saraviafrias.com\/es_ES\/wp-json\/wp\/v2\/pages\/841\/revisions\/2212"}],"wp:attachment":[{"href":"https:\/\/saraviafrias.com\/es_ES\/wp-json\/wp\/v2\/media?parent=841"}],"curies":[{"name":"wp","href":"https:\/\/api.w.org\/{rel}","templated":true}]}}