{"id":835,"date":"2020-10-01T18:17:42","date_gmt":"2020-10-01T21:17:42","guid":{"rendered":"https:\/\/saraviafrias.com\/?page_id=835"},"modified":"2024-07-27T21:32:19","modified_gmt":"2024-07-27T21:32:19","slug":"lucas-peres","status":"publish","type":"page","link":"https:\/\/saraviafrias.com\/es_ES\/lucas-peres\/","title":{"rendered":"Lucas P\u00e9r\u00e8s"},"content":{"rendered":"[vc_row type=&#8221;in_container&#8221; full_screen_row_position=&#8221;middle&#8221; column_margin=&#8221;default&#8221; column_direction=&#8221;default&#8221; column_direction_tablet=&#8221;default&#8221; column_direction_phone=&#8221;default&#8221; scene_position=&#8221;center&#8221; top_padding=&#8221;100&#8243; text_color=&#8221;dark&#8221; text_align=&#8221;left&#8221; row_border_radius=&#8221;none&#8221; row_border_radius_applies=&#8221;bg&#8221; overlay_strength=&#8221;0.3&#8243; gradient_direction=&#8221;left_to_right&#8221; shape_divider_position=&#8221;bottom&#8221; bg_image_animation=&#8221;none&#8221; shape_type=&#8221;&#8221;][vc_column column_padding=&#8221;no-extra-padding&#8221; column_padding_tablet=&#8221;inherit&#8221; column_padding_phone=&#8221;inherit&#8221; column_padding_position=&#8221;all&#8221; column_element_spacing=&#8221;default&#8221; background_color_opacity=&#8221;1&#8243; background_hover_color_opacity=&#8221;1&#8243; column_shadow=&#8221;none&#8221; column_border_radius=&#8221;none&#8221; column_link_target=&#8221;_self&#8221; gradient_direction=&#8221;left_to_right&#8221; overlay_strength=&#8221;0.3&#8243; width=&#8221;1\/3&#8243; tablet_width_inherit=&#8221;default&#8221; tablet_text_alignment=&#8221;default&#8221; phone_text_alignment=&#8221;default&#8221; bg_image_animation=&#8221;none&#8221; border_type=&#8221;simple&#8221; column_border_width=&#8221;none&#8221; column_border_style=&#8221;solid&#8221;][vc_column_text]\n<p><img loading=\"lazy\" class=\"alignnone size-full wp-image-910\" src=\"https:\/\/saraviafrias.com\/wp-content\/uploads\/2020\/10\/Staff-grandes-12.jpg\" alt=\"\" width=\"794\" height=\"794\" srcset=\"https:\/\/saraviafrias.com\/wp-content\/uploads\/2020\/10\/Staff-grandes-12.jpg 794w, https:\/\/saraviafrias.com\/wp-content\/uploads\/2020\/10\/Staff-grandes-12-300x300.jpg 300w, https:\/\/saraviafrias.com\/wp-content\/uploads\/2020\/10\/Staff-grandes-12-150x150.jpg 150w, https:\/\/saraviafrias.com\/wp-content\/uploads\/2020\/10\/Staff-grandes-12-768x768.jpg 768w\" sizes=\"(max-width: 794px) 100vw, 794px\" \/><\/p>\n[\/vc_column_text][\/vc_column][vc_column column_padding=&#8221;no-extra-padding&#8221; column_padding_tablet=&#8221;inherit&#8221; column_padding_phone=&#8221;inherit&#8221; column_padding_position=&#8221;all&#8221; column_element_spacing=&#8221;default&#8221; background_color_opacity=&#8221;1&#8243; background_hover_color_opacity=&#8221;1&#8243; column_shadow=&#8221;none&#8221; column_border_radius=&#8221;none&#8221; column_link_target=&#8221;_self&#8221; gradient_direction=&#8221;left_to_right&#8221; overlay_strength=&#8221;0.3&#8243; width=&#8221;2\/3&#8243; tablet_width_inherit=&#8221;default&#8221; tablet_text_alignment=&#8221;default&#8221; phone_text_alignment=&#8221;default&#8221; bg_image_animation=&#8221;none&#8221; border_type=&#8221;simple&#8221; column_border_width=&#8221;none&#8221; column_border_style=&#8221;solid&#8221;][vc_column_text]\n<h1><b>Lucas P\u00e9r\u00e8s<br \/>\n<\/b><\/h1>\n<h3>Socio<\/h3>\n<p>Es Abogado egresado de la Universidad Austral. Cuenta con una maestri\u0301a en Derecho Empresario en la misma universidad y especializaciones en derecho americano en el Institute for U.S. Law y en la Universidad de Georgetown, en Washington D.C. (EEUU). Ha realizado estudios sobre prevenci\u00f3n de lavado de activos y financiamiento del terrorismo.<\/p>\n<p>Trabajo\u0301 en el Capitol Hill (Washington D.C.). Se ha especializado en derecho financiero, bancario, cambiario y de mercado de capitales, habiendo sido parte del departamento legal de BankBoston y Bank of America, donde tuvo a su cargo la Gerencia de Legales.<\/p>\n<p>Participa activamente en el sector financiero y bancario asesorando a entidades financieras y agentes registrados ante la Comisi\u00f3n Nacional de Valores en cuestiones regulatorias y en temas como emisi\u00f3n de valores negociables, pr\u00e9stamos sindicados, estructuras financieras, garant\u00edas internacionales y reestructuraci\u00f3n de pasivos; tambi\u00e9n en temas vinculados al control de cambios, incluyendo defensas de sumarios penales cambiarios. Finalmente, lleva adelante procesos judiciales y arbitrajes.<\/p>\n<p>IDIOMAS: espa\u00f1ol e ingl\u00e9s.<\/p>\n<h4>Contacto: <a href=\"mailto:lperes@saraviafrias.com\">lperes@saraviafrias.com<\/a><\/h4>\n[\/vc_column_text][\/vc_column][\/vc_row]\n","protected":false},"excerpt":{"rendered":"<p>[vc_row type=&#8221;in_container&#8221; full_screen_row_position=&#8221;middle&#8221; column_margin=&#8221;default&#8221; column_direction=&#8221;default&#8221; column_direction_tablet=&#8221;default&#8221; column_direction_phone=&#8221;default&#8221; scene_position=&#8221;center&#8221; top_padding=&#8221;100&#8243; text_color=&#8221;dark&#8221; text_align&#8230;<\/p>\n","protected":false},"author":1,"featured_media":0,"parent":0,"menu_order":0,"comment_status":"closed","ping_status":"closed","template":"","meta":[],"_links":{"self":[{"href":"https:\/\/saraviafrias.com\/es_ES\/wp-json\/wp\/v2\/pages\/835"}],"collection":[{"href":"https:\/\/saraviafrias.com\/es_ES\/wp-json\/wp\/v2\/pages"}],"about":[{"href":"https:\/\/saraviafrias.com\/es_ES\/wp-json\/wp\/v2\/types\/page"}],"author":[{"embeddable":true,"href":"https:\/\/saraviafrias.com\/es_ES\/wp-json\/wp\/v2\/users\/1"}],"replies":[{"embeddable":true,"href":"https:\/\/saraviafrias.com\/es_ES\/wp-json\/wp\/v2\/comments?post=835"}],"version-history":[{"count":9,"href":"https:\/\/saraviafrias.com\/es_ES\/wp-json\/wp\/v2\/pages\/835\/revisions"}],"predecessor-version":[{"id":2149,"href":"https:\/\/saraviafrias.com\/es_ES\/wp-json\/wp\/v2\/pages\/835\/revisions\/2149"}],"wp:attachment":[{"href":"https:\/\/saraviafrias.com\/es_ES\/wp-json\/wp\/v2\/media?parent=835"}],"curies":[{"name":"wp","href":"https:\/\/api.w.org\/{rel}","templated":true}]}}