{"id":833,"date":"2020-10-01T18:17:14","date_gmt":"2020-10-01T21:17:14","guid":{"rendered":"https:\/\/saraviafrias.com\/?page_id=833"},"modified":"2021-04-14T00:02:17","modified_gmt":"2021-04-14T00:02:17","slug":"julio-bullrich","status":"publish","type":"page","link":"https:\/\/saraviafrias.com\/es_ES\/julio-bullrich\/","title":{"rendered":"Julio Bullrich"},"content":{"rendered":"[vc_row type=&#8221;in_container&#8221; full_screen_row_position=&#8221;middle&#8221; column_margin=&#8221;default&#8221; column_direction=&#8221;default&#8221; column_direction_tablet=&#8221;default&#8221; column_direction_phone=&#8221;default&#8221; scene_position=&#8221;center&#8221; top_padding=&#8221;100&#8243; text_color=&#8221;dark&#8221; text_align=&#8221;left&#8221; row_border_radius=&#8221;none&#8221; row_border_radius_applies=&#8221;bg&#8221; overlay_strength=&#8221;0.3&#8243; gradient_direction=&#8221;left_to_right&#8221; shape_divider_position=&#8221;bottom&#8221; bg_image_animation=&#8221;none&#8221; shape_type=&#8221;&#8221;][vc_column column_padding=&#8221;no-extra-padding&#8221; column_padding_tablet=&#8221;inherit&#8221; column_padding_phone=&#8221;inherit&#8221; column_padding_position=&#8221;all&#8221; column_element_spacing=&#8221;default&#8221; background_color_opacity=&#8221;1&#8243; background_hover_color_opacity=&#8221;1&#8243; column_shadow=&#8221;none&#8221; column_border_radius=&#8221;none&#8221; column_link_target=&#8221;_self&#8221; gradient_direction=&#8221;left_to_right&#8221; overlay_strength=&#8221;0.3&#8243; width=&#8221;1\/3&#8243; tablet_width_inherit=&#8221;default&#8221; tablet_text_alignment=&#8221;default&#8221; phone_text_alignment=&#8221;default&#8221; bg_image_animation=&#8221;none&#8221; border_type=&#8221;simple&#8221; column_border_width=&#8221;none&#8221; column_border_style=&#8221;solid&#8221;][vc_column_text]\n<p><img loading=\"lazy\" class=\"alignnone size-full wp-image-907\" src=\"https:\/\/saraviafrias.com\/wp-content\/uploads\/2020\/10\/Staff-grandes-10.jpg\" alt=\"\" width=\"795\" height=\"794\" srcset=\"https:\/\/saraviafrias.com\/wp-content\/uploads\/2020\/10\/Staff-grandes-10.jpg 795w, https:\/\/saraviafrias.com\/wp-content\/uploads\/2020\/10\/Staff-grandes-10-300x300.jpg 300w, https:\/\/saraviafrias.com\/wp-content\/uploads\/2020\/10\/Staff-grandes-10-150x150.jpg 150w, https:\/\/saraviafrias.com\/wp-content\/uploads\/2020\/10\/Staff-grandes-10-768x767.jpg 768w\" sizes=\"(max-width: 795px) 100vw, 795px\" \/><\/p>\n[\/vc_column_text][\/vc_column][vc_column column_padding=&#8221;no-extra-padding&#8221; column_padding_tablet=&#8221;inherit&#8221; column_padding_phone=&#8221;inherit&#8221; column_padding_position=&#8221;all&#8221; column_element_spacing=&#8221;default&#8221; background_color_opacity=&#8221;1&#8243; background_hover_color_opacity=&#8221;1&#8243; column_shadow=&#8221;none&#8221; column_border_radius=&#8221;none&#8221; column_link_target=&#8221;_self&#8221; gradient_direction=&#8221;left_to_right&#8221; overlay_strength=&#8221;0.3&#8243; width=&#8221;2\/3&#8243; tablet_width_inherit=&#8221;default&#8221; tablet_text_alignment=&#8221;default&#8221; phone_text_alignment=&#8221;default&#8221; bg_image_animation=&#8221;none&#8221; border_type=&#8221;simple&#8221; column_border_width=&#8221;none&#8221; column_border_style=&#8221;solid&#8221;][vc_column_text]\n<h1><b>Julio Bullrich<br \/><\/b><\/h1>\n<h3>Asociado<\/h3>\n<p>Es Abogado por la Universidad Austral y curs\u00f3 la Maestr\u00eda en Derecho Empresario en la misma universidad.<\/p>\n<p>Tiene una amplia trayectoria como asesor legal en estudios jur\u00eddicos, bancos y empresas. En el sector p\u00fablico se desempe\u00f1\u00f3 como Jefe de Gabinete de la Direcci\u00f3n General de Emprendedores del Ministerio de Desarrollo Econ\u00f3mico de la Ciudad de Buenos Aires y como Jefe de Gabinete de la Subsecretar\u00eda de Financiamiento PYME del Ministerio de Producci\u00f3n de la Naci\u00f3n. Fue adem\u00e1s asesor del Directorio de la Comisi\u00f3n Nacional de Valores.<\/p>\n<p>Cuenta con una vasta experiencia en el asesoramiento a agentes del mercado financiero y empresas en cuestiones de financiamiento, emisi\u00f3n de obligaciones negociables y renegociaci\u00f3n de pasivos.<\/p>\n<p>IDIOMAS: Espa\u00f1ol e ingl\u00e9s.<\/p>\n[\/vc_column_text][\/vc_column][\/vc_row]\n","protected":false},"excerpt":{"rendered":"<p>[vc_row type=&#8221;in_container&#8221; full_screen_row_position=&#8221;middle&#8221; column_margin=&#8221;default&#8221; column_direction=&#8221;default&#8221; column_direction_tablet=&#8221;default&#8221; column_direction_phone=&#8221;default&#8221; scene_position=&#8221;center&#8221; top_padding=&#8221;100&#8243; text_color=&#8221;dark&#8221; text_al&#8230;<\/p>\n","protected":false},"author":1,"featured_media":0,"parent":0,"menu_order":0,"comment_status":"closed","ping_status":"closed","template":"","meta":[],"_links":{"self":[{"href":"https:\/\/saraviafrias.com\/es_ES\/wp-json\/wp\/v2\/pages\/833"}],"collection":[{"href":"https:\/\/saraviafrias.com\/es_ES\/wp-json\/wp\/v2\/pages"}],"about":[{"href":"https:\/\/saraviafrias.com\/es_ES\/wp-json\/wp\/v2\/types\/page"}],"author":[{"embeddable":true,"href":"https:\/\/saraviafrias.com\/es_ES\/wp-json\/wp\/v2\/users\/1"}],"replies":[{"embeddable":true,"href":"https:\/\/saraviafrias.com\/es_ES\/wp-json\/wp\/v2\/comments?post=833"}],"version-history":[{"count":6,"href":"https:\/\/saraviafrias.com\/es_ES\/wp-json\/wp\/v2\/pages\/833\/revisions"}],"predecessor-version":[{"id":1491,"href":"https:\/\/saraviafrias.com\/es_ES\/wp-json\/wp\/v2\/pages\/833\/revisions\/1491"}],"wp:attachment":[{"href":"https:\/\/saraviafrias.com\/es_ES\/wp-json\/wp\/v2\/media?parent=833"}],"curies":[{"name":"wp","href":"https:\/\/api.w.org\/{rel}","templated":true}]}}