{"id":820,"date":"2020-10-01T17:33:01","date_gmt":"2020-10-01T20:33:01","guid":{"rendered":"https:\/\/saraviafrias.com\/?page_id=820"},"modified":"2024-07-31T03:12:05","modified_gmt":"2024-07-31T03:12:05","slug":"bernardo-saravia-frias","status":"publish","type":"page","link":"https:\/\/saraviafrias.com\/es_ES\/bernardo-saravia-frias\/","title":{"rendered":"Bernardo Saravia Fr\u00edas"},"content":{"rendered":"[vc_row type=&#8221;in_container&#8221; full_screen_row_position=&#8221;middle&#8221; column_margin=&#8221;default&#8221; column_direction=&#8221;default&#8221; column_direction_tablet=&#8221;default&#8221; column_direction_phone=&#8221;default&#8221; scene_position=&#8221;center&#8221; top_padding=&#8221;100&#8243; text_color=&#8221;dark&#8221; text_align=&#8221;left&#8221; row_border_radius=&#8221;none&#8221; row_border_radius_applies=&#8221;bg&#8221; overlay_strength=&#8221;0.3&#8243; gradient_direction=&#8221;left_to_right&#8221; shape_divider_position=&#8221;bottom&#8221; bg_image_animation=&#8221;none&#8221; shape_type=&#8221;&#8221;][vc_column column_padding=&#8221;no-extra-padding&#8221; column_padding_tablet=&#8221;inherit&#8221; column_padding_phone=&#8221;inherit&#8221; column_padding_position=&#8221;all&#8221; column_element_spacing=&#8221;default&#8221; background_color_opacity=&#8221;1&#8243; background_hover_color_opacity=&#8221;1&#8243; column_shadow=&#8221;none&#8221; column_border_radius=&#8221;none&#8221; column_link_target=&#8221;_self&#8221; gradient_direction=&#8221;left_to_right&#8221; overlay_strength=&#8221;0.3&#8243; width=&#8221;1\/3&#8243; tablet_width_inherit=&#8221;default&#8221; tablet_text_alignment=&#8221;default&#8221; phone_text_alignment=&#8221;default&#8221; bg_image_animation=&#8221;none&#8221; border_type=&#8221;simple&#8221; column_border_width=&#8221;none&#8221; column_border_style=&#8221;solid&#8221;][vc_column_text]<img loading=\"lazy\" class=\"alignnone wp-image-899 size-full\" src=\"https:\/\/saraviafrias.com\/wp-content\/uploads\/2020\/10\/Staff-grandes-03.jpg\" alt=\"\" width=\"794\" height=\"795\" srcset=\"https:\/\/saraviafrias.com\/wp-content\/uploads\/2020\/10\/Staff-grandes-03.jpg 794w, https:\/\/saraviafrias.com\/wp-content\/uploads\/2020\/10\/Staff-grandes-03-300x300.jpg 300w, https:\/\/saraviafrias.com\/wp-content\/uploads\/2020\/10\/Staff-grandes-03-150x150.jpg 150w, https:\/\/saraviafrias.com\/wp-content\/uploads\/2020\/10\/Staff-grandes-03-768x769.jpg 768w\" sizes=\"(max-width: 794px) 100vw, 794px\" \/>[\/vc_column_text][\/vc_column][vc_column column_padding=&#8221;no-extra-padding&#8221; column_padding_tablet=&#8221;inherit&#8221; column_padding_phone=&#8221;inherit&#8221; column_padding_position=&#8221;all&#8221; column_element_spacing=&#8221;default&#8221; background_color_opacity=&#8221;1&#8243; background_hover_color_opacity=&#8221;1&#8243; column_shadow=&#8221;none&#8221; column_border_radius=&#8221;none&#8221; column_link_target=&#8221;_self&#8221; gradient_direction=&#8221;left_to_right&#8221; overlay_strength=&#8221;0.3&#8243; width=&#8221;2\/3&#8243; tablet_width_inherit=&#8221;default&#8221; tablet_text_alignment=&#8221;default&#8221; phone_text_alignment=&#8221;default&#8221; bg_image_animation=&#8221;none&#8221; border_type=&#8221;simple&#8221; column_border_width=&#8221;none&#8221; column_border_style=&#8221;solid&#8221;][vc_column_text]\n<h1><b>Bernardo Saravia Fr\u00edas<\/b><\/h1>\n<h3>Socio<\/h3>\n<p>Fue Procurador del Tesoro de la Nacio\u0301n Argentina y Secretario Legal y Administrativo del Ministerio de Hacienda de la Rep\u00fablica Argentina. Tuvo a su cargo la direccio\u0301n del cuerpo de abogados del Estado (m\u00e1s de cinco mil abogados), con un rol fundamental en cuestiones jur\u00eddicas estrat\u00e9gicas para el pa\u00eds.<\/p>\n<p>Es abogado egresado de la Universidad de Buenos Aires. Cuenta con un M\u00e1ster en Derecho Empresarial en la Universidad Austral y Master in Law (L.L.M, suma cum laude) de la University of Illinois, USA.<\/p>\n<p>Realiz\u00f3 estudios de especializaci\u00f3n en derecho comparado en Harvard Law School y de econom\u00eda y ciencias pol\u00edticas en\u00a0 ESEADE.<\/p>\n<p>Es profesor de Derecho Constitucional Profundizado, Derecho Empresario y Derecho Bancario en la Universidad Austral (Argentina).<\/p>\n<p>Escribi\u00f3 libros y decenas de art\u00edculos en diarios de gran circulaci\u00f3n y revistas de reconocido prestigio sobre temas de derecho privado, constitucional, administrativo y pol\u00edticas p\u00fablicas. Ha disertado en diferentes universidades y foros, locales y extranjeros.<\/p>\n<p>Ha actuado en el pa\u00eds y el exterior, en arbitrajes y litigios de alta complejidad. Asesora en cuestiones de derecho constitucional, administrativo, regulaci\u00f3n econ\u00f3mica y financiero. Tuvo a su cargo diferentes defensas de acciones de clase. Lider\u00f3 reestructuraciones de deuda p\u00fablica y privada.<\/p>\n<p>IDIOMAS: espa\u00f1ol, ingl\u00e9s y franc\u00e9s.<\/p>\n<h4>Contacto: <a href=\"mailto:bsf@saraviafrias.com\">bsf@saraviafrias.com<\/a><\/h4>\n[\/vc_column_text][\/vc_column][\/vc_row]\n","protected":false},"excerpt":{"rendered":"<p>[vc_row type=&#8221;in_container&#8221; full_screen_row_position=&#8221;middle&#8221; column_margin=&#8221;default&#8221; column_direction=&#8221;default&#8221; column_direction_tablet=&#8221;default&#8221; column_direction_phone=&#8221;default&#8221; scene_position=&#8221;center&#8221; top_padding=&#8221;100&#8243; text_color=&#8221;dark&#8221; text_align&#8230;<\/p>\n","protected":false},"author":1,"featured_media":0,"parent":0,"menu_order":0,"comment_status":"closed","ping_status":"closed","template":"","meta":[],"_links":{"self":[{"href":"https:\/\/saraviafrias.com\/es_ES\/wp-json\/wp\/v2\/pages\/820"}],"collection":[{"href":"https:\/\/saraviafrias.com\/es_ES\/wp-json\/wp\/v2\/pages"}],"about":[{"href":"https:\/\/saraviafrias.com\/es_ES\/wp-json\/wp\/v2\/types\/page"}],"author":[{"embeddable":true,"href":"https:\/\/saraviafrias.com\/es_ES\/wp-json\/wp\/v2\/users\/1"}],"replies":[{"embeddable":true,"href":"https:\/\/saraviafrias.com\/es_ES\/wp-json\/wp\/v2\/comments?post=820"}],"version-history":[{"count":20,"href":"https:\/\/saraviafrias.com\/es_ES\/wp-json\/wp\/v2\/pages\/820\/revisions"}],"predecessor-version":[{"id":2220,"href":"https:\/\/saraviafrias.com\/es_ES\/wp-json\/wp\/v2\/pages\/820\/revisions\/2220"}],"wp:attachment":[{"href":"https:\/\/saraviafrias.com\/es_ES\/wp-json\/wp\/v2\/media?parent=820"}],"curies":[{"name":"wp","href":"https:\/\/api.w.org\/{rel}","templated":true}]}}