{"id":755,"date":"2020-09-30T17:24:59","date_gmt":"2020-09-30T20:24:59","guid":{"rendered":"https:\/\/saraviafrias.com\/?page_id=755"},"modified":"2021-05-24T15:29:27","modified_gmt":"2021-05-24T15:29:27","slug":"renovables","status":"publish","type":"page","link":"https:\/\/saraviafrias.com\/es_ES\/renovables\/","title":{"rendered":"Renovables"},"content":{"rendered":"[vc_row type=&#8221;in_container&#8221; full_screen_row_position=&#8221;middle&#8221; column_margin=&#8221;default&#8221; column_direction=&#8221;default&#8221; column_direction_tablet=&#8221;default&#8221; column_direction_phone=&#8221;default&#8221; scene_position=&#8221;center&#8221; top_padding=&#8221;100&#8243; text_color=&#8221;dark&#8221; text_align=&#8221;left&#8221; row_border_radius=&#8221;none&#8221; row_border_radius_applies=&#8221;bg&#8221; overlay_strength=&#8221;0.3&#8243; gradient_direction=&#8221;left_to_right&#8221; shape_divider_position=&#8221;bottom&#8221; bg_image_animation=&#8221;none&#8221; shape_type=&#8221;&#8221;][vc_column column_padding=&#8221;no-extra-padding&#8221; column_padding_tablet=&#8221;inherit&#8221; column_padding_phone=&#8221;inherit&#8221; column_padding_position=&#8221;all&#8221; column_element_spacing=&#8221;default&#8221; background_color_opacity=&#8221;1&#8243; background_hover_color_opacity=&#8221;1&#8243; column_shadow=&#8221;none&#8221; column_border_radius=&#8221;none&#8221; column_link_target=&#8221;_self&#8221; gradient_direction=&#8221;left_to_right&#8221; overlay_strength=&#8221;0.3&#8243; width=&#8221;1\/1&#8243; tablet_width_inherit=&#8221;default&#8221; tablet_text_alignment=&#8221;default&#8221; phone_text_alignment=&#8221;default&#8221; bg_image_animation=&#8221;none&#8221; border_type=&#8221;simple&#8221; column_border_width=&#8221;none&#8221; column_border_style=&#8221;solid&#8221;][vc_column_text]\r\n<h1><b>Renovables<\/b><\/h1>\r\n[\/vc_column_text][\/vc_column][\/vc_row][vc_row type=&#8221;in_container&#8221; full_screen_row_position=&#8221;middle&#8221; column_margin=&#8221;default&#8221; column_direction=&#8221;default&#8221; column_direction_tablet=&#8221;default&#8221; column_direction_phone=&#8221;default&#8221; scene_position=&#8221;center&#8221; text_color=&#8221;dark&#8221; text_align=&#8221;left&#8221; row_border_radius=&#8221;none&#8221; row_border_radius_applies=&#8221;bg&#8221; overlay_strength=&#8221;0.3&#8243; gradient_direction=&#8221;left_to_right&#8221; shape_divider_position=&#8221;bottom&#8221; bg_image_animation=&#8221;none&#8221;][vc_column column_padding=&#8221;no-extra-padding&#8221; column_padding_tablet=&#8221;inherit&#8221; column_padding_phone=&#8221;inherit&#8221; column_padding_position=&#8221;all&#8221; column_element_spacing=&#8221;default&#8221; background_color_opacity=&#8221;1&#8243; background_hover_color_opacity=&#8221;1&#8243; column_shadow=&#8221;none&#8221; column_border_radius=&#8221;none&#8221; column_link_target=&#8221;_self&#8221; gradient_direction=&#8221;left_to_right&#8221; overlay_strength=&#8221;0.3&#8243; width=&#8221;1\/2&#8243; tablet_width_inherit=&#8221;default&#8221; tablet_text_alignment=&#8221;default&#8221; phone_text_alignment=&#8221;default&#8221; bg_image_animation=&#8221;none&#8221; border_type=&#8221;simple&#8221; column_border_width=&#8221;none&#8221; column_border_style=&#8221;solid&#8221;][vc_column_text]\r\n<h3>Expertise regulatorio nacional y local para apoyar la inversi\u00f3n, instalaci\u00f3n y desarrollo de infraestructuras de energ\u00edas renovables.<\/h3>\r\n[\/vc_column_text][vc_column_text]\r\n<p><!-- \/wp:paragraph --><a role=\"button\" href=\"\/categorias\/\"> + Ver todas las \u00c1reas de Pr\u00e1ctica <\/a><\/p>\r\n<p><a role=\"button\" href=\"mailto:contacto@saraviafrias.com\">Cont\u00e1ctenos <\/a><\/p>\r\n[\/vc_column_text][\/vc_column][vc_column column_padding=&#8221;no-extra-padding&#8221; column_padding_tablet=&#8221;inherit&#8221; column_padding_phone=&#8221;inherit&#8221; column_padding_position=&#8221;all&#8221; column_element_spacing=&#8221;default&#8221; background_color_opacity=&#8221;1&#8243; background_hover_color_opacity=&#8221;1&#8243; column_shadow=&#8221;none&#8221; column_border_radius=&#8221;none&#8221; column_link_target=&#8221;_self&#8221; gradient_direction=&#8221;left_to_right&#8221; overlay_strength=&#8221;0.3&#8243; width=&#8221;1\/2&#8243; tablet_width_inherit=&#8221;default&#8221; tablet_text_alignment=&#8221;default&#8221; phone_text_alignment=&#8221;default&#8221; bg_image_animation=&#8221;none&#8221; border_type=&#8221;simple&#8221; column_border_width=&#8221;none&#8221; column_border_style=&#8221;solid&#8221;][vc_column_text]\r\n<ul>\r\n<li>Asesoramiento a empresas en el marco normativo para la inversi\u00f3n en energ\u00edas renovables en el pa\u00eds<\/li>\r\n<li>Asistencia en licitaciones para la obtenci\u00f3n de contratos de abastecimiento<\/li>\r\n<li>Aspectos ambientales<\/li>\r\n<li>Obtenci\u00f3n de financiamiento para proyectos en el pa\u00eds<\/li>\r\n<li>Negociaci\u00f3n con titulares superficiales<\/li>\r\n<li>Tr\u00e1mite y obtenci\u00f3n de permisos nacionales, provinciales y municipales<\/li>\r\n<li>Asesoramiento en normativa nacional y local<\/li>\r\n<li>Asistencia en cuestiones vinculadas al Mercado El\u00e9ctrico Mayorista<\/li>\r\n<li>Representaci\u00f3n ante CAMMESA<\/li>\r\n<\/ul>\r\n[\/vc_column_text][\/vc_column][\/vc_row]","protected":false},"excerpt":{"rendered":"<p>[vc_row type=&#8221;in_container&#8221; full_screen_row_position=&#8221;middle&#8221; column_margin=&#8221;default&#8221; column_direction=&#8221;default&#8221; column_direction_tablet=&#8221;default&#8221; column_direction_phone=&#8221;default&#8221; scene_position=&#8221;center&#8221; top_padding=&#8221;100&#8243; text_color=&#8221;dark&#8221; text_al&#8230;<\/p>\n","protected":false},"author":1,"featured_media":0,"parent":0,"menu_order":0,"comment_status":"closed","ping_status":"closed","template":"","meta":[],"_links":{"self":[{"href":"https:\/\/saraviafrias.com\/es_ES\/wp-json\/wp\/v2\/pages\/755"}],"collection":[{"href":"https:\/\/saraviafrias.com\/es_ES\/wp-json\/wp\/v2\/pages"}],"about":[{"href":"https:\/\/saraviafrias.com\/es_ES\/wp-json\/wp\/v2\/types\/page"}],"author":[{"embeddable":true,"href":"https:\/\/saraviafrias.com\/es_ES\/wp-json\/wp\/v2\/users\/1"}],"replies":[{"embeddable":true,"href":"https:\/\/saraviafrias.com\/es_ES\/wp-json\/wp\/v2\/comments?post=755"}],"version-history":[{"count":3,"href":"https:\/\/saraviafrias.com\/es_ES\/wp-json\/wp\/v2\/pages\/755\/revisions"}],"predecessor-version":[{"id":1632,"href":"https:\/\/saraviafrias.com\/es_ES\/wp-json\/wp\/v2\/pages\/755\/revisions\/1632"}],"wp:attachment":[{"href":"https:\/\/saraviafrias.com\/es_ES\/wp-json\/wp\/v2\/media?parent=755"}],"curies":[{"name":"wp","href":"https:\/\/api.w.org\/{rel}","templated":true}]}}