{"id":634,"date":"2020-09-26T00:48:51","date_gmt":"2020-09-26T03:48:51","guid":{"rendered":"https:\/\/saraviafrias.com\/?page_id=634"},"modified":"2020-09-26T00:48:51","modified_gmt":"2020-09-26T03:48:51","slug":"areas-de-practica-4-columnas","status":"publish","type":"page","link":"https:\/\/saraviafrias.com\/es_ES\/areas-de-practica-4-columnas\/","title":{"rendered":"\u00c1reas de Pr\u00e1ctica 4 columnas"},"content":{"rendered":"<img width=\"2000\" height=\"200\" src=\"https:\/\/saraviafrias.com\/wp-content\/uploads\/2020\/09\/3-AGUA-b.jpg\" alt=\"\" loading=\"lazy\" srcset=\"https:\/\/saraviafrias.com\/wp-content\/uploads\/2020\/09\/3-AGUA-b.jpg 2000w, https:\/\/saraviafrias.com\/wp-content\/uploads\/2020\/09\/3-AGUA-b-300x30.jpg 300w, https:\/\/saraviafrias.com\/wp-content\/uploads\/2020\/09\/3-AGUA-b-1024x102.jpg 1024w, https:\/\/saraviafrias.com\/wp-content\/uploads\/2020\/09\/3-AGUA-b-768x77.jpg 768w, https:\/\/saraviafrias.com\/wp-content\/uploads\/2020\/09\/3-AGUA-b-1536x154.jpg 1536w\" sizes=\"(max-width: 2000px) 100vw, 2000px\" \/>\t\t\t\t\t\t\t\t\t\t\t\n\t\t<p><\/p>\n<p><b>\u00c1reas de pr\u00e1cticas<\/b><\/p>\n<p><\/p>\t\t\n\t\t\t\t\t\t\t\t\t\t<img width=\"466\" height=\"191\" src=\"https:\/\/saraviafrias.com\/wp-content\/uploads\/2020\/09\/etiquetes-01.png\" alt=\"\" loading=\"lazy\" srcset=\"https:\/\/saraviafrias.com\/wp-content\/uploads\/2020\/09\/etiquetes-01.png 466w, https:\/\/saraviafrias.com\/wp-content\/uploads\/2020\/09\/etiquetes-01-300x123.png 300w\" sizes=\"(max-width: 466px) 100vw, 466px\" \/>\t\t\t\t\t\t\t\t\t\t\t\n\t\t<p>Conocimiento del din\u00e1mico marco regulatorio nacional y provincial, que asegura \u00a0respuestas creativas para los desaf\u00edos de la exploraci\u00f3n y explotaci\u00f3n de hidrocarburos en todas sus etapas.<\/p>\t\t\n\t\t\t\t\t\t\t\t\t\t<img width=\"466\" height=\"192\" src=\"https:\/\/saraviafrias.com\/wp-content\/uploads\/2020\/09\/etiquetes-02.png\" alt=\"\" loading=\"lazy\" srcset=\"https:\/\/saraviafrias.com\/wp-content\/uploads\/2020\/09\/etiquetes-02.png 466w, https:\/\/saraviafrias.com\/wp-content\/uploads\/2020\/09\/etiquetes-02-300x124.png 300w\" sizes=\"(max-width: 466px) 100vw, 466px\" \/>\t\t\t\t\t\t\t\t\t\t\t\n\t\t<p>Referentes en Derecho Constitucional, Administrativo y en Regulaci\u00f3n Econ\u00f3mica. Nos respaldan una s\u00f3lida formaci\u00f3n acad\u00e9mica y el decisivo paso por la Procuraci\u00f3n del Tesoro, principal asesor legal del Poder Ejecutivo Nacional.a asegurar el eficaz desarrollo de proyectos mineros y energ\u00e9ticos en todas sus etapas.<\/p>\t\t\n\t\t\t\t\t\t\t\t\t\t<img width=\"466\" height=\"191\" src=\"https:\/\/saraviafrias.com\/wp-content\/uploads\/2020\/09\/etiquetes-03.png\" alt=\"\" loading=\"lazy\" srcset=\"https:\/\/saraviafrias.com\/wp-content\/uploads\/2020\/09\/etiquetes-03.png 466w, https:\/\/saraviafrias.com\/wp-content\/uploads\/2020\/09\/etiquetes-03-300x123.png 300w\" sizes=\"(max-width: 466px) 100vw, 466px\" \/>\t\t\t\t\t\t\t\t\t\t\t\n\t\t<p>Amplia experiencia en el \u00e1mbito del derecho bancario, financiero y mercado de capitales, afianzada en la direcci\u00f3n del departamento legal de una de las principales entidades financieras del mundo. Conocemos el sector, sus necesidades y urgencias.<\/p>\t\t\n\t\t\t\t\t\t\t\t\t\t<img width=\"466\" height=\"192\" src=\"https:\/\/saraviafrias.com\/wp-content\/uploads\/2020\/09\/etiquetes-04.png\" alt=\"\" loading=\"lazy\" srcset=\"https:\/\/saraviafrias.com\/wp-content\/uploads\/2020\/09\/etiquetes-04.png 466w, https:\/\/saraviafrias.com\/wp-content\/uploads\/2020\/09\/etiquetes-04-300x124.png 300w\" sizes=\"(max-width: 466px) 100vw, 466px\" \/>\t\t\t\t\t\t\t\t\t\t\t\n\t\t<p><em>Expertise<\/em> en asuntos contenciosos judiciales y arbitrales en el pa\u00eds y el exterior, con casos ante la Corte Suprema y fueros internacionales como el ICSID.<\/p>\n<p>Una red profesional en el interior nos asegura presencia en todo el territorio nacional. Alianzas en Latam, USA, Europa y China nos brindan proyecci\u00f3n global. <\/p>\t\t\n\t\t\t\t\t\t\t\t\t\t<img width=\"466\" height=\"191\" src=\"https:\/\/saraviafrias.com\/wp-content\/uploads\/2020\/09\/etiquetes-05.png\" alt=\"\" loading=\"lazy\" srcset=\"https:\/\/saraviafrias.com\/wp-content\/uploads\/2020\/09\/etiquetes-05.png 466w, https:\/\/saraviafrias.com\/wp-content\/uploads\/2020\/09\/etiquetes-05-300x123.png 300w\" sizes=\"(max-width: 466px) 100vw, 466px\" \/>\t\t\t\t\t\t\t\t\t\t\t\n\t\t<p>Asesoramos a empresas en el sector industrial y en especial a las industrias extractivas en relaci\u00f3n con el cumplimiento de la normativa ambiental tanto a nivel internacional como nacional en funci\u00f3n de las jurisdicciones locales donde las mismas operan<\/p>\t\t\n\t\t\t\t\t\t\t\t\t\t<img width=\"466\" height=\"191\" src=\"https:\/\/saraviafrias.com\/wp-content\/uploads\/2020\/09\/etiquetes-06.png\" alt=\"\" loading=\"lazy\" srcset=\"https:\/\/saraviafrias.com\/wp-content\/uploads\/2020\/09\/etiquetes-06.png 466w, https:\/\/saraviafrias.com\/wp-content\/uploads\/2020\/09\/etiquetes-06-300x123.png 300w\" sizes=\"(max-width: 466px) 100vw, 466px\" \/>\t\t\t\t\t\t\t\t\t\t\t\n\t\t<p>El Estudio cuenta con gran experiencia en materia corporativa, asesorando a clientes en la planificaci\u00f3n e implementaci\u00f3n de estructuras legales y en su posterior funcionamiento<\/p>\t\t\n\t\t\t\t\t\t\t\t\t\t<img width=\"466\" height=\"191\" src=\"https:\/\/saraviafrias.com\/wp-content\/uploads\/2020\/09\/etiquetes-07.png\" alt=\"\" loading=\"lazy\" srcset=\"https:\/\/saraviafrias.com\/wp-content\/uploads\/2020\/09\/etiquetes-07.png 466w, https:\/\/saraviafrias.com\/wp-content\/uploads\/2020\/09\/etiquetes-07-300x123.png 300w\" sizes=\"(max-width: 466px) 100vw, 466px\" \/>\t\t\t\t\t\t\t\t\t\t\t\n\t\t<p><em>Expertise<\/em> regulatorio nacional y local para apoyar la inversi\u00f3n, instalaci\u00f3n y desarrollo de infraestructuras de energ\u00edas renovables.<\/p>\t\t\n\t\t\t\t\t\t\t\t\t\t<img width=\"466\" height=\"191\" src=\"https:\/\/saraviafrias.com\/wp-content\/uploads\/2020\/09\/etiquetes-08.png\" alt=\"\" loading=\"lazy\" srcset=\"https:\/\/saraviafrias.com\/wp-content\/uploads\/2020\/09\/etiquetes-08.png 466w, https:\/\/saraviafrias.com\/wp-content\/uploads\/2020\/09\/etiquetes-08-300x123.png 300w\" sizes=\"(max-width: 466px) 100vw, 466px\" \/>\t\t\t\t\t\t\t\t\t\t\t\n\t\t<p>Asesoramos con previsi\u00f3n en esta materia central para la industrias y las empresas extractivas, ponderando urgencias y contingencias. Experiencia en estrategias procesales administrativas y judiciales.<\/p>\t\t\n\t\t\t\t\t\t\t\t\t\t<img width=\"466\" height=\"192\" src=\"https:\/\/saraviafrias.com\/wp-content\/uploads\/2020\/09\/etiquetes-09.png\" alt=\"\" loading=\"lazy\" srcset=\"https:\/\/saraviafrias.com\/wp-content\/uploads\/2020\/09\/etiquetes-09.png 466w, https:\/\/saraviafrias.com\/wp-content\/uploads\/2020\/09\/etiquetes-09-300x124.png 300w\" sizes=\"(max-width: 466px) 100vw, 466px\" \/>\t\t\t\t\t\t\t\t\t\t\t\n\t\t<p>Asesoramiento experto a clientes en la planificaci\u00f3n e implementaci\u00f3n de estructuras societarias y en su posterior desenvolvimiento. Experiencia en la resoluci\u00f3n de conflictos societarios, reorganizaci\u00f3n empresaria y procesos concursales.<\/p>\t\t\n\t\t\t\t\t\t\t\t\t\t<img width=\"466\" height=\"192\" src=\"https:\/\/saraviafrias.com\/wp-content\/uploads\/2020\/09\/etiquetes-10.png\" alt=\"\" loading=\"lazy\" srcset=\"https:\/\/saraviafrias.com\/wp-content\/uploads\/2020\/09\/etiquetes-10.png 466w, https:\/\/saraviafrias.com\/wp-content\/uploads\/2020\/09\/etiquetes-10-300x124.png 300w\" sizes=\"(max-width: 466px) 100vw, 466px\" \/>\t\t\t\t\t\t\t\t\t\t\t\n\t\t<p>Nuestra participaci\u00f3n profesional en empresas de consumo masivo y <em>retail<\/em> nos permite manejar todo tipo de cuestiones vinculadas con la normativa de defensa del consumidor.<\/p>\t\t\n\t\t\t\t\t\t\t\t\t\t<img width=\"466\" height=\"192\" src=\"https:\/\/saraviafrias.com\/wp-content\/uploads\/2020\/09\/etiquetes-11.png\" alt=\"\" loading=\"lazy\" srcset=\"https:\/\/saraviafrias.com\/wp-content\/uploads\/2020\/09\/etiquetes-11.png 466w, https:\/\/saraviafrias.com\/wp-content\/uploads\/2020\/09\/etiquetes-11-300x124.png 300w\" sizes=\"(max-width: 466px) 100vw, 466px\" \/>\t\t\t\t\t\t\t\t\t\t\t\n\t\t<p>Aconsejamos a inversores locales y extranjeros en procesos de fusiones y adquisiciones de empresas. El abogado es un puente, no un obst\u00e1culo para que los negocios se concreten.<\/p>\t\t\n\t\t\t\t\t\t\t\t\t\t<img width=\"466\" height=\"191\" src=\"https:\/\/saraviafrias.com\/wp-content\/uploads\/2020\/09\/etiquetes-12.png\" alt=\"\" loading=\"lazy\" srcset=\"https:\/\/saraviafrias.com\/wp-content\/uploads\/2020\/09\/etiquetes-12.png 466w, https:\/\/saraviafrias.com\/wp-content\/uploads\/2020\/09\/etiquetes-12-300x123.png 300w\" sizes=\"(max-width: 466px) 100vw, 466px\" \/>\t\t\t\t\t\t\t\t\t\t\t\n\t\t<p>Expertos en prevenci\u00f3n de lavado de activos y financiamiento del terrorismo, normas locales e internacionales.<\/p>\t\t\n\t\t\t\t\t\t\t\t\t\t<img width=\"466\" height=\"191\" src=\"https:\/\/saraviafrias.com\/wp-content\/uploads\/2020\/09\/etiquetes-13.png\" alt=\"\" loading=\"lazy\" srcset=\"https:\/\/saraviafrias.com\/wp-content\/uploads\/2020\/09\/etiquetes-13.png 466w, https:\/\/saraviafrias.com\/wp-content\/uploads\/2020\/09\/etiquetes-13-300x123.png 300w\" sizes=\"(max-width: 466px) 100vw, 466px\" \/>\t\t\t\t\t\t\t\t\t\t\t\n\t\t<p>Estructuramos veh\u00edculos de inversi\u00f3n para el desarrollo de operaciones inmobiliarias, considerando las alternativas m\u00e1s eficientes.<\/p>\t\t\n\t\t\t\t\t\t\t\t\t\t<img width=\"466\" height=\"191\" src=\"https:\/\/saraviafrias.com\/wp-content\/uploads\/2020\/09\/etiquetes-14.png\" alt=\"\" loading=\"lazy\" srcset=\"https:\/\/saraviafrias.com\/wp-content\/uploads\/2020\/09\/etiquetes-14.png 466w, https:\/\/saraviafrias.com\/wp-content\/uploads\/2020\/09\/etiquetes-14-300x123.png 300w\" sizes=\"(max-width: 466px) 100vw, 466px\" \/>\t\t\t\t\t\t\t\t\t\t\t\n\t\t<p>El mejor asesoramiento en el dise\u00f1o de estrategias comerciales y en el cumplimiento de normas de defensa de la competencia.<\/p>\t\t\n\t\t<p>Buenos Aires, Argentina Arroyo 894 1\u00ba Piso (C1007AAB) CABA | Argentina +54 11 4328-4121<\/p>","protected":false},"excerpt":{"rendered":"<p>&#8230;<\/p>\n","protected":false},"author":1,"featured_media":0,"parent":0,"menu_order":0,"comment_status":"closed","ping_status":"closed","template":"elementor_header_footer","meta":[],"_links":{"self":[{"href":"https:\/\/saraviafrias.com\/es_ES\/wp-json\/wp\/v2\/pages\/634"}],"collection":[{"href":"https:\/\/saraviafrias.com\/es_ES\/wp-json\/wp\/v2\/pages"}],"about":[{"href":"https:\/\/saraviafrias.com\/es_ES\/wp-json\/wp\/v2\/types\/page"}],"author":[{"embeddable":true,"href":"https:\/\/saraviafrias.com\/es_ES\/wp-json\/wp\/v2\/users\/1"}],"replies":[{"embeddable":true,"href":"https:\/\/saraviafrias.com\/es_ES\/wp-json\/wp\/v2\/comments?post=634"}],"version-history":[{"count":0,"href":"https:\/\/saraviafrias.com\/es_ES\/wp-json\/wp\/v2\/pages\/634\/revisions"}],"wp:attachment":[{"href":"https:\/\/saraviafrias.com\/es_ES\/wp-json\/wp\/v2\/media?parent=634"}],"curies":[{"name":"wp","href":"https:\/\/api.w.org\/{rel}","templated":true}]}}