{"id":401,"date":"2020-09-19T18:33:16","date_gmt":"2020-09-19T21:33:16","guid":{"rendered":"https:\/\/saraviafrias.com\/?page_id=401"},"modified":"2025-10-28T22:13:39","modified_gmt":"2025-10-28T22:13:39","slug":"alianzas","status":"publish","type":"page","link":"https:\/\/saraviafrias.com\/es_ES\/alianzas\/","title":{"rendered":"Alianzas"},"content":{"rendered":"[vc_row type=&#8221;in_container&#8221; full_screen_row_position=&#8221;middle&#8221; column_margin=&#8221;default&#8221; column_direction=&#8221;default&#8221; column_direction_tablet=&#8221;default&#8221; column_direction_phone=&#8221;default&#8221; scene_position=&#8221;center&#8221; top_padding=&#8221;100&#8243; text_color=&#8221;dark&#8221; text_align=&#8221;left&#8221; row_border_radius=&#8221;none&#8221; row_border_radius_applies=&#8221;bg&#8221; overlay_strength=&#8221;0.3&#8243; gradient_direction=&#8221;left_to_right&#8221; shape_divider_position=&#8221;bottom&#8221; bg_image_animation=&#8221;none&#8221; shape_type=&#8221;&#8221;][vc_column column_padding=&#8221;no-extra-padding&#8221; column_padding_tablet=&#8221;inherit&#8221; column_padding_phone=&#8221;inherit&#8221; column_padding_position=&#8221;all&#8221; column_element_spacing=&#8221;default&#8221; background_color_opacity=&#8221;1&#8243; background_hover_color_opacity=&#8221;1&#8243; column_shadow=&#8221;none&#8221; column_border_radius=&#8221;none&#8221; column_link_target=&#8221;_self&#8221; gradient_direction=&#8221;left_to_right&#8221; overlay_strength=&#8221;0.3&#8243; width=&#8221;1\/1&#8243; tablet_width_inherit=&#8221;default&#8221; tablet_text_alignment=&#8221;default&#8221; phone_text_alignment=&#8221;default&#8221; bg_image_animation=&#8221;none&#8221; border_type=&#8221;simple&#8221; column_border_width=&#8221;none&#8221; column_border_style=&#8221;solid&#8221;][vc_column_text]\n<h1><b>Alianzas<\/b><\/h1>\n<p><!-- \/wp:paragraph -->Saravia Fr\u00edas Abogados cuenta con alianzas para accionar eficazmente con alcance regional y global.<\/p>\n<p>Una red de estudios jur\u00eddicos de primer nivel distribuidos en todo el pa\u00eds nos permite brindar soluciones con inmediatez, cualquiera sea el lugar en el que las necesidades se presenten. Comprendemos la idiosincrasia de cada provincia y su ambiente de negocios. Por nuestra concepci\u00f3n federal, conocemos las regulaciones locales y sabemos interactuar con sus administraciones y sus sistemas de justicia.<\/p>\n<p>En el plano internacional, nos proyectamos a todo LATAM a trav\u00e9s de uno de los principales estudios jur\u00eddicos de M\u00e9xico, proveyendo soluciones jur\u00eddicas a todo el continente con valores competitivos.<\/p>\n[\/vc_column_text][\/vc_column][\/vc_row][vc_row type=&#8221;in_container&#8221; full_screen_row_position=&#8221;middle&#8221; column_margin=&#8221;default&#8221; column_direction=&#8221;default&#8221; column_direction_tablet=&#8221;default&#8221; column_direction_phone=&#8221;default&#8221; scene_position=&#8221;center&#8221; text_color=&#8221;dark&#8221; text_align=&#8221;left&#8221; row_border_radius=&#8221;none&#8221; row_border_radius_applies=&#8221;bg&#8221; overlay_strength=&#8221;0.3&#8243; gradient_direction=&#8221;left_to_right&#8221; shape_divider_position=&#8221;bottom&#8221; bg_image_animation=&#8221;none&#8221;][vc_column column_padding=&#8221;no-extra-padding&#8221; column_padding_tablet=&#8221;inherit&#8221; column_padding_phone=&#8221;inherit&#8221; column_padding_position=&#8221;all&#8221; column_element_spacing=&#8221;default&#8221; background_color_opacity=&#8221;1&#8243; background_hover_color_opacity=&#8221;1&#8243; column_shadow=&#8221;none&#8221; column_border_radius=&#8221;none&#8221; column_link_target=&#8221;_self&#8221; gradient_direction=&#8221;left_to_right&#8221; overlay_strength=&#8221;0.3&#8243; width=&#8221;1\/2&#8243; tablet_width_inherit=&#8221;default&#8221; tablet_text_alignment=&#8221;default&#8221; phone_text_alignment=&#8221;default&#8221; bg_image_animation=&#8221;none&#8221; border_type=&#8221;simple&#8221; column_border_width=&#8221;none&#8221; column_border_style=&#8221;solid&#8221;][vc_column_text]\n<h2><strong>Alianza Local<\/strong><\/h2>\n<ul>\n<li>P\u00e9rez Alati, Grondona, Benites &amp; Arntsen (Buenos Aires)<\/li>\n<li>Sanz, Fernandez y Alonso Abogados (Mendoza)<\/li>\n<li>Martinez Crespo Abogados (C\u00f3rdoba)<\/li>\n<li>Colombres Garmendia Abogados (Tucum\u00e1n)<\/li>\n<li>AER Abogados (Rosario)<\/li>\n<li>Iribarne Abogados (Neuqu\u00e9n)<\/li>\n<li>Morando Abogados (Chubut)<\/li>\n<li>Etchegaray Abogados (Mar del Plata)<\/li>\n<li>Lovera Abogados (Formosa)<\/li>\n<li>Vargas Galindez Abogados (Mendoza)<\/li>\n<li>Serrano Abogados (Chaco)<\/li>\n<li>Lopez Acu\u00f1a Abogados (Catamarca)<\/li>\n<li>Bast\u00edas Abogados (San Juan)<\/li>\n<li>Zurueta Abogados (Jujuy)<\/li>\n<li>Busaniche Abogados (Santa Fe)<\/li>\n<li>Olmedo Barrios Abogados (La Plata)<\/li>\n<li>Zaval\u00eda Abogados (Santiago del Estero)<\/li>\n<li>Spadano Abogados (Mar del Plata)<\/li>\n<li>Dominguez Posse Abogados (Tierra del Fuego)<\/li>\n<\/ul>\n[\/vc_column_text][\/vc_column][vc_column column_padding=&#8221;no-extra-padding&#8221; column_padding_tablet=&#8221;inherit&#8221; column_padding_phone=&#8221;inherit&#8221; column_padding_position=&#8221;all&#8221; column_element_spacing=&#8221;default&#8221; background_color_opacity=&#8221;1&#8243; background_hover_color_opacity=&#8221;1&#8243; column_shadow=&#8221;none&#8221; column_border_radius=&#8221;none&#8221; column_link_target=&#8221;_self&#8221; gradient_direction=&#8221;left_to_right&#8221; overlay_strength=&#8221;0.3&#8243; width=&#8221;1\/2&#8243; tablet_width_inherit=&#8221;default&#8221; tablet_text_alignment=&#8221;default&#8221; phone_text_alignment=&#8221;default&#8221; bg_image_animation=&#8221;none&#8221; border_type=&#8221;simple&#8221; column_border_width=&#8221;none&#8221; column_border_style=&#8221;solid&#8221;][vc_column_text]\n<h2><strong>Alianza Internacional<\/strong><\/h2>\n<ul>\n<li>FEGAMO &amp; VASAF Abogados &#8211; <a href=\"http:\/\/www.fegamo.com\">www.fegamo.com<\/a><\/li>\n<li>TAPIA, GUZM\u00c1N, COSTA &amp; MARGOZZINI Abogados &#8211; <a href=\"http:\/\/www.gtm.cl\">www.gtm.cl<\/a><\/li>\n<\/ul>\n[\/vc_column_text][\/vc_column][\/vc_row]\n","protected":false},"excerpt":{"rendered":"<p>[vc_row type=&#8221;in_container&#8221; full_screen_row_position=&#8221;middle&#8221; column_margin=&#8221;default&#8221; column_direction=&#8221;default&#8221; column_direction_tablet=&#8221;default&#8221; column_direction_phone=&#8221;default&#8221; scene_position=&#8221;center&#8221; top_padding=&#8221;100&#8243; text_color=&#8221;dark&#8221; text_align&#8230;<\/p>\n","protected":false},"author":1,"featured_media":0,"parent":0,"menu_order":0,"comment_status":"closed","ping_status":"closed","template":"","meta":[],"_links":{"self":[{"href":"https:\/\/saraviafrias.com\/es_ES\/wp-json\/wp\/v2\/pages\/401"}],"collection":[{"href":"https:\/\/saraviafrias.com\/es_ES\/wp-json\/wp\/v2\/pages"}],"about":[{"href":"https:\/\/saraviafrias.com\/es_ES\/wp-json\/wp\/v2\/types\/page"}],"author":[{"embeddable":true,"href":"https:\/\/saraviafrias.com\/es_ES\/wp-json\/wp\/v2\/users\/1"}],"replies":[{"embeddable":true,"href":"https:\/\/saraviafrias.com\/es_ES\/wp-json\/wp\/v2\/comments?post=401"}],"version-history":[{"count":25,"href":"https:\/\/saraviafrias.com\/es_ES\/wp-json\/wp\/v2\/pages\/401\/revisions"}],"predecessor-version":[{"id":2481,"href":"https:\/\/saraviafrias.com\/es_ES\/wp-json\/wp\/v2\/pages\/401\/revisions\/2481"}],"wp:attachment":[{"href":"https:\/\/saraviafrias.com\/es_ES\/wp-json\/wp\/v2\/media?parent=401"}],"curies":[{"name":"wp","href":"https:\/\/api.w.org\/{rel}","templated":true}]}}