{"id":298,"date":"2020-08-30T09:42:51","date_gmt":"2020-08-30T12:42:51","guid":{"rendered":"https:\/\/saraviafrias.com\/?page_id=298"},"modified":"2024-08-05T18:27:43","modified_gmt":"2024-08-05T18:27:43","slug":"estudio","status":"publish","type":"page","link":"https:\/\/saraviafrias.com\/es_ES\/estudio\/","title":{"rendered":"Estudio"},"content":{"rendered":"[vc_row type=&#8221;in_container&#8221; full_screen_row_position=&#8221;middle&#8221; column_margin=&#8221;default&#8221; column_direction=&#8221;default&#8221; column_direction_tablet=&#8221;default&#8221; column_direction_phone=&#8221;default&#8221; scene_position=&#8221;center&#8221; top_padding=&#8221;100&#8243; text_color=&#8221;dark&#8221; text_align=&#8221;left&#8221; row_border_radius=&#8221;none&#8221; row_border_radius_applies=&#8221;bg&#8221; overlay_strength=&#8221;0.3&#8243; gradient_direction=&#8221;left_to_right&#8221; shape_divider_position=&#8221;bottom&#8221; bg_image_animation=&#8221;none&#8221; shape_type=&#8221;&#8221;][vc_column column_padding=&#8221;no-extra-padding&#8221; column_padding_tablet=&#8221;inherit&#8221; column_padding_phone=&#8221;inherit&#8221; column_padding_position=&#8221;all&#8221; column_element_spacing=&#8221;default&#8221; background_color_opacity=&#8221;1&#8243; background_hover_color_opacity=&#8221;1&#8243; column_shadow=&#8221;none&#8221; column_border_radius=&#8221;none&#8221; column_link_target=&#8221;_self&#8221; gradient_direction=&#8221;left_to_right&#8221; overlay_strength=&#8221;0.3&#8243; width=&#8221;1\/1&#8243; tablet_width_inherit=&#8221;default&#8221; tablet_text_alignment=&#8221;default&#8221; phone_text_alignment=&#8221;default&#8221; bg_image_animation=&#8221;none&#8221; border_type=&#8221;simple&#8221; column_border_width=&#8221;none&#8221; column_border_style=&#8221;solid&#8221;][vc_column_text]\n<h1>Estudio<\/h1>\n<p>&nbsp;<\/p>\n<p><strong>Saravia Fr\u00edas Abogados<\/strong> es una plataforma para grandes proyectos de inversi\u00f3n que interconecta una extensa red de relaciones corporativas y recursos, activando y agrupando seg\u00fan la necesidad. Nuestra plataforma se integra globalmente con recursos propios y alianzas privilegiadas en Am\u00e9rica, Europa y Asia. En el interior de Argentina, nuestra organizaci\u00f3n se despliega con presencia en los centros de inter\u00e9s donde se realizar\u00e1n los proyectos. Estamos donde se toman las decisiones y donde ocurren las cosas.<\/p>\n<p>&nbsp;<\/p>\n<p>Nos comprometemos con la dimensi\u00f3n estrat\u00e9gica de cada proyecto desde su concepci\u00f3n y facilitamos la llegada y despliegue de capitales, incluyendo la puesta en marcha, ejecuci\u00f3n, control y recupero de la inversi\u00f3n. Nuestro <strong>Advisory Board<\/strong>, un comit\u00e9 de destacadas figuras de probada trayectoria, &#8220;pensar\u00e1&#8221; el programa de inversi\u00f3n y proporcionar\u00e1 previsibilidad y seguridad, identificando contingencias y proponiendo soluciones en un contexto global y local cambiante. Guiamos hacia el \u00e9xito y prevenimos y resolvemos escenarios adversos.<\/p>\n<p>&nbsp;<\/p>\n<p><strong>Saravia Fr\u00edas Abogados<\/strong> es un <em>hub<\/em> de negocios que asume la estructuraci\u00f3n legal y acompa\u00f1a el crecimiento de los procesos de inversi\u00f3n, procurando su blindaje y la promoci\u00f3n de respuestas institucionales y adecuaciones regulatorias necesarias para su materializaci\u00f3n. Perseguimos la alta calidad y nos apoyamos en las calificaciones t\u00e9cnicas y morales de un equipo eficaz.<\/p>\n<p>&nbsp;<\/p>\n<p>Somos una organizaci\u00f3n orgullosa de nuestros logros, apasionada por nuestro trabajo y ansiosa por abrazar nuevos desaf\u00edos.[\/vc_column_text][\/vc_column][\/vc_row]\n","protected":false},"excerpt":{"rendered":"<p>[vc_row type=&#8221;in_container&#8221; full_screen_row_position=&#8221;middle&#8221; column_margin=&#8221;default&#8221; column_direction=&#8221;default&#8221; column_direction_tablet=&#8221;default&#8221; column_direction_phone=&#8221;default&#8221; scene_position=&#8221;center&#8221; top_padding=&#8221;100&#8243; text_color=&#8221;dark&#8221; text_align&#8230;<\/p>\n","protected":false},"author":1,"featured_media":0,"parent":0,"menu_order":0,"comment_status":"closed","ping_status":"closed","template":"","meta":[],"_links":{"self":[{"href":"https:\/\/saraviafrias.com\/es_ES\/wp-json\/wp\/v2\/pages\/298"}],"collection":[{"href":"https:\/\/saraviafrias.com\/es_ES\/wp-json\/wp\/v2\/pages"}],"about":[{"href":"https:\/\/saraviafrias.com\/es_ES\/wp-json\/wp\/v2\/types\/page"}],"author":[{"embeddable":true,"href":"https:\/\/saraviafrias.com\/es_ES\/wp-json\/wp\/v2\/users\/1"}],"replies":[{"embeddable":true,"href":"https:\/\/saraviafrias.com\/es_ES\/wp-json\/wp\/v2\/comments?post=298"}],"version-history":[{"count":28,"href":"https:\/\/saraviafrias.com\/es_ES\/wp-json\/wp\/v2\/pages\/298\/revisions"}],"predecessor-version":[{"id":2233,"href":"https:\/\/saraviafrias.com\/es_ES\/wp-json\/wp\/v2\/pages\/298\/revisions\/2233"}],"wp:attachment":[{"href":"https:\/\/saraviafrias.com\/es_ES\/wp-json\/wp\/v2\/media?parent=298"}],"curies":[{"name":"wp","href":"https:\/\/api.w.org\/{rel}","templated":true}]}}