{"id":2613,"date":"2026-02-09T15:00:35","date_gmt":"2026-02-09T15:00:35","guid":{"rendered":"https:\/\/saraviafrias.com\/?page_id=2613"},"modified":"2026-02-10T14:24:46","modified_gmt":"2026-02-10T14:24:46","slug":"rodrigo-de-loreto","status":"publish","type":"page","link":"https:\/\/saraviafrias.com\/es_ES\/rodrigo-de-loreto\/","title":{"rendered":"Rodrigo de Loreto"},"content":{"rendered":"[vc_row type=&#8221;in_container&#8221; full_screen_row_position=&#8221;middle&#8221; column_margin=&#8221;default&#8221; column_direction=&#8221;default&#8221; column_direction_tablet=&#8221;default&#8221; column_direction_phone=&#8221;default&#8221; scene_position=&#8221;center&#8221; top_padding=&#8221;100&#8243; text_color=&#8221;dark&#8221; text_align=&#8221;left&#8221; row_border_radius=&#8221;none&#8221; row_border_radius_applies=&#8221;bg&#8221; overlay_strength=&#8221;0.3&#8243; gradient_direction=&#8221;left_to_right&#8221; shape_divider_position=&#8221;bottom&#8221; bg_image_animation=&#8221;none&#8221; shape_type=&#8221;&#8221;][vc_column column_padding=&#8221;no-extra-padding&#8221; column_padding_tablet=&#8221;inherit&#8221; column_padding_phone=&#8221;inherit&#8221; column_padding_position=&#8221;all&#8221; column_element_spacing=&#8221;default&#8221; background_color_opacity=&#8221;1&#8243; background_hover_color_opacity=&#8221;1&#8243; column_shadow=&#8221;none&#8221; column_border_radius=&#8221;none&#8221; column_link_target=&#8221;_self&#8221; gradient_direction=&#8221;left_to_right&#8221; overlay_strength=&#8221;0.3&#8243; width=&#8221;1\/3&#8243; tablet_width_inherit=&#8221;default&#8221; tablet_text_alignment=&#8221;default&#8221; phone_text_alignment=&#8221;default&#8221; bg_image_animation=&#8221;none&#8221; border_type=&#8221;simple&#8221; column_border_width=&#8221;none&#8221; column_border_style=&#8221;solid&#8221;][vc_column_text]<img loading=\"lazy\" class=\"alignnone size-full wp-image-2612\" src=\"https:\/\/saraviafrias.com\/wp-content\/uploads\/2026\/02\/rodrigo-de-loredo.png\" alt=\"\" width=\"3750\" height=\"3750\" srcset=\"https:\/\/saraviafrias.com\/wp-content\/uploads\/2026\/02\/rodrigo-de-loredo.png 3750w, https:\/\/saraviafrias.com\/wp-content\/uploads\/2026\/02\/rodrigo-de-loredo-300x300.png 300w, https:\/\/saraviafrias.com\/wp-content\/uploads\/2026\/02\/rodrigo-de-loredo-1024x1024.png 1024w, https:\/\/saraviafrias.com\/wp-content\/uploads\/2026\/02\/rodrigo-de-loredo-150x150.png 150w, https:\/\/saraviafrias.com\/wp-content\/uploads\/2026\/02\/rodrigo-de-loredo-768x768.png 768w, https:\/\/saraviafrias.com\/wp-content\/uploads\/2026\/02\/rodrigo-de-loredo-1536x1536.png 1536w, https:\/\/saraviafrias.com\/wp-content\/uploads\/2026\/02\/rodrigo-de-loredo-2048x2048.png 2048w, https:\/\/saraviafrias.com\/wp-content\/uploads\/2026\/02\/rodrigo-de-loredo-100x100.png 100w, https:\/\/saraviafrias.com\/wp-content\/uploads\/2026\/02\/rodrigo-de-loredo-140x140.png 140w, https:\/\/saraviafrias.com\/wp-content\/uploads\/2026\/02\/rodrigo-de-loredo-500x500.png 500w, https:\/\/saraviafrias.com\/wp-content\/uploads\/2026\/02\/rodrigo-de-loredo-350x350.png 350w, https:\/\/saraviafrias.com\/wp-content\/uploads\/2026\/02\/rodrigo-de-loredo-1000x1000.png 1000w, https:\/\/saraviafrias.com\/wp-content\/uploads\/2026\/02\/rodrigo-de-loredo-800x800.png 800w\" sizes=\"(max-width: 3750px) 100vw, 3750px\" \/>[\/vc_column_text][\/vc_column][vc_column column_padding=&#8221;no-extra-padding&#8221; column_padding_tablet=&#8221;inherit&#8221; column_padding_phone=&#8221;inherit&#8221; column_padding_position=&#8221;all&#8221; column_element_spacing=&#8221;default&#8221; background_color_opacity=&#8221;1&#8243; background_hover_color_opacity=&#8221;1&#8243; column_shadow=&#8221;none&#8221; column_border_radius=&#8221;none&#8221; column_link_target=&#8221;_self&#8221; gradient_direction=&#8221;left_to_right&#8221; overlay_strength=&#8221;0.3&#8243; width=&#8221;2\/3&#8243; tablet_width_inherit=&#8221;default&#8221; tablet_text_alignment=&#8221;default&#8221; phone_text_alignment=&#8221;default&#8221; bg_image_animation=&#8221;none&#8221; border_type=&#8221;simple&#8221; column_border_width=&#8221;none&#8221; column_border_style=&#8221;solid&#8221;][vc_column_text]\n<h1 data-start=\"144\" data-end=\"167\"><strong data-start=\"144\" data-end=\"165\">Rodrigo de Loredo<\/strong><\/h1>\n<h3 data-start=\"169\" data-end=\"191\">Abogado \u2013 Of Counsel<\/h3>\n<p data-start=\"193\" data-end=\"414\">Abogado por la Universidad Nacional de C\u00f3rdoba, cuenta con una extensa trayectoria pol\u00edtica y de gesti\u00f3n p\u00fablica. Se desempe\u00f1\u00f3 como concejal, diputado provincial, presidente de ARSAT y diputado nacional hasta el a\u00f1o 2025.<\/p>\n<p data-start=\"416\" data-end=\"659\">Como jefe de bloque de la Uni\u00f3n C\u00edvica Radical, tuvo una participaci\u00f3n protag\u00f3nica en el tratamiento de las principales normas debatidas en los \u00faltimos cuatro a\u00f1os, realizando aportes relevantes a la gobernabilidad y al redise\u00f1o institucional.<\/p>\n<p data-start=\"661\" data-end=\"877\">Su incorporaci\u00f3n como <em data-start=\"683\" data-end=\"695\">Of Counsel<\/em> aporta al Estudio una visi\u00f3n estrat\u00e9gica y una s\u00f3lida experiencia en asuntos p\u00fablicos, fortaleciendo la capacidad de an\u00e1lisis y acci\u00f3n en materias de alta complejidad institucional.<\/p>\n[\/vc_column_text][\/vc_column][\/vc_row]\n","protected":false},"excerpt":{"rendered":"<p>[vc_row type=&#8221;in_container&#8221; full_screen_row_position=&#8221;middle&#8221; column_margin=&#8221;default&#8221; column_direction=&#8221;default&#8221; column_direction_tablet=&#8221;default&#8221; column_direction_phone=&#8221;default&#8221; scene_position=&#8221;center&#8221; top_padding=&#8221;100&#8243; text_color=&#8221;dark&#8221; text_align&#8230;<\/p>\n","protected":false},"author":4,"featured_media":0,"parent":0,"menu_order":0,"comment_status":"closed","ping_status":"closed","template":"","meta":[],"_links":{"self":[{"href":"https:\/\/saraviafrias.com\/es_ES\/wp-json\/wp\/v2\/pages\/2613"}],"collection":[{"href":"https:\/\/saraviafrias.com\/es_ES\/wp-json\/wp\/v2\/pages"}],"about":[{"href":"https:\/\/saraviafrias.com\/es_ES\/wp-json\/wp\/v2\/types\/page"}],"author":[{"embeddable":true,"href":"https:\/\/saraviafrias.com\/es_ES\/wp-json\/wp\/v2\/users\/4"}],"replies":[{"embeddable":true,"href":"https:\/\/saraviafrias.com\/es_ES\/wp-json\/wp\/v2\/comments?post=2613"}],"version-history":[{"count":10,"href":"https:\/\/saraviafrias.com\/es_ES\/wp-json\/wp\/v2\/pages\/2613\/revisions"}],"predecessor-version":[{"id":2649,"href":"https:\/\/saraviafrias.com\/es_ES\/wp-json\/wp\/v2\/pages\/2613\/revisions\/2649"}],"wp:attachment":[{"href":"https:\/\/saraviafrias.com\/es_ES\/wp-json\/wp\/v2\/media?parent=2613"}],"curies":[{"name":"wp","href":"https:\/\/api.w.org\/{rel}","templated":true}]}}