{"id":2494,"date":"2025-11-26T18:59:43","date_gmt":"2025-11-26T18:59:43","guid":{"rendered":"https:\/\/saraviafrias.com\/?page_id=2494"},"modified":"2025-11-28T14:35:48","modified_gmt":"2025-11-28T14:35:48","slug":"nicolas-duhalde","status":"publish","type":"page","link":"https:\/\/saraviafrias.com\/es_ES\/nicolas-duhalde\/","title":{"rendered":"Nicol\u00e1s Duhalde"},"content":{"rendered":"[vc_row type=&#8221;in_container&#8221; full_screen_row_position=&#8221;middle&#8221; column_margin=&#8221;default&#8221; column_direction=&#8221;default&#8221; column_direction_tablet=&#8221;default&#8221; column_direction_phone=&#8221;default&#8221; scene_position=&#8221;center&#8221; top_padding=&#8221;100&#8243; text_color=&#8221;dark&#8221; text_align=&#8221;left&#8221; row_border_radius=&#8221;none&#8221; row_border_radius_applies=&#8221;bg&#8221; overlay_strength=&#8221;0.3&#8243; gradient_direction=&#8221;left_to_right&#8221; shape_divider_position=&#8221;bottom&#8221; bg_image_animation=&#8221;none&#8221; shape_type=&#8221;&#8221;][vc_column column_padding=&#8221;no-extra-padding&#8221; column_padding_tablet=&#8221;inherit&#8221; column_padding_phone=&#8221;inherit&#8221; column_padding_position=&#8221;all&#8221; column_element_spacing=&#8221;default&#8221; background_color_opacity=&#8221;1&#8243; background_hover_color_opacity=&#8221;1&#8243; column_shadow=&#8221;none&#8221; column_border_radius=&#8221;none&#8221; column_link_target=&#8221;_self&#8221; gradient_direction=&#8221;left_to_right&#8221; overlay_strength=&#8221;0.3&#8243; width=&#8221;1\/3&#8243; tablet_width_inherit=&#8221;default&#8221; tablet_text_alignment=&#8221;default&#8221; phone_text_alignment=&#8221;default&#8221; bg_image_animation=&#8221;none&#8221; border_type=&#8221;simple&#8221; column_border_width=&#8221;none&#8221; column_border_style=&#8221;solid&#8221;][vc_column_text]<img loading=\"lazy\" class=\"alignnone size-large wp-image-2488\" src=\"https:\/\/saraviafrias.com\/wp-content\/uploads\/2025\/11\/WhatsApp-Image-2025-11-26-at-14.24.58-e1764183328730-1024x1024.jpeg\" alt=\"\" width=\"1024\" height=\"1024\" srcset=\"https:\/\/saraviafrias.com\/wp-content\/uploads\/2025\/11\/WhatsApp-Image-2025-11-26-at-14.24.58-e1764183328730-1024x1024.jpeg 1024w, https:\/\/saraviafrias.com\/wp-content\/uploads\/2025\/11\/WhatsApp-Image-2025-11-26-at-14.24.58-e1764183328730-300x300.jpeg 300w, https:\/\/saraviafrias.com\/wp-content\/uploads\/2025\/11\/WhatsApp-Image-2025-11-26-at-14.24.58-e1764183328730-150x150.jpeg 150w, https:\/\/saraviafrias.com\/wp-content\/uploads\/2025\/11\/WhatsApp-Image-2025-11-26-at-14.24.58-e1764183328730-768x767.jpeg 768w, https:\/\/saraviafrias.com\/wp-content\/uploads\/2025\/11\/WhatsApp-Image-2025-11-26-at-14.24.58-e1764183328730-100x100.jpeg 100w, https:\/\/saraviafrias.com\/wp-content\/uploads\/2025\/11\/WhatsApp-Image-2025-11-26-at-14.24.58-e1764183328730-140x140.jpeg 140w, https:\/\/saraviafrias.com\/wp-content\/uploads\/2025\/11\/WhatsApp-Image-2025-11-26-at-14.24.58-e1764183328730-500x500.jpeg 500w, https:\/\/saraviafrias.com\/wp-content\/uploads\/2025\/11\/WhatsApp-Image-2025-11-26-at-14.24.58-e1764183328730-350x350.jpeg 350w, https:\/\/saraviafrias.com\/wp-content\/uploads\/2025\/11\/WhatsApp-Image-2025-11-26-at-14.24.58-e1764183328730-1000x1000.jpeg 1000w, https:\/\/saraviafrias.com\/wp-content\/uploads\/2025\/11\/WhatsApp-Image-2025-11-26-at-14.24.58-e1764183328730-800x800.jpeg 800w, https:\/\/saraviafrias.com\/wp-content\/uploads\/2025\/11\/WhatsApp-Image-2025-11-26-at-14.24.58-e1764183328730.jpeg 1139w\" sizes=\"(max-width: 1024px) 100vw, 1024px\" \/>[\/vc_column_text][\/vc_column][vc_column column_padding=&#8221;no-extra-padding&#8221; column_padding_tablet=&#8221;inherit&#8221; column_padding_phone=&#8221;inherit&#8221; column_padding_position=&#8221;all&#8221; column_element_spacing=&#8221;default&#8221; background_color_opacity=&#8221;1&#8243; background_hover_color_opacity=&#8221;1&#8243; column_shadow=&#8221;none&#8221; column_border_radius=&#8221;none&#8221; column_link_target=&#8221;_self&#8221; gradient_direction=&#8221;left_to_right&#8221; overlay_strength=&#8221;0.3&#8243; width=&#8221;2\/3&#8243; tablet_width_inherit=&#8221;default&#8221; tablet_text_alignment=&#8221;default&#8221; phone_text_alignment=&#8221;default&#8221; bg_image_animation=&#8221;none&#8221; border_type=&#8221;simple&#8221; column_border_width=&#8221;none&#8221; column_border_style=&#8221;solid&#8221;][vc_column_text]\n<h1>NICOL\u00c1S DUHALDE<\/h1>\n<h3>T\u00e9cnico Superior Aduanero y Despachante de Aduana<\/h3>\n<p>Es T\u00e9cnico Superior Aduanero y Despachante de Aduana, con experiencia en gesti\u00f3n y an\u00e1lisis de operaciones de comercio exterior.<\/p>\n<p>Se desempe\u00f1\u00f3 como Coordinador de la Secretar\u00eda en la Direcci\u00f3n Nacional de Asuntos y Controversias Internacionales de la Procuraci\u00f3n del Tesoro de la Naci\u00f3n, donde intervino en asuntos vinculados a controversias internacionales y cooperaci\u00f3n interinstitucional.<\/p>\n<p>Brinda soporte t\u00e9cnico y operativo a las diferentes \u00e1reas del estudio.<\/p>\n<p>IDIOMAS: espa\u00f1ol e ingl\u00e9s.<\/p>\n<h4>Contacto: <a href=\"mailto:nduhalde@saraviafrias.com\">nduhalde@saraviafrias.com<\/a><\/h4>\n[\/vc_column_text][\/vc_column][\/vc_row]\n","protected":false},"excerpt":{"rendered":"<p>[vc_row type=&#8221;in_container&#8221; full_screen_row_position=&#8221;middle&#8221; column_margin=&#8221;default&#8221; column_direction=&#8221;default&#8221; column_direction_tablet=&#8221;default&#8221; column_direction_phone=&#8221;default&#8221; scene_position=&#8221;center&#8221; top_padding=&#8221;100&#8243; text_color=&#8221;dark&#8221; text_align&#8230;<\/p>\n","protected":false},"author":4,"featured_media":0,"parent":0,"menu_order":0,"comment_status":"closed","ping_status":"closed","template":"","meta":[],"_links":{"self":[{"href":"https:\/\/saraviafrias.com\/es_ES\/wp-json\/wp\/v2\/pages\/2494"}],"collection":[{"href":"https:\/\/saraviafrias.com\/es_ES\/wp-json\/wp\/v2\/pages"}],"about":[{"href":"https:\/\/saraviafrias.com\/es_ES\/wp-json\/wp\/v2\/types\/page"}],"author":[{"embeddable":true,"href":"https:\/\/saraviafrias.com\/es_ES\/wp-json\/wp\/v2\/users\/4"}],"replies":[{"embeddable":true,"href":"https:\/\/saraviafrias.com\/es_ES\/wp-json\/wp\/v2\/comments?post=2494"}],"version-history":[{"count":7,"href":"https:\/\/saraviafrias.com\/es_ES\/wp-json\/wp\/v2\/pages\/2494\/revisions"}],"predecessor-version":[{"id":2588,"href":"https:\/\/saraviafrias.com\/es_ES\/wp-json\/wp\/v2\/pages\/2494\/revisions\/2588"}],"wp:attachment":[{"href":"https:\/\/saraviafrias.com\/es_ES\/wp-json\/wp\/v2\/media?parent=2494"}],"curies":[{"name":"wp","href":"https:\/\/api.w.org\/{rel}","templated":true}]}}