{"id":2489,"date":"2025-11-26T18:45:23","date_gmt":"2025-11-26T18:45:23","guid":{"rendered":"https:\/\/saraviafrias.com\/?page_id=2489"},"modified":"2025-12-05T15:21:00","modified_gmt":"2025-12-05T15:21:00","slug":"sofia-lanusse","status":"publish","type":"page","link":"https:\/\/saraviafrias.com\/es_ES\/sofia-lanusse\/","title":{"rendered":"Sof\u00eda Lanusse"},"content":{"rendered":"[vc_row type=&#8221;in_container&#8221; full_screen_row_position=&#8221;middle&#8221; column_margin=&#8221;default&#8221; column_direction=&#8221;default&#8221; column_direction_tablet=&#8221;default&#8221; column_direction_phone=&#8221;default&#8221; scene_position=&#8221;center&#8221; top_padding=&#8221;100&#8243; text_color=&#8221;dark&#8221; text_align=&#8221;left&#8221; row_border_radius=&#8221;none&#8221; row_border_radius_applies=&#8221;bg&#8221; overlay_strength=&#8221;0.3&#8243; gradient_direction=&#8221;left_to_right&#8221; shape_divider_position=&#8221;bottom&#8221; bg_image_animation=&#8221;none&#8221; shape_type=&#8221;&#8221;][vc_column column_padding=&#8221;no-extra-padding&#8221; column_padding_tablet=&#8221;inherit&#8221; column_padding_phone=&#8221;inherit&#8221; column_padding_position=&#8221;all&#8221; column_element_spacing=&#8221;default&#8221; background_color_opacity=&#8221;1&#8243; background_hover_color_opacity=&#8221;1&#8243; column_shadow=&#8221;none&#8221; column_border_radius=&#8221;none&#8221; column_link_target=&#8221;_self&#8221; gradient_direction=&#8221;left_to_right&#8221; overlay_strength=&#8221;0.3&#8243; width=&#8221;1\/3&#8243; tablet_width_inherit=&#8221;default&#8221; tablet_text_alignment=&#8221;default&#8221; phone_text_alignment=&#8221;default&#8221; bg_image_animation=&#8221;none&#8221; border_type=&#8221;simple&#8221; column_border_width=&#8221;none&#8221; column_border_style=&#8221;solid&#8221;][vc_column_text]<img loading=\"lazy\" class=\"alignnone size-large wp-image-2483\" src=\"https:\/\/saraviafrias.com\/wp-content\/uploads\/2025\/11\/Sin-ti\u0301tulo-1024x1024.png\" alt=\"\" width=\"1024\" height=\"1024\" srcset=\"https:\/\/saraviafrias.com\/wp-content\/uploads\/2025\/11\/Sin-ti\u0301tulo-1024x1024.png 1024w, https:\/\/saraviafrias.com\/wp-content\/uploads\/2025\/11\/Sin-ti\u0301tulo-300x300.png 300w, https:\/\/saraviafrias.com\/wp-content\/uploads\/2025\/11\/Sin-ti\u0301tulo-150x150.png 150w, https:\/\/saraviafrias.com\/wp-content\/uploads\/2025\/11\/Sin-ti\u0301tulo-768x768.png 768w, https:\/\/saraviafrias.com\/wp-content\/uploads\/2025\/11\/Sin-ti\u0301tulo-100x100.png 100w, https:\/\/saraviafrias.com\/wp-content\/uploads\/2025\/11\/Sin-ti\u0301tulo-140x140.png 140w, https:\/\/saraviafrias.com\/wp-content\/uploads\/2025\/11\/Sin-ti\u0301tulo-500x500.png 500w, https:\/\/saraviafrias.com\/wp-content\/uploads\/2025\/11\/Sin-ti\u0301tulo-350x350.png 350w, https:\/\/saraviafrias.com\/wp-content\/uploads\/2025\/11\/Sin-ti\u0301tulo-1000x1000.png 1000w, https:\/\/saraviafrias.com\/wp-content\/uploads\/2025\/11\/Sin-ti\u0301tulo-800x800.png 800w, https:\/\/saraviafrias.com\/wp-content\/uploads\/2025\/11\/Sin-ti\u0301tulo.png 1080w\" sizes=\"(max-width: 1024px) 100vw, 1024px\" \/>[\/vc_column_text][\/vc_column][vc_column column_padding=&#8221;no-extra-padding&#8221; column_padding_tablet=&#8221;inherit&#8221; column_padding_phone=&#8221;inherit&#8221; column_padding_position=&#8221;all&#8221; column_element_spacing=&#8221;default&#8221; background_color_opacity=&#8221;1&#8243; background_hover_color_opacity=&#8221;1&#8243; column_shadow=&#8221;none&#8221; column_border_radius=&#8221;none&#8221; column_link_target=&#8221;_self&#8221; gradient_direction=&#8221;left_to_right&#8221; overlay_strength=&#8221;0.3&#8243; width=&#8221;2\/3&#8243; tablet_width_inherit=&#8221;default&#8221; tablet_text_alignment=&#8221;default&#8221; phone_text_alignment=&#8221;default&#8221; bg_image_animation=&#8221;none&#8221; border_type=&#8221;simple&#8221; column_border_width=&#8221;none&#8221; column_border_style=&#8221;solid&#8221;][vc_column_text]\n<h1>Sof\u00eda Lanusse<\/h1>\n<h3>Abogada<\/h3>\n<p>Es abogada por la Universidad Cat\u00f3lica de Salta, con una Maestr\u00eda en Derecho Tributario por la Universidad Austral y especializaciones en Compliance (UCEMA) y Criptoactivos (Universidad Torcuato Di Tella). Actualmente cursa la Maestr\u00eda en Derecho Empresarial Global en la Universidad Austral.<\/p>\n<p>Su formaci\u00f3n se orienta al derecho corporativo, con foco en identificaci\u00f3n y planificaci\u00f3n de riesgos. Su pr\u00e1ctica incluye innovaciones tecnol\u00f3gicas, regulaci\u00f3n de recursos naturales y el abordaje de cuestiones tributarias complejas.<\/p>\n<p>Posee experiencia en el sector p\u00fablico, habiendo integrado la Fiscal\u00eda de Estado de la Provincia de Salta, y en el sector privado, donde se desempe\u00f1\u00f3 en consultor\u00eda tributaria y como abogada in house en una empresa minera.<\/p>\n<p>Es columnista en Errepar, donde escribe sobre temas impositivos. Dirige el Instituto de Derecho Tributario del Colegio de Abogados de Salta, desde el cual promueve actividades de investigaci\u00f3n, capacitaci\u00f3n y debate acad\u00e9mico en materia de pol\u00edtica fiscal, r\u00e9gimen minero y tributaci\u00f3n en la Argentina.<\/p>\n<p>IDIOMAS: espa\u00f1ol e ingl\u00e9s.<\/p>\n<h4>Contacto: <a href=\"mailto:slanusse@saraviafrias.com\">slanusse@saraviafrias.com<\/a><\/h4>\n[\/vc_column_text][\/vc_column][\/vc_row]\n","protected":false},"excerpt":{"rendered":"<p>[vc_row type=&#8221;in_container&#8221; full_screen_row_position=&#8221;middle&#8221; column_margin=&#8221;default&#8221; column_direction=&#8221;default&#8221; column_direction_tablet=&#8221;default&#8221; column_direction_phone=&#8221;default&#8221; scene_position=&#8221;center&#8221; top_padding=&#8221;100&#8243; text_color=&#8221;dark&#8221; text_align&#8230;<\/p>\n","protected":false},"author":4,"featured_media":0,"parent":0,"menu_order":0,"comment_status":"closed","ping_status":"closed","template":"","meta":[],"_links":{"self":[{"href":"https:\/\/saraviafrias.com\/es_ES\/wp-json\/wp\/v2\/pages\/2489"}],"collection":[{"href":"https:\/\/saraviafrias.com\/es_ES\/wp-json\/wp\/v2\/pages"}],"about":[{"href":"https:\/\/saraviafrias.com\/es_ES\/wp-json\/wp\/v2\/types\/page"}],"author":[{"embeddable":true,"href":"https:\/\/saraviafrias.com\/es_ES\/wp-json\/wp\/v2\/users\/4"}],"replies":[{"embeddable":true,"href":"https:\/\/saraviafrias.com\/es_ES\/wp-json\/wp\/v2\/comments?post=2489"}],"version-history":[{"count":13,"href":"https:\/\/saraviafrias.com\/es_ES\/wp-json\/wp\/v2\/pages\/2489\/revisions"}],"predecessor-version":[{"id":2599,"href":"https:\/\/saraviafrias.com\/es_ES\/wp-json\/wp\/v2\/pages\/2489\/revisions\/2599"}],"wp:attachment":[{"href":"https:\/\/saraviafrias.com\/es_ES\/wp-json\/wp\/v2\/media?parent=2489"}],"curies":[{"name":"wp","href":"https:\/\/api.w.org\/{rel}","templated":true}]}}