{"id":2419,"date":"2024-11-13T18:36:07","date_gmt":"2024-11-13T18:36:07","guid":{"rendered":"https:\/\/saraviafrias.com\/?page_id=2419"},"modified":"2024-11-13T18:52:49","modified_gmt":"2024-11-13T18:52:49","slug":"sofia-tonelli","status":"publish","type":"page","link":"https:\/\/saraviafrias.com\/es_ES\/sofia-tonelli\/","title":{"rendered":"Sof\u00eda Tonelli"},"content":{"rendered":"[vc_row type=&#8221;in_container&#8221; full_screen_row_position=&#8221;middle&#8221; column_margin=&#8221;default&#8221; column_direction=&#8221;default&#8221; column_direction_tablet=&#8221;default&#8221; column_direction_phone=&#8221;default&#8221; scene_position=&#8221;center&#8221; top_padding=&#8221;100&#8243; text_color=&#8221;dark&#8221; text_align=&#8221;left&#8221; row_border_radius=&#8221;none&#8221; row_border_radius_applies=&#8221;bg&#8221; overlay_strength=&#8221;0.3&#8243; gradient_direction=&#8221;left_to_right&#8221; shape_divider_position=&#8221;bottom&#8221; bg_image_animation=&#8221;none&#8221; shape_type=&#8221;&#8221;][vc_column column_padding=&#8221;no-extra-padding&#8221; column_padding_tablet=&#8221;inherit&#8221; column_padding_phone=&#8221;inherit&#8221; column_padding_position=&#8221;all&#8221; column_element_spacing=&#8221;default&#8221; background_color_opacity=&#8221;1&#8243; background_hover_color_opacity=&#8221;1&#8243; column_shadow=&#8221;none&#8221; column_border_radius=&#8221;none&#8221; column_link_target=&#8221;_self&#8221; gradient_direction=&#8221;left_to_right&#8221; overlay_strength=&#8221;0.3&#8243; width=&#8221;1\/3&#8243; tablet_width_inherit=&#8221;default&#8221; tablet_text_alignment=&#8221;default&#8221; phone_text_alignment=&#8221;default&#8221; bg_image_animation=&#8221;none&#8221; border_type=&#8221;simple&#8221; column_border_width=&#8221;none&#8221; column_border_style=&#8221;solid&#8221;][vc_column_text]<img loading=\"lazy\" class=\"alignnone size-full wp-image-2420\" src=\"https:\/\/saraviafrias.com\/wp-content\/uploads\/2024\/11\/sofia-tonelli.jpg\" alt=\"\" width=\"481\" height=\"481\" srcset=\"https:\/\/saraviafrias.com\/wp-content\/uploads\/2024\/11\/sofia-tonelli.jpg 481w, https:\/\/saraviafrias.com\/wp-content\/uploads\/2024\/11\/sofia-tonelli-300x300.jpg 300w, https:\/\/saraviafrias.com\/wp-content\/uploads\/2024\/11\/sofia-tonelli-150x150.jpg 150w, https:\/\/saraviafrias.com\/wp-content\/uploads\/2024\/11\/sofia-tonelli-100x100.jpg 100w, https:\/\/saraviafrias.com\/wp-content\/uploads\/2024\/11\/sofia-tonelli-140x140.jpg 140w, https:\/\/saraviafrias.com\/wp-content\/uploads\/2024\/11\/sofia-tonelli-350x350.jpg 350w\" sizes=\"(max-width: 481px) 100vw, 481px\" \/>[\/vc_column_text][\/vc_column][vc_column column_padding=&#8221;no-extra-padding&#8221; column_padding_tablet=&#8221;inherit&#8221; column_padding_phone=&#8221;inherit&#8221; column_padding_position=&#8221;all&#8221; column_element_spacing=&#8221;default&#8221; background_color_opacity=&#8221;1&#8243; background_hover_color_opacity=&#8221;1&#8243; column_shadow=&#8221;none&#8221; column_border_radius=&#8221;none&#8221; column_link_target=&#8221;_self&#8221; gradient_direction=&#8221;left_to_right&#8221; overlay_strength=&#8221;0.3&#8243; width=&#8221;2\/3&#8243; tablet_width_inherit=&#8221;default&#8221; tablet_text_alignment=&#8221;default&#8221; phone_text_alignment=&#8221;default&#8221; bg_image_animation=&#8221;none&#8221; border_type=&#8221;simple&#8221; column_border_width=&#8221;none&#8221; column_border_style=&#8221;solid&#8221;][vc_column_text]\n<h1>Sof\u00eda Tonelli<\/h1>\n<h3>Abogada<\/h3>\n<p>Abogada por la Universidad de Buenos Aires y M\u00e1ster en Derecho Administrativo por la Universidad Austral.<\/p>\n<p>Fue jefa de despacho de la Subsecretar\u00eda de Gesti\u00f3n Econ\u00f3mica Financiera y Administraci\u00f3n de Recursos en el Ministerio de Educaci\u00f3n de la Ciudad de Buenos Aires. Se desempe\u00f1\u00f3 en distintos roles dentro de la Procuraci\u00f3n del Tesoro de la Naci\u00f3n brindando asesoramiento jur\u00eddico especializado en Derecho Administrativo.<\/p>\n<p>IDIOMAS: espa\u00f1ol e ingl\u00e9s.[\/vc_column_text][\/vc_column][\/vc_row]\n","protected":false},"excerpt":{"rendered":"<p>[vc_row type=&#8221;in_container&#8221; full_screen_row_position=&#8221;middle&#8221; column_margin=&#8221;default&#8221; column_direction=&#8221;default&#8221; column_direction_tablet=&#8221;default&#8221; column_direction_phone=&#8221;default&#8221; scene_position=&#8221;center&#8221; top_padding=&#8221;100&#8243; text_color=&#8221;dark&#8221; text_align&#8230;<\/p>\n","protected":false},"author":4,"featured_media":0,"parent":0,"menu_order":0,"comment_status":"closed","ping_status":"closed","template":"","meta":[],"_links":{"self":[{"href":"https:\/\/saraviafrias.com\/es_ES\/wp-json\/wp\/v2\/pages\/2419"}],"collection":[{"href":"https:\/\/saraviafrias.com\/es_ES\/wp-json\/wp\/v2\/pages"}],"about":[{"href":"https:\/\/saraviafrias.com\/es_ES\/wp-json\/wp\/v2\/types\/page"}],"author":[{"embeddable":true,"href":"https:\/\/saraviafrias.com\/es_ES\/wp-json\/wp\/v2\/users\/4"}],"replies":[{"embeddable":true,"href":"https:\/\/saraviafrias.com\/es_ES\/wp-json\/wp\/v2\/comments?post=2419"}],"version-history":[{"count":11,"href":"https:\/\/saraviafrias.com\/es_ES\/wp-json\/wp\/v2\/pages\/2419\/revisions"}],"predecessor-version":[{"id":2438,"href":"https:\/\/saraviafrias.com\/es_ES\/wp-json\/wp\/v2\/pages\/2419\/revisions\/2438"}],"wp:attachment":[{"href":"https:\/\/saraviafrias.com\/es_ES\/wp-json\/wp\/v2\/media?parent=2419"}],"curies":[{"name":"wp","href":"https:\/\/api.w.org\/{rel}","templated":true}]}}