{"id":2373,"date":"2024-09-16T20:34:49","date_gmt":"2024-09-16T20:34:49","guid":{"rendered":"https:\/\/saraviafrias.com\/?page_id=2373"},"modified":"2024-09-16T20:36:50","modified_gmt":"2024-09-16T20:36:50","slug":"juan-pablo-perez","status":"publish","type":"page","link":"https:\/\/saraviafrias.com\/es_ES\/juan-pablo-perez\/","title":{"rendered":"Juan Pablo Perez"},"content":{"rendered":"[vc_row type=&#8221;in_container&#8221; full_screen_row_position=&#8221;middle&#8221; column_margin=&#8221;default&#8221; column_direction=&#8221;default&#8221; column_direction_tablet=&#8221;default&#8221; column_direction_phone=&#8221;default&#8221; scene_position=&#8221;center&#8221; top_padding=&#8221;100&#8243; text_color=&#8221;dark&#8221; text_align=&#8221;left&#8221; row_border_radius=&#8221;none&#8221; row_border_radius_applies=&#8221;bg&#8221; overlay_strength=&#8221;0.3&#8243; gradient_direction=&#8221;left_to_right&#8221; shape_divider_position=&#8221;bottom&#8221; bg_image_animation=&#8221;none&#8221; shape_type=&#8221;&#8221;][vc_column column_padding=&#8221;no-extra-padding&#8221; column_padding_tablet=&#8221;inherit&#8221; column_padding_phone=&#8221;inherit&#8221; column_padding_position=&#8221;all&#8221; column_element_spacing=&#8221;default&#8221; background_color_opacity=&#8221;1&#8243; background_hover_color_opacity=&#8221;1&#8243; column_shadow=&#8221;none&#8221; column_border_radius=&#8221;none&#8221; column_link_target=&#8221;_self&#8221; gradient_direction=&#8221;left_to_right&#8221; overlay_strength=&#8221;0.3&#8243; width=&#8221;1\/3&#8243; tablet_width_inherit=&#8221;default&#8221; tablet_text_alignment=&#8221;default&#8221; phone_text_alignment=&#8221;default&#8221; bg_image_animation=&#8221;none&#8221; border_type=&#8221;simple&#8221; column_border_width=&#8221;none&#8221; column_border_style=&#8221;solid&#8221;][vc_column_text]<img loading=\"lazy\" class=\"alignnone size-medium wp-image-2362\" src=\"https:\/\/saraviafrias.com\/wp-content\/uploads\/2024\/09\/Juan-Pablo-Perez-300x300.jpeg\" alt=\"\" width=\"300\" height=\"300\" srcset=\"https:\/\/saraviafrias.com\/wp-content\/uploads\/2024\/09\/Juan-Pablo-Perez-300x300.jpeg 300w, https:\/\/saraviafrias.com\/wp-content\/uploads\/2024\/09\/Juan-Pablo-Perez-150x150.jpeg 150w, https:\/\/saraviafrias.com\/wp-content\/uploads\/2024\/09\/Juan-Pablo-Perez-100x100.jpeg 100w, https:\/\/saraviafrias.com\/wp-content\/uploads\/2024\/09\/Juan-Pablo-Perez-140x140.jpeg 140w, https:\/\/saraviafrias.com\/wp-content\/uploads\/2024\/09\/Juan-Pablo-Perez-350x350.jpeg 350w, https:\/\/saraviafrias.com\/wp-content\/uploads\/2024\/09\/Juan-Pablo-Perez.jpeg 480w\" sizes=\"(max-width: 300px) 100vw, 300px\" \/>[\/vc_column_text][\/vc_column][vc_column column_padding=&#8221;no-extra-padding&#8221; column_padding_tablet=&#8221;inherit&#8221; column_padding_phone=&#8221;inherit&#8221; column_padding_position=&#8221;all&#8221; column_element_spacing=&#8221;default&#8221; background_color_opacity=&#8221;1&#8243; background_hover_color_opacity=&#8221;1&#8243; column_shadow=&#8221;none&#8221; column_border_radius=&#8221;none&#8221; column_link_target=&#8221;_self&#8221; gradient_direction=&#8221;left_to_right&#8221; overlay_strength=&#8221;0.3&#8243; width=&#8221;2\/3&#8243; tablet_width_inherit=&#8221;default&#8221; tablet_text_alignment=&#8221;default&#8221; phone_text_alignment=&#8221;default&#8221; bg_image_animation=&#8221;none&#8221; border_type=&#8221;simple&#8221; column_border_width=&#8221;none&#8221; column_border_style=&#8221;solid&#8221;][vc_column_text]\n<h1>Juan Pablo Perez<\/h1>\n<h3>Abogado<\/h3>\n<p>Abogado de la Universidad de Los Andes en Colombia, y M\u00e1ster of Laws (LL.M) con \u00e9nfasis en derecho internacional y corporativo de la Universidad de Illinois. Complet\u00f3 estudios de estrategias de negocios y toma de decisiones en la Universidad de Washington en Estados Unidos.<\/p>\n<p>Cuenta con m\u00e1s de 20 a\u00f1os de experiencia trabajando en el \u00e1rea legal de empresas multinacionales de tecnolog\u00eda en Estados Unidos, ocupando diferentes cargos y manejando equipos con responsabilidades para Latinoam\u00e9rica, Canad\u00e1, y Estados Unidos. Como parte de su experiencia, ha trabajado en la estructuraci\u00f3n y cierre de diferentes transacciones comerciales y corporativas, as\u00ed como el manejo y resoluci\u00f3n de diversos temas relacionados con asuntos de compliance, regulatorios, y litigios.<\/p>\n<p>IDIOMAS: espa\u00f1ol, ingl\u00e9s y portugu\u00e9s.[\/vc_column_text][\/vc_column][\/vc_row]\n","protected":false},"excerpt":{"rendered":"<p>[vc_row type=&#8221;in_container&#8221; full_screen_row_position=&#8221;middle&#8221; column_margin=&#8221;default&#8221; column_direction=&#8221;default&#8221; column_direction_tablet=&#8221;default&#8221; column_direction_phone=&#8221;default&#8221; scene_position=&#8221;center&#8221; top_padding=&#8221;100&#8243; text_color=&#8221;dark&#8221; text_align&#8230;<\/p>\n","protected":false},"author":4,"featured_media":0,"parent":0,"menu_order":0,"comment_status":"closed","ping_status":"closed","template":"","meta":[],"_links":{"self":[{"href":"https:\/\/saraviafrias.com\/es_ES\/wp-json\/wp\/v2\/pages\/2373"}],"collection":[{"href":"https:\/\/saraviafrias.com\/es_ES\/wp-json\/wp\/v2\/pages"}],"about":[{"href":"https:\/\/saraviafrias.com\/es_ES\/wp-json\/wp\/v2\/types\/page"}],"author":[{"embeddable":true,"href":"https:\/\/saraviafrias.com\/es_ES\/wp-json\/wp\/v2\/users\/4"}],"replies":[{"embeddable":true,"href":"https:\/\/saraviafrias.com\/es_ES\/wp-json\/wp\/v2\/comments?post=2373"}],"version-history":[{"count":5,"href":"https:\/\/saraviafrias.com\/es_ES\/wp-json\/wp\/v2\/pages\/2373\/revisions"}],"predecessor-version":[{"id":2379,"href":"https:\/\/saraviafrias.com\/es_ES\/wp-json\/wp\/v2\/pages\/2373\/revisions\/2379"}],"wp:attachment":[{"href":"https:\/\/saraviafrias.com\/es_ES\/wp-json\/wp\/v2\/media?parent=2373"}],"curies":[{"name":"wp","href":"https:\/\/api.w.org\/{rel}","templated":true}]}}