{"id":2365,"date":"2024-09-16T20:30:57","date_gmt":"2024-09-16T20:30:57","guid":{"rendered":"https:\/\/saraviafrias.com\/?page_id=2365"},"modified":"2024-09-16T20:32:14","modified_gmt":"2024-09-16T20:32:14","slug":"paul-peralta","status":"publish","type":"page","link":"https:\/\/saraviafrias.com\/es_ES\/paul-peralta\/","title":{"rendered":"Paul Peralta"},"content":{"rendered":"[vc_row type=&#8221;in_container&#8221; full_screen_row_position=&#8221;middle&#8221; column_margin=&#8221;default&#8221; column_direction=&#8221;default&#8221; column_direction_tablet=&#8221;default&#8221; column_direction_phone=&#8221;default&#8221; scene_position=&#8221;center&#8221; top_padding=&#8221;100&#8243; text_color=&#8221;dark&#8221; text_align=&#8221;left&#8221; row_border_radius=&#8221;none&#8221; row_border_radius_applies=&#8221;bg&#8221; overlay_strength=&#8221;0.3&#8243; gradient_direction=&#8221;left_to_right&#8221; shape_divider_position=&#8221;bottom&#8221; bg_image_animation=&#8221;none&#8221; shape_type=&#8221;&#8221;][vc_column column_padding=&#8221;no-extra-padding&#8221; column_padding_tablet=&#8221;inherit&#8221; column_padding_phone=&#8221;inherit&#8221; column_padding_position=&#8221;all&#8221; column_element_spacing=&#8221;default&#8221; background_color_opacity=&#8221;1&#8243; background_hover_color_opacity=&#8221;1&#8243; column_shadow=&#8221;none&#8221; column_border_radius=&#8221;none&#8221; column_link_target=&#8221;_self&#8221; gradient_direction=&#8221;left_to_right&#8221; overlay_strength=&#8221;0.3&#8243; width=&#8221;1\/3&#8243; tablet_width_inherit=&#8221;default&#8221; tablet_text_alignment=&#8221;default&#8221; phone_text_alignment=&#8221;default&#8221; bg_image_animation=&#8221;none&#8221; border_type=&#8221;simple&#8221; column_border_width=&#8221;none&#8221; column_border_style=&#8221;solid&#8221;][vc_column_text]<img loading=\"lazy\" class=\"alignnone wp-image-2363 size-full\" src=\"https:\/\/saraviafrias.com\/wp-content\/uploads\/2024\/09\/PaulPeralta.jpeg\" alt=\"\" width=\"354\" height=\"354\" srcset=\"https:\/\/saraviafrias.com\/wp-content\/uploads\/2024\/09\/PaulPeralta.jpeg 354w, https:\/\/saraviafrias.com\/wp-content\/uploads\/2024\/09\/PaulPeralta-300x300.jpeg 300w, https:\/\/saraviafrias.com\/wp-content\/uploads\/2024\/09\/PaulPeralta-150x150.jpeg 150w, https:\/\/saraviafrias.com\/wp-content\/uploads\/2024\/09\/PaulPeralta-100x100.jpeg 100w, https:\/\/saraviafrias.com\/wp-content\/uploads\/2024\/09\/PaulPeralta-140x140.jpeg 140w, https:\/\/saraviafrias.com\/wp-content\/uploads\/2024\/09\/PaulPeralta-350x350.jpeg 350w\" sizes=\"(max-width: 354px) 100vw, 354px\" \/>[\/vc_column_text][\/vc_column][vc_column column_padding=&#8221;no-extra-padding&#8221; column_padding_tablet=&#8221;inherit&#8221; column_padding_phone=&#8221;inherit&#8221; column_padding_position=&#8221;all&#8221; column_element_spacing=&#8221;default&#8221; background_color_opacity=&#8221;1&#8243; background_hover_color_opacity=&#8221;1&#8243; column_shadow=&#8221;none&#8221; column_border_radius=&#8221;none&#8221; column_link_target=&#8221;_self&#8221; gradient_direction=&#8221;left_to_right&#8221; overlay_strength=&#8221;0.3&#8243; width=&#8221;2\/3&#8243; tablet_width_inherit=&#8221;default&#8221; tablet_text_alignment=&#8221;default&#8221; phone_text_alignment=&#8221;default&#8221; bg_image_animation=&#8221;none&#8221; border_type=&#8221;simple&#8221; column_border_width=&#8221;none&#8221; column_border_style=&#8221;solid&#8221;][vc_column_text]\n<h1>Paul Peralta<\/h1>\n<h3>Abogado<\/h3>\n<p>Abogado por la Universidad de Notre Dame, y cuenta con un BA en Gobierno.<\/p>\n<p>Paul ha gestionado litigios laborales y comerciales de amplio alcance, incluyendo la representaci\u00f3n de la direcci\u00f3n en casos de litigio bajo el T\u00edtulo VII, ADEA, ADA y ERISA, as\u00ed como en procedimientos ante la EEOC y las agencias estatales y locales correspondientes.<\/p>\n<p>Actualmente es miembro de la firma Moore &amp; Va Allen, PLLC, donde trata temas como litigios civiles, laboral, regulaci\u00f3n y delitos de cuello blanco, convenios restrictivos y secretos comerciales, terminaciones y reducciones de personal, y cumplimiento de normas de salarios y horas.[\/vc_column_text][\/vc_column][\/vc_row]\n","protected":false},"excerpt":{"rendered":"<p>[vc_row type=&#8221;in_container&#8221; full_screen_row_position=&#8221;middle&#8221; column_margin=&#8221;default&#8221; column_direction=&#8221;default&#8221; column_direction_tablet=&#8221;default&#8221; column_direction_phone=&#8221;default&#8221; scene_position=&#8221;center&#8221; top_padding=&#8221;100&#8243; text_color=&#8221;dark&#8221; text_align&#8230;<\/p>\n","protected":false},"author":4,"featured_media":0,"parent":0,"menu_order":0,"comment_status":"closed","ping_status":"closed","template":"","meta":[],"_links":{"self":[{"href":"https:\/\/saraviafrias.com\/es_ES\/wp-json\/wp\/v2\/pages\/2365"}],"collection":[{"href":"https:\/\/saraviafrias.com\/es_ES\/wp-json\/wp\/v2\/pages"}],"about":[{"href":"https:\/\/saraviafrias.com\/es_ES\/wp-json\/wp\/v2\/types\/page"}],"author":[{"embeddable":true,"href":"https:\/\/saraviafrias.com\/es_ES\/wp-json\/wp\/v2\/users\/4"}],"replies":[{"embeddable":true,"href":"https:\/\/saraviafrias.com\/es_ES\/wp-json\/wp\/v2\/comments?post=2365"}],"version-history":[{"count":6,"href":"https:\/\/saraviafrias.com\/es_ES\/wp-json\/wp\/v2\/pages\/2365\/revisions"}],"predecessor-version":[{"id":2372,"href":"https:\/\/saraviafrias.com\/es_ES\/wp-json\/wp\/v2\/pages\/2365\/revisions\/2372"}],"wp:attachment":[{"href":"https:\/\/saraviafrias.com\/es_ES\/wp-json\/wp\/v2\/media?parent=2365"}],"curies":[{"name":"wp","href":"https:\/\/api.w.org\/{rel}","templated":true}]}}