{"id":2276,"date":"2024-09-14T04:51:22","date_gmt":"2024-09-14T04:51:22","guid":{"rendered":"https:\/\/saraviafrias.com\/?page_id=2276"},"modified":"2024-09-16T16:52:54","modified_gmt":"2024-09-16T16:52:54","slug":"manuel-tagle","status":"publish","type":"page","link":"https:\/\/saraviafrias.com\/es_ES\/manuel-tagle\/","title":{"rendered":"Manuel Tagle"},"content":{"rendered":"[vc_row type=&#8221;in_container&#8221; full_screen_row_position=&#8221;middle&#8221; column_margin=&#8221;default&#8221; column_direction=&#8221;default&#8221; column_direction_tablet=&#8221;default&#8221; column_direction_phone=&#8221;default&#8221; scene_position=&#8221;center&#8221; top_padding=&#8221;100&#8243; text_color=&#8221;dark&#8221; text_align=&#8221;left&#8221; row_border_radius=&#8221;none&#8221; row_border_radius_applies=&#8221;bg&#8221; overlay_strength=&#8221;0.3&#8243; gradient_direction=&#8221;left_to_right&#8221; shape_divider_position=&#8221;bottom&#8221; bg_image_animation=&#8221;none&#8221; shape_type=&#8221;&#8221;][vc_column column_padding=&#8221;no-extra-padding&#8221; column_padding_tablet=&#8221;inherit&#8221; column_padding_phone=&#8221;inherit&#8221; column_padding_position=&#8221;all&#8221; column_element_spacing=&#8221;default&#8221; background_color_opacity=&#8221;1&#8243; background_hover_color_opacity=&#8221;1&#8243; column_shadow=&#8221;none&#8221; column_border_radius=&#8221;none&#8221; column_link_target=&#8221;_self&#8221; gradient_direction=&#8221;left_to_right&#8221; overlay_strength=&#8221;0.3&#8243; width=&#8221;1\/3&#8243; tablet_width_inherit=&#8221;default&#8221; tablet_text_alignment=&#8221;default&#8221; phone_text_alignment=&#8221;default&#8221; bg_image_animation=&#8221;none&#8221; border_type=&#8221;simple&#8221; column_border_width=&#8221;none&#8221; column_border_style=&#8221;solid&#8221;][vc_column_text]<img loading=\"lazy\" class=\"alignnone size-full wp-image-2251\" src=\"https:\/\/saraviafrias.com\/wp-content\/uploads\/2024\/09\/Manuel-Tagle.jpg\" alt=\"\" width=\"480\" height=\"480\" srcset=\"https:\/\/saraviafrias.com\/wp-content\/uploads\/2024\/09\/Manuel-Tagle.jpg 480w, https:\/\/saraviafrias.com\/wp-content\/uploads\/2024\/09\/Manuel-Tagle-300x300.jpg 300w, https:\/\/saraviafrias.com\/wp-content\/uploads\/2024\/09\/Manuel-Tagle-150x150.jpg 150w, https:\/\/saraviafrias.com\/wp-content\/uploads\/2024\/09\/Manuel-Tagle-100x100.jpg 100w, https:\/\/saraviafrias.com\/wp-content\/uploads\/2024\/09\/Manuel-Tagle-140x140.jpg 140w, https:\/\/saraviafrias.com\/wp-content\/uploads\/2024\/09\/Manuel-Tagle-350x350.jpg 350w\" sizes=\"(max-width: 480px) 100vw, 480px\" \/>[\/vc_column_text][\/vc_column][vc_column column_padding=&#8221;no-extra-padding&#8221; column_padding_tablet=&#8221;inherit&#8221; column_padding_phone=&#8221;inherit&#8221; column_padding_position=&#8221;all&#8221; column_element_spacing=&#8221;default&#8221; background_color_opacity=&#8221;1&#8243; background_hover_color_opacity=&#8221;1&#8243; column_shadow=&#8221;none&#8221; column_border_radius=&#8221;none&#8221; column_link_target=&#8221;_self&#8221; gradient_direction=&#8221;left_to_right&#8221; overlay_strength=&#8221;0.3&#8243; width=&#8221;2\/3&#8243; tablet_width_inherit=&#8221;default&#8221; tablet_text_alignment=&#8221;default&#8221; phone_text_alignment=&#8221;default&#8221; bg_image_animation=&#8221;none&#8221; border_type=&#8221;simple&#8221; column_border_width=&#8221;none&#8221; column_border_style=&#8221;solid&#8221;][vc_column_text]\n<h1><strong>Manuel Tagle <\/strong><\/h1>\n<h3>Contador P\u00fablico<\/h3>\n<p>Contador P\u00fablico por la Universidad Nacional de C\u00f3rdoba. Se desempe\u00f1a como Presidente de la Bolsa de Comercio de C\u00f3rdoba y Presidente de la Fundaci\u00f3n para el Progreso de la Medicina.<\/p>\n<p>Es miembro del Consejo Empresario, Asesor de la Fundaci\u00f3n Internacional para la Libertad y empresario fundador de numerosas concesionarias oficiales de veh\u00edculos tales como Avant S.A, M. Tagle (h) y Cia. SACIF, Motor S.A., entre otras.<\/p>\n<p>Adem\u00e1s, es empresario fundador de las sociedades Country de las Sierras y Denat, participando en desarrollos de Real Estate modelos en la Provincia.<\/p>\n<p>Colaborador period\u00edstico de opini\u00f3n en el diario La Voz del Interior, habiendo publicado numerosos art\u00edculos de gran inter\u00e9s.[\/vc_column_text][\/vc_column][\/vc_row]\n","protected":false},"excerpt":{"rendered":"<p>[vc_row type=&#8221;in_container&#8221; full_screen_row_position=&#8221;middle&#8221; column_margin=&#8221;default&#8221; column_direction=&#8221;default&#8221; column_direction_tablet=&#8221;default&#8221; column_direction_phone=&#8221;default&#8221; scene_position=&#8221;center&#8221; top_padding=&#8221;100&#8243; text_color=&#8221;dark&#8221; text_align&#8230;<\/p>\n","protected":false},"author":4,"featured_media":0,"parent":0,"menu_order":0,"comment_status":"closed","ping_status":"closed","template":"","meta":[],"_links":{"self":[{"href":"https:\/\/saraviafrias.com\/es_ES\/wp-json\/wp\/v2\/pages\/2276"}],"collection":[{"href":"https:\/\/saraviafrias.com\/es_ES\/wp-json\/wp\/v2\/pages"}],"about":[{"href":"https:\/\/saraviafrias.com\/es_ES\/wp-json\/wp\/v2\/types\/page"}],"author":[{"embeddable":true,"href":"https:\/\/saraviafrias.com\/es_ES\/wp-json\/wp\/v2\/users\/4"}],"replies":[{"embeddable":true,"href":"https:\/\/saraviafrias.com\/es_ES\/wp-json\/wp\/v2\/comments?post=2276"}],"version-history":[{"count":7,"href":"https:\/\/saraviafrias.com\/es_ES\/wp-json\/wp\/v2\/pages\/2276\/revisions"}],"predecessor-version":[{"id":2350,"href":"https:\/\/saraviafrias.com\/es_ES\/wp-json\/wp\/v2\/pages\/2276\/revisions\/2350"}],"wp:attachment":[{"href":"https:\/\/saraviafrias.com\/es_ES\/wp-json\/wp\/v2\/media?parent=2276"}],"curies":[{"name":"wp","href":"https:\/\/api.w.org\/{rel}","templated":true}]}}