{"id":2274,"date":"2024-09-14T04:47:24","date_gmt":"2024-09-14T04:47:24","guid":{"rendered":"https:\/\/saraviafrias.com\/?page_id=2274"},"modified":"2024-09-16T16:51:16","modified_gmt":"2024-09-16T16:51:16","slug":"guillermo-giudici","status":"publish","type":"page","link":"https:\/\/saraviafrias.com\/es_ES\/guillermo-giudici\/","title":{"rendered":"Guillermo Giudici"},"content":{"rendered":"[vc_row type=&#8221;in_container&#8221; full_screen_row_position=&#8221;middle&#8221; column_margin=&#8221;default&#8221; column_direction=&#8221;default&#8221; column_direction_tablet=&#8221;default&#8221; column_direction_phone=&#8221;default&#8221; scene_position=&#8221;center&#8221; top_padding=&#8221;100&#8243; text_color=&#8221;dark&#8221; text_align=&#8221;left&#8221; row_border_radius=&#8221;none&#8221; row_border_radius_applies=&#8221;bg&#8221; overlay_strength=&#8221;0.3&#8243; gradient_direction=&#8221;left_to_right&#8221; shape_divider_position=&#8221;bottom&#8221; bg_image_animation=&#8221;none&#8221; shape_type=&#8221;&#8221;][vc_column column_padding=&#8221;no-extra-padding&#8221; column_padding_tablet=&#8221;inherit&#8221; column_padding_phone=&#8221;inherit&#8221; column_padding_position=&#8221;all&#8221; column_element_spacing=&#8221;default&#8221; background_color_opacity=&#8221;1&#8243; background_hover_color_opacity=&#8221;1&#8243; column_shadow=&#8221;none&#8221; column_border_radius=&#8221;none&#8221; column_link_target=&#8221;_self&#8221; gradient_direction=&#8221;left_to_right&#8221; overlay_strength=&#8221;0.3&#8243; width=&#8221;1\/3&#8243; tablet_width_inherit=&#8221;default&#8221; tablet_text_alignment=&#8221;default&#8221; phone_text_alignment=&#8221;default&#8221; bg_image_animation=&#8221;none&#8221; border_type=&#8221;simple&#8221; column_border_width=&#8221;none&#8221; column_border_style=&#8221;solid&#8221;][vc_column_text]<img loading=\"lazy\" class=\"alignnone size-full wp-image-2248\" src=\"https:\/\/saraviafrias.com\/wp-content\/uploads\/2024\/09\/Guillermo-Giudici.jpg\" alt=\"\" width=\"312\" height=\"312\" srcset=\"https:\/\/saraviafrias.com\/wp-content\/uploads\/2024\/09\/Guillermo-Giudici.jpg 312w, https:\/\/saraviafrias.com\/wp-content\/uploads\/2024\/09\/Guillermo-Giudici-300x300.jpg 300w, https:\/\/saraviafrias.com\/wp-content\/uploads\/2024\/09\/Guillermo-Giudici-150x150.jpg 150w, https:\/\/saraviafrias.com\/wp-content\/uploads\/2024\/09\/Guillermo-Giudici-100x100.jpg 100w, https:\/\/saraviafrias.com\/wp-content\/uploads\/2024\/09\/Guillermo-Giudici-140x140.jpg 140w\" sizes=\"(max-width: 312px) 100vw, 312px\" \/>[\/vc_column_text][\/vc_column][vc_column column_padding=&#8221;no-extra-padding&#8221; column_padding_tablet=&#8221;inherit&#8221; column_padding_phone=&#8221;inherit&#8221; column_padding_position=&#8221;all&#8221; column_element_spacing=&#8221;default&#8221; background_color_opacity=&#8221;1&#8243; background_hover_color_opacity=&#8221;1&#8243; column_shadow=&#8221;none&#8221; column_border_radius=&#8221;none&#8221; column_link_target=&#8221;_self&#8221; gradient_direction=&#8221;left_to_right&#8221; overlay_strength=&#8221;0.3&#8243; width=&#8221;2\/3&#8243; tablet_width_inherit=&#8221;default&#8221; tablet_text_alignment=&#8221;default&#8221; phone_text_alignment=&#8221;default&#8221; bg_image_animation=&#8221;none&#8221; border_type=&#8221;simple&#8221; column_border_width=&#8221;none&#8221; column_border_style=&#8221;solid&#8221;][vc_column_text]\n<h1><strong>Guillermo Giudici <\/strong><\/h1>\n<h3>Licenciado en Administraci\u00f3n de Empresas<\/h3>\n<p>Licenciado en Administraci\u00f3n de Empresas por la Universidad de Buenos Aires.<\/p>\n<p>Trabaj\u00f3, lider\u00f3 y asesor\u00f3 en innumerables proyectos enfocados en criptograf\u00eda, DeFi y blockchain como: SeSocio, plataforma de finanzas personales e inversiones de Latinoam\u00e9rica; Uphold, plataforma comercial y billetera digital que brinda acceso a servicios financieros.<\/p>\n<p>Actualmente es Director Ejecutivo de Fulbo Galaxy y CEO de Aconcagua Games, un equipo de dise\u00f1adores, desarrolladores y artistas de juegos que lideran la revoluci\u00f3n DeFi en el sector de los videojuegos.[\/vc_column_text][\/vc_column][\/vc_row]\n","protected":false},"excerpt":{"rendered":"<p>[vc_row type=&#8221;in_container&#8221; full_screen_row_position=&#8221;middle&#8221; column_margin=&#8221;default&#8221; column_direction=&#8221;default&#8221; column_direction_tablet=&#8221;default&#8221; column_direction_phone=&#8221;default&#8221; scene_position=&#8221;center&#8221; top_padding=&#8221;100&#8243; text_color=&#8221;dark&#8221; text_align&#8230;<\/p>\n","protected":false},"author":4,"featured_media":0,"parent":0,"menu_order":0,"comment_status":"closed","ping_status":"closed","template":"","meta":[],"_links":{"self":[{"href":"https:\/\/saraviafrias.com\/es_ES\/wp-json\/wp\/v2\/pages\/2274"}],"collection":[{"href":"https:\/\/saraviafrias.com\/es_ES\/wp-json\/wp\/v2\/pages"}],"about":[{"href":"https:\/\/saraviafrias.com\/es_ES\/wp-json\/wp\/v2\/types\/page"}],"author":[{"embeddable":true,"href":"https:\/\/saraviafrias.com\/es_ES\/wp-json\/wp\/v2\/users\/4"}],"replies":[{"embeddable":true,"href":"https:\/\/saraviafrias.com\/es_ES\/wp-json\/wp\/v2\/comments?post=2274"}],"version-history":[{"count":8,"href":"https:\/\/saraviafrias.com\/es_ES\/wp-json\/wp\/v2\/pages\/2274\/revisions"}],"predecessor-version":[{"id":2346,"href":"https:\/\/saraviafrias.com\/es_ES\/wp-json\/wp\/v2\/pages\/2274\/revisions\/2346"}],"wp:attachment":[{"href":"https:\/\/saraviafrias.com\/es_ES\/wp-json\/wp\/v2\/media?parent=2274"}],"curies":[{"name":"wp","href":"https:\/\/api.w.org\/{rel}","templated":true}]}}