{"id":2270,"date":"2024-09-14T04:42:19","date_gmt":"2024-09-14T04:42:19","guid":{"rendered":"https:\/\/saraviafrias.com\/?page_id=2270"},"modified":"2024-09-17T21:46:10","modified_gmt":"2024-09-17T21:46:10","slug":"fernando-marull","status":"publish","type":"page","link":"https:\/\/saraviafrias.com\/es_ES\/fernando-marull\/","title":{"rendered":"Fernando Marull"},"content":{"rendered":"[vc_row type=&#8221;in_container&#8221; full_screen_row_position=&#8221;middle&#8221; column_margin=&#8221;default&#8221; column_direction=&#8221;default&#8221; column_direction_tablet=&#8221;default&#8221; column_direction_phone=&#8221;default&#8221; scene_position=&#8221;center&#8221; top_padding=&#8221;100&#8243; text_color=&#8221;dark&#8221; text_align=&#8221;left&#8221; row_border_radius=&#8221;none&#8221; row_border_radius_applies=&#8221;bg&#8221; overlay_strength=&#8221;0.3&#8243; gradient_direction=&#8221;left_to_right&#8221; shape_divider_position=&#8221;bottom&#8221; bg_image_animation=&#8221;none&#8221; shape_type=&#8221;&#8221;][vc_column column_padding=&#8221;no-extra-padding&#8221; column_padding_tablet=&#8221;inherit&#8221; column_padding_phone=&#8221;inherit&#8221; column_padding_position=&#8221;all&#8221; column_element_spacing=&#8221;default&#8221; background_color_opacity=&#8221;1&#8243; background_hover_color_opacity=&#8221;1&#8243; column_shadow=&#8221;none&#8221; column_border_radius=&#8221;none&#8221; column_link_target=&#8221;_self&#8221; gradient_direction=&#8221;left_to_right&#8221; overlay_strength=&#8221;0.3&#8243; width=&#8221;1\/3&#8243; tablet_width_inherit=&#8221;default&#8221; tablet_text_alignment=&#8221;default&#8221; phone_text_alignment=&#8221;default&#8221; bg_image_animation=&#8221;none&#8221; border_type=&#8221;simple&#8221; column_border_width=&#8221;none&#8221; column_border_style=&#8221;solid&#8221;][vc_column_text]<img loading=\"lazy\" class=\"alignnone size-full wp-image-2247\" src=\"https:\/\/saraviafrias.com\/wp-content\/uploads\/2024\/09\/Fernando-Marul.jpg\" alt=\"\" width=\"959\" height=\"959\" srcset=\"https:\/\/saraviafrias.com\/wp-content\/uploads\/2024\/09\/Fernando-Marul.jpg 959w, https:\/\/saraviafrias.com\/wp-content\/uploads\/2024\/09\/Fernando-Marul-300x300.jpg 300w, https:\/\/saraviafrias.com\/wp-content\/uploads\/2024\/09\/Fernando-Marul-150x150.jpg 150w, https:\/\/saraviafrias.com\/wp-content\/uploads\/2024\/09\/Fernando-Marul-768x768.jpg 768w, https:\/\/saraviafrias.com\/wp-content\/uploads\/2024\/09\/Fernando-Marul-100x100.jpg 100w, https:\/\/saraviafrias.com\/wp-content\/uploads\/2024\/09\/Fernando-Marul-140x140.jpg 140w, https:\/\/saraviafrias.com\/wp-content\/uploads\/2024\/09\/Fernando-Marul-500x500.jpg 500w, https:\/\/saraviafrias.com\/wp-content\/uploads\/2024\/09\/Fernando-Marul-350x350.jpg 350w, https:\/\/saraviafrias.com\/wp-content\/uploads\/2024\/09\/Fernando-Marul-800x800.jpg 800w\" sizes=\"(max-width: 959px) 100vw, 959px\" \/>[\/vc_column_text][\/vc_column][vc_column column_padding=&#8221;no-extra-padding&#8221; column_padding_tablet=&#8221;inherit&#8221; column_padding_phone=&#8221;inherit&#8221; column_padding_position=&#8221;all&#8221; column_element_spacing=&#8221;default&#8221; background_color_opacity=&#8221;1&#8243; background_hover_color_opacity=&#8221;1&#8243; column_shadow=&#8221;none&#8221; column_border_radius=&#8221;none&#8221; column_link_target=&#8221;_self&#8221; gradient_direction=&#8221;left_to_right&#8221; overlay_strength=&#8221;0.3&#8243; width=&#8221;2\/3&#8243; tablet_width_inherit=&#8221;default&#8221; tablet_text_alignment=&#8221;default&#8221; phone_text_alignment=&#8221;default&#8221; bg_image_animation=&#8221;none&#8221; border_type=&#8221;simple&#8221; column_border_width=&#8221;none&#8221; column_border_style=&#8221;solid&#8221;][vc_column_text]\n<h1><strong>Fernando Marull<\/strong><\/h1>\n<h3>Licenciado en Econom\u00eda<\/h3>\n<p>Licenciado en Econom\u00eda por la Universidad Cat\u00f3lica Argentina. Cuenta con una Maestr\u00eda en Econom\u00eda con especializaci\u00f3n en Macroeconom\u00eda y Mercados Financieros por la Universidad de Buenos Aires.<\/p>\n<p>Se desempe\u00f1\u00f3 en la consultora Julio A. Piekarz &amp; Asociados, en el Banco Ita\u00fa Argentina en Banca Privada, bonos y acciones, y en Ita\u00fa Chile como Global Credit Research Specialist.<\/p>\n<p>Fue asesor del Ministro de Econom\u00eda de la Rep\u00fablica Argentina en el per\u00edodo 2016-2019.<\/p>\n<p>Actualmente es consultor en econom\u00eda y finanzas; advisory financiero, local e internacional, y dirige la consultora econ\u00f3mica FMyA (Fernando Marull y Asociados).<\/p>\n<p>Cuenta con diversas publicaciones de econom\u00eda y finanzas.<\/p>\n<p>Participa activamente en columnas editoriales sobre econom\u00eda en reconocidos medios nacionales e internacionales (LN+, Clar\u00edn, La Naci\u00f3n, Infobae, CNN, The Economist, Financial Times y Bloomberg) y asesora a clientes locales e internacionales.[\/vc_column_text][\/vc_column][\/vc_row]\n","protected":false},"excerpt":{"rendered":"<p>[vc_row type=&#8221;in_container&#8221; full_screen_row_position=&#8221;middle&#8221; column_margin=&#8221;default&#8221; column_direction=&#8221;default&#8221; column_direction_tablet=&#8221;default&#8221; column_direction_phone=&#8221;default&#8221; scene_position=&#8221;center&#8221; top_padding=&#8221;100&#8243; text_color=&#8221;dark&#8221; text_align&#8230;<\/p>\n","protected":false},"author":4,"featured_media":0,"parent":0,"menu_order":0,"comment_status":"closed","ping_status":"closed","template":"","meta":[],"_links":{"self":[{"href":"https:\/\/saraviafrias.com\/es_ES\/wp-json\/wp\/v2\/pages\/2270"}],"collection":[{"href":"https:\/\/saraviafrias.com\/es_ES\/wp-json\/wp\/v2\/pages"}],"about":[{"href":"https:\/\/saraviafrias.com\/es_ES\/wp-json\/wp\/v2\/types\/page"}],"author":[{"embeddable":true,"href":"https:\/\/saraviafrias.com\/es_ES\/wp-json\/wp\/v2\/users\/4"}],"replies":[{"embeddable":true,"href":"https:\/\/saraviafrias.com\/es_ES\/wp-json\/wp\/v2\/comments?post=2270"}],"version-history":[{"count":11,"href":"https:\/\/saraviafrias.com\/es_ES\/wp-json\/wp\/v2\/pages\/2270\/revisions"}],"predecessor-version":[{"id":2395,"href":"https:\/\/saraviafrias.com\/es_ES\/wp-json\/wp\/v2\/pages\/2270\/revisions\/2395"}],"wp:attachment":[{"href":"https:\/\/saraviafrias.com\/es_ES\/wp-json\/wp\/v2\/media?parent=2270"}],"curies":[{"name":"wp","href":"https:\/\/api.w.org\/{rel}","templated":true}]}}