{"id":2268,"date":"2024-09-14T04:38:29","date_gmt":"2024-09-14T04:38:29","guid":{"rendered":"https:\/\/saraviafrias.com\/?page_id=2268"},"modified":"2024-09-17T21:49:26","modified_gmt":"2024-09-17T21:49:26","slug":"antonio-de-la-rua","status":"publish","type":"page","link":"https:\/\/saraviafrias.com\/es_ES\/antonio-de-la-rua\/","title":{"rendered":"Aito de la R\u00faa"},"content":{"rendered":"[vc_row type=&#8221;in_container&#8221; full_screen_row_position=&#8221;middle&#8221; column_margin=&#8221;default&#8221; column_direction=&#8221;default&#8221; column_direction_tablet=&#8221;default&#8221; column_direction_phone=&#8221;default&#8221; scene_position=&#8221;center&#8221; top_padding=&#8221;100&#8243; text_color=&#8221;dark&#8221; text_align=&#8221;left&#8221; row_border_radius=&#8221;none&#8221; row_border_radius_applies=&#8221;bg&#8221; overlay_strength=&#8221;0.3&#8243; gradient_direction=&#8221;left_to_right&#8221; shape_divider_position=&#8221;bottom&#8221; bg_image_animation=&#8221;none&#8221; shape_type=&#8221;&#8221;][vc_column column_padding=&#8221;no-extra-padding&#8221; column_padding_tablet=&#8221;inherit&#8221; column_padding_phone=&#8221;inherit&#8221; column_padding_position=&#8221;all&#8221; column_element_spacing=&#8221;default&#8221; background_color_opacity=&#8221;1&#8243; background_hover_color_opacity=&#8221;1&#8243; column_shadow=&#8221;none&#8221; column_border_radius=&#8221;none&#8221; column_link_target=&#8221;_self&#8221; gradient_direction=&#8221;left_to_right&#8221; overlay_strength=&#8221;0.3&#8243; width=&#8221;1\/3&#8243; tablet_width_inherit=&#8221;default&#8221; tablet_text_alignment=&#8221;default&#8221; phone_text_alignment=&#8221;default&#8221; bg_image_animation=&#8221;none&#8221; border_type=&#8221;simple&#8221; column_border_width=&#8221;none&#8221; column_border_style=&#8221;solid&#8221;][vc_column_text]<img loading=\"lazy\" class=\"alignnone size-full wp-image-2244\" src=\"https:\/\/saraviafrias.com\/wp-content\/uploads\/2024\/09\/Antonio-de-la-Rua.jpg\" alt=\"\" width=\"480\" height=\"480\" srcset=\"https:\/\/saraviafrias.com\/wp-content\/uploads\/2024\/09\/Antonio-de-la-Rua.jpg 480w, https:\/\/saraviafrias.com\/wp-content\/uploads\/2024\/09\/Antonio-de-la-Rua-300x300.jpg 300w, https:\/\/saraviafrias.com\/wp-content\/uploads\/2024\/09\/Antonio-de-la-Rua-150x150.jpg 150w, https:\/\/saraviafrias.com\/wp-content\/uploads\/2024\/09\/Antonio-de-la-Rua-100x100.jpg 100w, https:\/\/saraviafrias.com\/wp-content\/uploads\/2024\/09\/Antonio-de-la-Rua-140x140.jpg 140w, https:\/\/saraviafrias.com\/wp-content\/uploads\/2024\/09\/Antonio-de-la-Rua-350x350.jpg 350w\" sizes=\"(max-width: 480px) 100vw, 480px\" \/>[\/vc_column_text][\/vc_column][vc_column column_padding=&#8221;no-extra-padding&#8221; column_padding_tablet=&#8221;inherit&#8221; column_padding_phone=&#8221;inherit&#8221; column_padding_position=&#8221;all&#8221; column_element_spacing=&#8221;default&#8221; background_color_opacity=&#8221;1&#8243; background_hover_color_opacity=&#8221;1&#8243; column_shadow=&#8221;none&#8221; column_border_radius=&#8221;none&#8221; column_link_target=&#8221;_self&#8221; gradient_direction=&#8221;left_to_right&#8221; overlay_strength=&#8221;0.3&#8243; width=&#8221;2\/3&#8243; tablet_width_inherit=&#8221;default&#8221; tablet_text_alignment=&#8221;default&#8221; phone_text_alignment=&#8221;default&#8221; bg_image_animation=&#8221;none&#8221; border_type=&#8221;simple&#8221; column_border_width=&#8221;none&#8221; column_border_style=&#8221;solid&#8221;][vc_column_text]\n<h1><strong>Aito de la R\u00faa<\/strong><\/h1>\n<h3>Abogado<\/h3>\n<p>Cofundador de <em>Educ.ar<\/em>, la primera plataforma educativa en Argentina destinada a conectar escuelas p\u00fablicas a Internet, facilitando la distribuci\u00f3n de contenidos digitales tanto para estudiantes como para profesores.<\/p>\n<p>Cofundador de <em>Pure Design<\/em>, la feria de dise\u00f1o m\u00e1s grande de Argentina, con el objetivo de ofrecer oportunidades a artistas y dise\u00f1adores, conect\u00e1ndolos con nuevos mercados a nivel mundial.<\/p>\n<p>Dedic\u00f3 casi una d\u00e9cada a la industria de la m\u00fasica, gestionando la carrera de la artista internacional Shakira.<\/p>\n<p>Se incorpor\u00f3 como Vicepresidente Jefe de Bienestar y Asociaciones a la empresa hotelera estadounidense <em>Nomade People<\/em>, enfoc\u00e1ndose en experiencias transformadoras, m\u00fasica y hospitalidad de lujo.<\/p>\n<p>Estudioso de diversas formas de transformaci\u00f3n personal y con un inter\u00e9s permanente por la filosof\u00eda, fund\u00f3 <em>Spinoza<\/em>, una empresa holandesa que explora c\u00f3mo la combinaci\u00f3n de psicolog\u00eda, terapias basadas en hongos y sonido puede contribuir a ser personas m\u00e1s pac\u00edficas, compasivas y creativas.<\/p>\n<p>Es residente en Uruguay, pero en constante movimiento entre Europa, Marruecos y Norteam\u00e9rica, ha desarrollado una amplia red internacional, impulsando una nueva forma de entender la vida y los negocios.[\/vc_column_text][\/vc_column][\/vc_row]\n","protected":false},"excerpt":{"rendered":"<p>[vc_row type=&#8221;in_container&#8221; full_screen_row_position=&#8221;middle&#8221; column_margin=&#8221;default&#8221; column_direction=&#8221;default&#8221; column_direction_tablet=&#8221;default&#8221; column_direction_phone=&#8221;default&#8221; scene_position=&#8221;center&#8221; top_padding=&#8221;100&#8243; text_color=&#8221;dark&#8221; text_align&#8230;<\/p>\n","protected":false},"author":4,"featured_media":0,"parent":0,"menu_order":0,"comment_status":"closed","ping_status":"closed","template":"","meta":[],"_links":{"self":[{"href":"https:\/\/saraviafrias.com\/es_ES\/wp-json\/wp\/v2\/pages\/2268"}],"collection":[{"href":"https:\/\/saraviafrias.com\/es_ES\/wp-json\/wp\/v2\/pages"}],"about":[{"href":"https:\/\/saraviafrias.com\/es_ES\/wp-json\/wp\/v2\/types\/page"}],"author":[{"embeddable":true,"href":"https:\/\/saraviafrias.com\/es_ES\/wp-json\/wp\/v2\/users\/4"}],"replies":[{"embeddable":true,"href":"https:\/\/saraviafrias.com\/es_ES\/wp-json\/wp\/v2\/comments?post=2268"}],"version-history":[{"count":12,"href":"https:\/\/saraviafrias.com\/es_ES\/wp-json\/wp\/v2\/pages\/2268\/revisions"}],"predecessor-version":[{"id":2399,"href":"https:\/\/saraviafrias.com\/es_ES\/wp-json\/wp\/v2\/pages\/2268\/revisions\/2399"}],"wp:attachment":[{"href":"https:\/\/saraviafrias.com\/es_ES\/wp-json\/wp\/v2\/media?parent=2268"}],"curies":[{"name":"wp","href":"https:\/\/api.w.org\/{rel}","templated":true}]}}