{"id":2266,"date":"2024-09-14T04:27:17","date_gmt":"2024-09-14T04:27:17","guid":{"rendered":"https:\/\/saraviafrias.com\/?page_id=2266"},"modified":"2024-09-17T21:45:20","modified_gmt":"2024-09-17T21:45:20","slug":"claudio-a-zuchovicki","status":"publish","type":"page","link":"https:\/\/saraviafrias.com\/es_ES\/claudio-a-zuchovicki\/","title":{"rendered":"Claudio A. Zuchovicki"},"content":{"rendered":"[vc_row type=&#8221;in_container&#8221; full_screen_row_position=&#8221;middle&#8221; column_margin=&#8221;default&#8221; column_direction=&#8221;default&#8221; column_direction_tablet=&#8221;default&#8221; column_direction_phone=&#8221;default&#8221; scene_position=&#8221;center&#8221; top_padding=&#8221;100&#8243; text_color=&#8221;dark&#8221; text_align=&#8221;left&#8221; row_border_radius=&#8221;none&#8221; row_border_radius_applies=&#8221;bg&#8221; overlay_strength=&#8221;0.3&#8243; gradient_direction=&#8221;left_to_right&#8221; shape_divider_position=&#8221;bottom&#8221; bg_image_animation=&#8221;none&#8221; shape_type=&#8221;&#8221;][vc_column column_padding=&#8221;no-extra-padding&#8221; column_padding_tablet=&#8221;inherit&#8221; column_padding_phone=&#8221;inherit&#8221; column_padding_position=&#8221;all&#8221; column_element_spacing=&#8221;default&#8221; background_color_opacity=&#8221;1&#8243; background_hover_color_opacity=&#8221;1&#8243; column_shadow=&#8221;none&#8221; column_border_radius=&#8221;none&#8221; column_link_target=&#8221;_self&#8221; gradient_direction=&#8221;left_to_right&#8221; overlay_strength=&#8221;0.3&#8243; width=&#8221;1\/3&#8243; tablet_width_inherit=&#8221;default&#8221; tablet_text_alignment=&#8221;default&#8221; phone_text_alignment=&#8221;default&#8221; bg_image_animation=&#8221;none&#8221; border_type=&#8221;simple&#8221; column_border_width=&#8221;none&#8221; column_border_style=&#8221;solid&#8221;][vc_column_text]<img loading=\"lazy\" class=\"alignnone size-full wp-image-2245\" src=\"https:\/\/saraviafrias.com\/wp-content\/uploads\/2024\/09\/Claudio-Zuchovicki.jpg\" alt=\"\" width=\"280\" height=\"280\" srcset=\"https:\/\/saraviafrias.com\/wp-content\/uploads\/2024\/09\/Claudio-Zuchovicki.jpg 280w, https:\/\/saraviafrias.com\/wp-content\/uploads\/2024\/09\/Claudio-Zuchovicki-150x150.jpg 150w, https:\/\/saraviafrias.com\/wp-content\/uploads\/2024\/09\/Claudio-Zuchovicki-100x100.jpg 100w, https:\/\/saraviafrias.com\/wp-content\/uploads\/2024\/09\/Claudio-Zuchovicki-140x140.jpg 140w\" sizes=\"(max-width: 280px) 100vw, 280px\" \/>[\/vc_column_text][\/vc_column][vc_column column_padding=&#8221;no-extra-padding&#8221; column_padding_tablet=&#8221;inherit&#8221; column_padding_phone=&#8221;inherit&#8221; column_padding_position=&#8221;all&#8221; column_element_spacing=&#8221;default&#8221; background_color_opacity=&#8221;1&#8243; background_hover_color_opacity=&#8221;1&#8243; column_shadow=&#8221;none&#8221; column_border_radius=&#8221;none&#8221; column_link_target=&#8221;_self&#8221; gradient_direction=&#8221;left_to_right&#8221; overlay_strength=&#8221;0.3&#8243; width=&#8221;2\/3&#8243; tablet_width_inherit=&#8221;default&#8221; tablet_text_alignment=&#8221;default&#8221; phone_text_alignment=&#8221;default&#8221; bg_image_animation=&#8221;none&#8221; border_type=&#8221;simple&#8221; column_border_width=&#8221;none&#8221; column_border_style=&#8221;solid&#8221;][vc_column_text]\n<h1><strong>Claudio A. Zuchovicki<\/strong><\/h1>\n<h3>Licenciado en Administraci\u00f3n de Empresas<\/h3>\n<p>Licenciado en Administraci\u00f3n de Empresas por la Universidad Argentina de la Empresa (UADE), realiz\u00f3 un Postgrado en Mercado de Capitales bajo el acuerdo UBA\/IAMC\/BCBA.<\/p>\n<p>Asimismo, cuenta con diversas especializaciones en Futuros y Opciones en el Chicago Board of Trade, Futuros Agr\u00edcolas en la Chicago Mercantil Exchange y Energ\u00edas Alternativas en San Diego, California, EEUU.<\/p>\n<p>Actualmente se desempe\u00f1a como Socio Director de la consultora financiera Silver Cloud Advisors S.A., es Agente Asesor Global de Inversi\u00f3n por la Comisi\u00f3n Nacional de Valores (CNV), Secretario General de la Federaci\u00f3n Iberoamericana de Bolsas (FIAB) y Director del Instituto Argentino de Mercado de Capitales (IAMC).<\/p>\n<p>Tiene una vasta experiencia en medios de comunicaci\u00f3n, tanto en radio como en televisi\u00f3n y prensa escrita. Fue docente en diversas instituciones educativas, impartiendo c\u00e1tedras de finanzas y mercados de capitales.[\/vc_column_text][\/vc_column][\/vc_row]\n","protected":false},"excerpt":{"rendered":"<p>[vc_row type=&#8221;in_container&#8221; full_screen_row_position=&#8221;middle&#8221; column_margin=&#8221;default&#8221; column_direction=&#8221;default&#8221; column_direction_tablet=&#8221;default&#8221; column_direction_phone=&#8221;default&#8221; scene_position=&#8221;center&#8221; top_padding=&#8221;100&#8243; text_color=&#8221;dark&#8221; text_align&#8230;<\/p>\n","protected":false},"author":4,"featured_media":0,"parent":0,"menu_order":0,"comment_status":"closed","ping_status":"closed","template":"","meta":[],"_links":{"self":[{"href":"https:\/\/saraviafrias.com\/es_ES\/wp-json\/wp\/v2\/pages\/2266"}],"collection":[{"href":"https:\/\/saraviafrias.com\/es_ES\/wp-json\/wp\/v2\/pages"}],"about":[{"href":"https:\/\/saraviafrias.com\/es_ES\/wp-json\/wp\/v2\/types\/page"}],"author":[{"embeddable":true,"href":"https:\/\/saraviafrias.com\/es_ES\/wp-json\/wp\/v2\/users\/4"}],"replies":[{"embeddable":true,"href":"https:\/\/saraviafrias.com\/es_ES\/wp-json\/wp\/v2\/comments?post=2266"}],"version-history":[{"count":13,"href":"https:\/\/saraviafrias.com\/es_ES\/wp-json\/wp\/v2\/pages\/2266\/revisions"}],"predecessor-version":[{"id":2393,"href":"https:\/\/saraviafrias.com\/es_ES\/wp-json\/wp\/v2\/pages\/2266\/revisions\/2393"}],"wp:attachment":[{"href":"https:\/\/saraviafrias.com\/es_ES\/wp-json\/wp\/v2\/media?parent=2266"}],"curies":[{"name":"wp","href":"https:\/\/api.w.org\/{rel}","templated":true}]}}