{"id":2263,"date":"2024-09-14T04:24:42","date_gmt":"2024-09-14T04:24:42","guid":{"rendered":"https:\/\/saraviafrias.com\/?page_id=2263"},"modified":"2024-09-16T16:40:25","modified_gmt":"2024-09-16T16:40:25","slug":"daniel-gustavo-montamat","status":"publish","type":"page","link":"https:\/\/saraviafrias.com\/es_ES\/daniel-gustavo-montamat\/","title":{"rendered":"Daniel Gustavo Montamat"},"content":{"rendered":"[vc_row type=&#8221;in_container&#8221; full_screen_row_position=&#8221;middle&#8221; column_margin=&#8221;default&#8221; column_direction=&#8221;default&#8221; column_direction_tablet=&#8221;default&#8221; column_direction_phone=&#8221;default&#8221; scene_position=&#8221;center&#8221; top_padding=&#8221;100&#8243; text_color=&#8221;dark&#8221; text_align=&#8221;left&#8221; row_border_radius=&#8221;none&#8221; row_border_radius_applies=&#8221;bg&#8221; overlay_strength=&#8221;0.3&#8243; gradient_direction=&#8221;left_to_right&#8221; shape_divider_position=&#8221;bottom&#8221; bg_image_animation=&#8221;none&#8221; shape_type=&#8221;&#8221;][vc_column column_padding=&#8221;no-extra-padding&#8221; column_padding_tablet=&#8221;inherit&#8221; column_padding_phone=&#8221;inherit&#8221; column_padding_position=&#8221;all&#8221; column_element_spacing=&#8221;default&#8221; background_color_opacity=&#8221;1&#8243; background_hover_color_opacity=&#8221;1&#8243; column_shadow=&#8221;none&#8221; column_border_radius=&#8221;none&#8221; column_link_target=&#8221;_self&#8221; gradient_direction=&#8221;left_to_right&#8221; overlay_strength=&#8221;0.3&#8243; width=&#8221;1\/3&#8243; tablet_width_inherit=&#8221;default&#8221; tablet_text_alignment=&#8221;default&#8221; phone_text_alignment=&#8221;default&#8221; bg_image_animation=&#8221;none&#8221; border_type=&#8221;simple&#8221; column_border_width=&#8221;none&#8221; column_border_style=&#8221;solid&#8221;][vc_column_text]<img loading=\"lazy\" class=\"alignnone size-full wp-image-2246\" src=\"https:\/\/saraviafrias.com\/wp-content\/uploads\/2024\/09\/Daniel-Montamat.jpg\" alt=\"\" width=\"480\" height=\"480\" srcset=\"https:\/\/saraviafrias.com\/wp-content\/uploads\/2024\/09\/Daniel-Montamat.jpg 480w, https:\/\/saraviafrias.com\/wp-content\/uploads\/2024\/09\/Daniel-Montamat-300x300.jpg 300w, https:\/\/saraviafrias.com\/wp-content\/uploads\/2024\/09\/Daniel-Montamat-150x150.jpg 150w, https:\/\/saraviafrias.com\/wp-content\/uploads\/2024\/09\/Daniel-Montamat-100x100.jpg 100w, https:\/\/saraviafrias.com\/wp-content\/uploads\/2024\/09\/Daniel-Montamat-140x140.jpg 140w, https:\/\/saraviafrias.com\/wp-content\/uploads\/2024\/09\/Daniel-Montamat-350x350.jpg 350w\" sizes=\"(max-width: 480px) 100vw, 480px\" \/>[\/vc_column_text][\/vc_column][vc_column column_padding=&#8221;no-extra-padding&#8221; column_padding_tablet=&#8221;inherit&#8221; column_padding_phone=&#8221;inherit&#8221; column_padding_position=&#8221;all&#8221; column_element_spacing=&#8221;default&#8221; background_color_opacity=&#8221;1&#8243; background_hover_color_opacity=&#8221;1&#8243; column_shadow=&#8221;none&#8221; column_border_radius=&#8221;none&#8221; column_link_target=&#8221;_self&#8221; gradient_direction=&#8221;left_to_right&#8221; overlay_strength=&#8221;0.3&#8243; width=&#8221;2\/3&#8243; tablet_width_inherit=&#8221;default&#8221; tablet_text_alignment=&#8221;default&#8221; phone_text_alignment=&#8221;default&#8221; bg_image_animation=&#8221;none&#8221; border_type=&#8221;simple&#8221; column_border_width=&#8221;none&#8221; column_border_style=&#8221;solid&#8221;][vc_column_text]\n<h1><strong>Daniel Gustavo Montamat<\/strong><\/h1>\n<h3>Economista, Contador P\u00fablico y Abogado<\/h3>\n<p>M\u00e1ster en Econom\u00eda de la Universidad del Estado de Michigan. Doctor en Econom\u00eda de la Universidad Cat\u00f3lica de C\u00f3rdoba y Doctor en Derecho y Ciencias Sociales de la Universidad Nacional de C\u00f3rdoba.<\/p>\n<p>Se desempe\u00f1\u00f3 como Director de Gas del Estado (1985-1986), Director y Presidente de YPF S.E (1987-1989), Secretario de Energ\u00eda de la Naci\u00f3n (1999-2000); Director de YPF S.A. (2015-2020).<\/p>\n<p>Actualmente es consultor del Banco Mundial, del Banco Interamericano de Desarrollo y de Investigaci\u00f3n de Foros Internacionales vinculados a la energ\u00eda. Profesor de Postgrado del CEARE (Centro de Estudios de la Regulaci\u00f3n Energ\u00e9tica) de la Universidad de Buenos Aires.<\/p>\n<p>En 1991 fund\u00f3 el estudio Montamat &amp; Asociados, con sede en la ciudad de Buenos Aires, donde brinda servicios de consultor\u00eda a actores p\u00fablicos y privados de la Argentina y de Latinoam\u00e9rica en temas relacionados con el sector energ\u00e9tico y el medio ambiente.<\/p>\n<p>Es autor de varios libros sobre temas econ\u00f3micos y energ\u00e9ticos. Su \u00faltimo libro publicado por la editorial EUDEBA es \u201cLa renta del petr\u00f3leo en la Argentina\u201d.<\/p>\n<p>Distinguido por el Honorable Senado de la Naci\u00f3n con el diploma al m\u00e9rito Senador Domingo Faustino Sarmiento por su contribuci\u00f3n a la formaci\u00f3n de consensos b\u00e1sicos y pol\u00edticas de Estado en el \u00e1rea energ\u00e9tica.[\/vc_column_text][\/vc_column][\/vc_row]\n","protected":false},"excerpt":{"rendered":"<p>[vc_row type=&#8221;in_container&#8221; full_screen_row_position=&#8221;middle&#8221; column_margin=&#8221;default&#8221; column_direction=&#8221;default&#8221; column_direction_tablet=&#8221;default&#8221; column_direction_phone=&#8221;default&#8221; scene_position=&#8221;center&#8221; top_padding=&#8221;100&#8243; text_color=&#8221;dark&#8221; text_align&#8230;<\/p>\n","protected":false},"author":4,"featured_media":0,"parent":0,"menu_order":0,"comment_status":"closed","ping_status":"closed","template":"","meta":[],"_links":{"self":[{"href":"https:\/\/saraviafrias.com\/es_ES\/wp-json\/wp\/v2\/pages\/2263"}],"collection":[{"href":"https:\/\/saraviafrias.com\/es_ES\/wp-json\/wp\/v2\/pages"}],"about":[{"href":"https:\/\/saraviafrias.com\/es_ES\/wp-json\/wp\/v2\/types\/page"}],"author":[{"embeddable":true,"href":"https:\/\/saraviafrias.com\/es_ES\/wp-json\/wp\/v2\/users\/4"}],"replies":[{"embeddable":true,"href":"https:\/\/saraviafrias.com\/es_ES\/wp-json\/wp\/v2\/comments?post=2263"}],"version-history":[{"count":8,"href":"https:\/\/saraviafrias.com\/es_ES\/wp-json\/wp\/v2\/pages\/2263\/revisions"}],"predecessor-version":[{"id":2320,"href":"https:\/\/saraviafrias.com\/es_ES\/wp-json\/wp\/v2\/pages\/2263\/revisions\/2320"}],"wp:attachment":[{"href":"https:\/\/saraviafrias.com\/es_ES\/wp-json\/wp\/v2\/media?parent=2263"}],"curies":[{"name":"wp","href":"https:\/\/api.w.org\/{rel}","templated":true}]}}