{"id":2170,"date":"2024-07-30T15:02:21","date_gmt":"2024-07-30T15:02:21","guid":{"rendered":"https:\/\/saraviafrias.com\/?page_id=2170"},"modified":"2026-02-12T20:49:17","modified_gmt":"2026-02-12T20:49:17","slug":"ricardo-nicolas-loutayf","status":"publish","type":"page","link":"https:\/\/saraviafrias.com\/es_ES\/ricardo-nicolas-loutayf\/","title":{"rendered":"Ricardo Nicol\u00e1s Loutayf"},"content":{"rendered":"[vc_row type=&#8221;in_container&#8221; full_screen_row_position=&#8221;middle&#8221; column_margin=&#8221;default&#8221; column_direction=&#8221;default&#8221; column_direction_tablet=&#8221;default&#8221; column_direction_phone=&#8221;default&#8221; scene_position=&#8221;center&#8221; top_padding=&#8221;100&#8243; text_color=&#8221;dark&#8221; text_align=&#8221;left&#8221; row_border_radius=&#8221;none&#8221; row_border_radius_applies=&#8221;bg&#8221; overlay_strength=&#8221;0.3&#8243; gradient_direction=&#8221;left_to_right&#8221; shape_divider_position=&#8221;bottom&#8221; bg_image_animation=&#8221;none&#8221; shape_type=&#8221;&#8221;][vc_column column_padding=&#8221;no-extra-padding&#8221; column_padding_tablet=&#8221;inherit&#8221; column_padding_phone=&#8221;inherit&#8221; column_padding_position=&#8221;all&#8221; column_element_spacing=&#8221;default&#8221; background_color_opacity=&#8221;1&#8243; background_hover_color_opacity=&#8221;1&#8243; column_shadow=&#8221;none&#8221; column_border_radius=&#8221;none&#8221; column_link_target=&#8221;_self&#8221; gradient_direction=&#8221;left_to_right&#8221; overlay_strength=&#8221;0.3&#8243; width=&#8221;1\/3&#8243; tablet_width_inherit=&#8221;default&#8221; tablet_text_alignment=&#8221;default&#8221; phone_text_alignment=&#8221;default&#8221; bg_image_animation=&#8221;none&#8221; border_type=&#8221;simple&#8221; column_border_width=&#8221;none&#8221; column_border_style=&#8221;solid&#8221;][vc_column_text]<img loading=\"lazy\" class=\"alignnone wp-image-2160 size-large\" src=\"https:\/\/saraviafrias.com\/wp-content\/uploads\/2024\/07\/RICARDO-LUTAYF-1024x1024.jpeg\" alt=\"\" width=\"1024\" height=\"1024\" srcset=\"https:\/\/saraviafrias.com\/wp-content\/uploads\/2024\/07\/RICARDO-LUTAYF-1024x1024.jpeg 1024w, https:\/\/saraviafrias.com\/wp-content\/uploads\/2024\/07\/RICARDO-LUTAYF-300x300.jpeg 300w, https:\/\/saraviafrias.com\/wp-content\/uploads\/2024\/07\/RICARDO-LUTAYF-150x150.jpeg 150w, https:\/\/saraviafrias.com\/wp-content\/uploads\/2024\/07\/RICARDO-LUTAYF-768x768.jpeg 768w, https:\/\/saraviafrias.com\/wp-content\/uploads\/2024\/07\/RICARDO-LUTAYF-1536x1536.jpeg 1536w, https:\/\/saraviafrias.com\/wp-content\/uploads\/2024\/07\/RICARDO-LUTAYF-100x100.jpeg 100w, https:\/\/saraviafrias.com\/wp-content\/uploads\/2024\/07\/RICARDO-LUTAYF-140x140.jpeg 140w, https:\/\/saraviafrias.com\/wp-content\/uploads\/2024\/07\/RICARDO-LUTAYF-500x500.jpeg 500w, https:\/\/saraviafrias.com\/wp-content\/uploads\/2024\/07\/RICARDO-LUTAYF-350x350.jpeg 350w, https:\/\/saraviafrias.com\/wp-content\/uploads\/2024\/07\/RICARDO-LUTAYF-1000x1000.jpeg 1000w, https:\/\/saraviafrias.com\/wp-content\/uploads\/2024\/07\/RICARDO-LUTAYF-800x800.jpeg 800w, https:\/\/saraviafrias.com\/wp-content\/uploads\/2024\/07\/RICARDO-LUTAYF.jpeg 1600w\" sizes=\"(max-width: 1024px) 100vw, 1024px\" \/>[\/vc_column_text][\/vc_column][vc_column column_padding=&#8221;no-extra-padding&#8221; column_padding_tablet=&#8221;inherit&#8221; column_padding_phone=&#8221;inherit&#8221; column_padding_position=&#8221;all&#8221; column_element_spacing=&#8221;default&#8221; background_color_opacity=&#8221;1&#8243; background_hover_color_opacity=&#8221;1&#8243; column_shadow=&#8221;none&#8221; column_border_radius=&#8221;none&#8221; column_link_target=&#8221;_self&#8221; gradient_direction=&#8221;left_to_right&#8221; overlay_strength=&#8221;0.3&#8243; width=&#8221;2\/3&#8243; tablet_width_inherit=&#8221;default&#8221; tablet_text_alignment=&#8221;default&#8221; phone_text_alignment=&#8221;default&#8221; bg_image_animation=&#8221;none&#8221; border_type=&#8221;simple&#8221; column_border_width=&#8221;none&#8221; column_border_style=&#8221;solid&#8221;][vc_column_text]\n<h1>Ricardo Nicol\u00e1s Loutayf<\/h1>\n<h3>Abogado<\/h3>\n<p>Abogado por la Universidad Nacional de C\u00f3rdoba. Curs\u00f3 las diplomaturas en Derecho Procesal Civil y Derecho Procesal Laboral en el Colegio de Abogados de Salta. Adem\u00e1s, realiz\u00f3 un postgrado en Derecho de Contratos y Sociedades en la Universidad Cat\u00f3lica Argentina, as\u00ed como un curso de postgrado en Negocios Bancarios y Financieros dictado por la Facultad de Derecho de la UCA. Actualmente es maestrando en Derecho Laboral en la Universidad Cat\u00f3lica de Salta.<\/p>\n<p>Se desempe\u00f1a en el asesoramiento empresario, tanto laboral como consumidor, societario, contractual y en litigios.<\/p>\n<p>IDIOMAS: espa\u00f1ol e ingl\u00e9s.[\/vc_column_text][\/vc_column][\/vc_row]\n","protected":false},"excerpt":{"rendered":"<p>[vc_row type=&#8221;in_container&#8221; full_screen_row_position=&#8221;middle&#8221; column_margin=&#8221;default&#8221; column_direction=&#8221;default&#8221; column_direction_tablet=&#8221;default&#8221; column_direction_phone=&#8221;default&#8221; scene_position=&#8221;center&#8221; top_padding=&#8221;100&#8243; text_color=&#8221;dark&#8221; text_align&#8230;<\/p>\n","protected":false},"author":4,"featured_media":0,"parent":0,"menu_order":0,"comment_status":"closed","ping_status":"closed","template":"","meta":[],"_links":{"self":[{"href":"https:\/\/saraviafrias.com\/es_ES\/wp-json\/wp\/v2\/pages\/2170"}],"collection":[{"href":"https:\/\/saraviafrias.com\/es_ES\/wp-json\/wp\/v2\/pages"}],"about":[{"href":"https:\/\/saraviafrias.com\/es_ES\/wp-json\/wp\/v2\/types\/page"}],"author":[{"embeddable":true,"href":"https:\/\/saraviafrias.com\/es_ES\/wp-json\/wp\/v2\/users\/4"}],"replies":[{"embeddable":true,"href":"https:\/\/saraviafrias.com\/es_ES\/wp-json\/wp\/v2\/comments?post=2170"}],"version-history":[{"count":17,"href":"https:\/\/saraviafrias.com\/es_ES\/wp-json\/wp\/v2\/pages\/2170\/revisions"}],"predecessor-version":[{"id":2675,"href":"https:\/\/saraviafrias.com\/es_ES\/wp-json\/wp\/v2\/pages\/2170\/revisions\/2675"}],"wp:attachment":[{"href":"https:\/\/saraviafrias.com\/es_ES\/wp-json\/wp\/v2\/media?parent=2170"}],"curies":[{"name":"wp","href":"https:\/\/api.w.org\/{rel}","templated":true}]}}