{"id":1893,"date":"2024-07-11T02:19:12","date_gmt":"2024-07-11T02:19:12","guid":{"rendered":"https:\/\/saraviafrias.com\/?page_id=1893"},"modified":"2024-07-17T17:34:26","modified_gmt":"2024-07-17T17:34:26","slug":"esteban-zottele","status":"publish","type":"page","link":"https:\/\/saraviafrias.com\/es_ES\/esteban-zottele\/","title":{"rendered":"Esteban Zottele"},"content":{"rendered":"[vc_row type=&#8221;in_container&#8221; full_screen_row_position=&#8221;middle&#8221; column_margin=&#8221;default&#8221; column_direction=&#8221;default&#8221; column_direction_tablet=&#8221;default&#8221; column_direction_phone=&#8221;default&#8221; scene_position=&#8221;center&#8221; text_color=&#8221;dark&#8221; text_align=&#8221;left&#8221; row_border_radius=&#8221;none&#8221; row_border_radius_applies=&#8221;bg&#8221; overlay_strength=&#8221;0.3&#8243; gradient_direction=&#8221;left_to_right&#8221; shape_divider_position=&#8221;bottom&#8221; bg_image_animation=&#8221;none&#8221;][vc_column column_padding=&#8221;no-extra-padding&#8221; column_padding_tablet=&#8221;inherit&#8221; column_padding_phone=&#8221;inherit&#8221; column_padding_position=&#8221;all&#8221; column_element_spacing=&#8221;default&#8221; background_color_opacity=&#8221;1&#8243; background_hover_color_opacity=&#8221;1&#8243; column_shadow=&#8221;none&#8221; column_border_radius=&#8221;none&#8221; column_link_target=&#8221;_self&#8221; gradient_direction=&#8221;left_to_right&#8221; overlay_strength=&#8221;0.3&#8243; width=&#8221;1\/3&#8243; tablet_width_inherit=&#8221;default&#8221; tablet_text_alignment=&#8221;default&#8221; phone_text_alignment=&#8221;default&#8221; bg_image_animation=&#8221;none&#8221; border_type=&#8221;simple&#8221; column_border_width=&#8221;none&#8221; column_border_style=&#8221;solid&#8221;][vc_column_text]<img loading=\"lazy\" class=\"alignnone size-full wp-image-1891\" src=\"https:\/\/saraviafrias.com\/wp-content\/uploads\/2024\/07\/Esteban-Zotelle.jpeg\" alt=\"\" width=\"940\" height=\"940\" srcset=\"https:\/\/saraviafrias.com\/wp-content\/uploads\/2024\/07\/Esteban-Zotelle.jpeg 940w, https:\/\/saraviafrias.com\/wp-content\/uploads\/2024\/07\/Esteban-Zotelle-300x300.jpeg 300w, https:\/\/saraviafrias.com\/wp-content\/uploads\/2024\/07\/Esteban-Zotelle-150x150.jpeg 150w, https:\/\/saraviafrias.com\/wp-content\/uploads\/2024\/07\/Esteban-Zotelle-768x768.jpeg 768w, https:\/\/saraviafrias.com\/wp-content\/uploads\/2024\/07\/Esteban-Zotelle-100x100.jpeg 100w, https:\/\/saraviafrias.com\/wp-content\/uploads\/2024\/07\/Esteban-Zotelle-140x140.jpeg 140w, https:\/\/saraviafrias.com\/wp-content\/uploads\/2024\/07\/Esteban-Zotelle-500x500.jpeg 500w, https:\/\/saraviafrias.com\/wp-content\/uploads\/2024\/07\/Esteban-Zotelle-350x350.jpeg 350w, https:\/\/saraviafrias.com\/wp-content\/uploads\/2024\/07\/Esteban-Zotelle-800x800.jpeg 800w\" sizes=\"(max-width: 940px) 100vw, 940px\" \/>[\/vc_column_text][\/vc_column][vc_column column_padding=&#8221;no-extra-padding&#8221; column_padding_tablet=&#8221;inherit&#8221; column_padding_phone=&#8221;inherit&#8221; column_padding_position=&#8221;all&#8221; column_element_spacing=&#8221;default&#8221; background_color_opacity=&#8221;1&#8243; background_hover_color_opacity=&#8221;1&#8243; column_shadow=&#8221;none&#8221; column_border_radius=&#8221;none&#8221; column_link_target=&#8221;_self&#8221; gradient_direction=&#8221;left_to_right&#8221; overlay_strength=&#8221;0.3&#8243; width=&#8221;2\/3&#8243; tablet_width_inherit=&#8221;default&#8221; tablet_text_alignment=&#8221;default&#8221; phone_text_alignment=&#8221;default&#8221; bg_image_animation=&#8221;none&#8221; border_type=&#8221;simple&#8221; column_border_width=&#8221;none&#8221; column_border_style=&#8221;solid&#8221;][vc_column_text]\n<h1>Esteban Zottele<\/h1>\n<p>Ha vivido por m\u00e1s de 20 a\u00f1os en China, Dr. en Administraci\u00f3n de Empresas por la Universidad Renmin (China), Profesor y Vicedirector del Centro de Estudios Latinoamericanos de la Universidad de Changzhou. Representante de la Universidad Veracruzana (M\u00e9xico) en China e Investigador del CECHIVER.<\/p>\n<p>Miembro Honorario de la MEXCHAM, Asesor Honorario del Instituto de la Iniciativa de la Franja y la Ruta de la Ciudad de Changzhou, Medalla Honor\u00edfica de la Provincia de Jiangsu (2019), Ciudadano Honorario de la Ciudad de Changzhou (2021), Asesor Honorario del Centro de Asuntos Exteriores Yingke Law Firm Changzhou (2024).<\/p>\n<p>Ha dictado numerosas conferencias, y publicado art\u00edculos y libros sobre la relaci\u00f3n entre China y Am\u00e9rica Latina.<\/p>\n<p>IDIOMAS: espa\u00f1ol, ingl\u00e9s y chino.[\/vc_column_text][\/vc_column][\/vc_row]\n","protected":false},"excerpt":{"rendered":"<p>[vc_row type=&#8221;in_container&#8221; full_screen_row_position=&#8221;middle&#8221; column_margin=&#8221;default&#8221; column_direction=&#8221;default&#8221; column_direction_tablet=&#8221;default&#8221; column_direction_phone=&#8221;default&#8221; scene_position=&#8221;center&#8221; text_color=&#8221;dark&#8221; text_align=&#8221;left&#8221; row_border&#8230;<\/p>\n","protected":false},"author":4,"featured_media":0,"parent":0,"menu_order":0,"comment_status":"closed","ping_status":"closed","template":"","meta":[],"_links":{"self":[{"href":"https:\/\/saraviafrias.com\/es_ES\/wp-json\/wp\/v2\/pages\/1893"}],"collection":[{"href":"https:\/\/saraviafrias.com\/es_ES\/wp-json\/wp\/v2\/pages"}],"about":[{"href":"https:\/\/saraviafrias.com\/es_ES\/wp-json\/wp\/v2\/types\/page"}],"author":[{"embeddable":true,"href":"https:\/\/saraviafrias.com\/es_ES\/wp-json\/wp\/v2\/users\/4"}],"replies":[{"embeddable":true,"href":"https:\/\/saraviafrias.com\/es_ES\/wp-json\/wp\/v2\/comments?post=1893"}],"version-history":[{"count":8,"href":"https:\/\/saraviafrias.com\/es_ES\/wp-json\/wp\/v2\/pages\/1893\/revisions"}],"predecessor-version":[{"id":1979,"href":"https:\/\/saraviafrias.com\/es_ES\/wp-json\/wp\/v2\/pages\/1893\/revisions\/1979"}],"wp:attachment":[{"href":"https:\/\/saraviafrias.com\/es_ES\/wp-json\/wp\/v2\/media?parent=1893"}],"curies":[{"name":"wp","href":"https:\/\/api.w.org\/{rel}","templated":true}]}}