{"id":1713,"date":"2024-07-08T20:53:19","date_gmt":"2024-07-08T20:53:19","guid":{"rendered":"https:\/\/saraviafrias.com\/?page_id=1713"},"modified":"2026-03-10T15:03:08","modified_gmt":"2026-03-10T15:03:08","slug":"santiago-saravia-frias","status":"publish","type":"page","link":"https:\/\/saraviafrias.com\/es_ES\/santiago-saravia-frias\/","title":{"rendered":"Santiago Saravia Fr\u00edas"},"content":{"rendered":"[vc_row type=&#8221;in_container&#8221; full_screen_row_position=&#8221;middle&#8221; column_margin=&#8221;default&#8221; column_direction=&#8221;default&#8221; column_direction_tablet=&#8221;default&#8221; column_direction_phone=&#8221;default&#8221; scene_position=&#8221;center&#8221; top_padding=&#8221;100&#8243; text_color=&#8221;dark&#8221; text_align=&#8221;left&#8221; row_border_radius=&#8221;none&#8221; row_border_radius_applies=&#8221;bg&#8221; overlay_strength=&#8221;0.3&#8243; gradient_direction=&#8221;left_to_right&#8221; shape_divider_position=&#8221;bottom&#8221; bg_image_animation=&#8221;none&#8221; shape_type=&#8221;&#8221;][vc_column column_padding=&#8221;no-extra-padding&#8221; column_padding_tablet=&#8221;inherit&#8221; column_padding_phone=&#8221;inherit&#8221; column_padding_position=&#8221;all&#8221; column_element_spacing=&#8221;default&#8221; background_color_opacity=&#8221;1&#8243; background_hover_color_opacity=&#8221;1&#8243; column_shadow=&#8221;none&#8221; column_border_radius=&#8221;none&#8221; column_link_target=&#8221;_self&#8221; gradient_direction=&#8221;left_to_right&#8221; overlay_strength=&#8221;0.3&#8243; width=&#8221;1\/3&#8243; tablet_width_inherit=&#8221;default&#8221; tablet_text_alignment=&#8221;default&#8221; phone_text_alignment=&#8221;default&#8221; bg_image_animation=&#8221;none&#8221; border_type=&#8221;simple&#8221; column_border_width=&#8221;none&#8221; column_border_style=&#8221;solid&#8221;][vc_column_text]<img loading=\"lazy\" class=\"alignnone size-large wp-image-1753\" src=\"https:\/\/saraviafrias.com\/wp-content\/uploads\/2024\/07\/SANTIAGO-SARAVIA-FRIAS-1-1024x1024.jpg\" alt=\"\" width=\"1024\" height=\"1024\" srcset=\"https:\/\/saraviafrias.com\/wp-content\/uploads\/2024\/07\/SANTIAGO-SARAVIA-FRIAS-1-1024x1024.jpg 1024w, https:\/\/saraviafrias.com\/wp-content\/uploads\/2024\/07\/SANTIAGO-SARAVIA-FRIAS-1-300x300.jpg 300w, https:\/\/saraviafrias.com\/wp-content\/uploads\/2024\/07\/SANTIAGO-SARAVIA-FRIAS-1-150x150.jpg 150w, https:\/\/saraviafrias.com\/wp-content\/uploads\/2024\/07\/SANTIAGO-SARAVIA-FRIAS-1-768x768.jpg 768w, https:\/\/saraviafrias.com\/wp-content\/uploads\/2024\/07\/SANTIAGO-SARAVIA-FRIAS-1-1536x1536.jpg 1536w, https:\/\/saraviafrias.com\/wp-content\/uploads\/2024\/07\/SANTIAGO-SARAVIA-FRIAS-1-2048x2048.jpg 2048w, https:\/\/saraviafrias.com\/wp-content\/uploads\/2024\/07\/SANTIAGO-SARAVIA-FRIAS-1-100x100.jpg 100w, https:\/\/saraviafrias.com\/wp-content\/uploads\/2024\/07\/SANTIAGO-SARAVIA-FRIAS-1-140x140.jpg 140w, https:\/\/saraviafrias.com\/wp-content\/uploads\/2024\/07\/SANTIAGO-SARAVIA-FRIAS-1-500x500.jpg 500w, https:\/\/saraviafrias.com\/wp-content\/uploads\/2024\/07\/SANTIAGO-SARAVIA-FRIAS-1-350x350.jpg 350w, https:\/\/saraviafrias.com\/wp-content\/uploads\/2024\/07\/SANTIAGO-SARAVIA-FRIAS-1-1000x1000.jpg 1000w, https:\/\/saraviafrias.com\/wp-content\/uploads\/2024\/07\/SANTIAGO-SARAVIA-FRIAS-1-800x800.jpg 800w\" sizes=\"(max-width: 1024px) 100vw, 1024px\" \/>[\/vc_column_text][\/vc_column][vc_column column_padding=&#8221;no-extra-padding&#8221; column_padding_tablet=&#8221;inherit&#8221; column_padding_phone=&#8221;inherit&#8221; column_padding_position=&#8221;all&#8221; column_element_spacing=&#8221;default&#8221; background_color_opacity=&#8221;1&#8243; background_hover_color_opacity=&#8221;1&#8243; column_shadow=&#8221;none&#8221; column_border_radius=&#8221;none&#8221; column_link_target=&#8221;_self&#8221; gradient_direction=&#8221;left_to_right&#8221; overlay_strength=&#8221;0.3&#8243; width=&#8221;2\/3&#8243; tablet_width_inherit=&#8221;default&#8221; tablet_text_alignment=&#8221;default&#8221; phone_text_alignment=&#8221;default&#8221; bg_image_animation=&#8221;none&#8221; border_type=&#8221;simple&#8221; column_border_width=&#8221;none&#8221; column_border_style=&#8221;solid&#8221;][vc_column_text]\n<h1>Santiago Saravia Fr\u00edas<\/h1>\n<h3>Socio<\/h3>\n<p class=\"font-claude-response-body break-words whitespace-normal leading-[1.7]\">Abogado por la Universidad de Buenos Aires. Master en Derecho Administrativo por la Universidad Austral y LL Master of Mineral Law and Policy por Dundee University, Centre for Petroleum, Mineral, Law and Policy &#8211; Escocia, Reino Unido<\/p>\n<p class=\"font-claude-response-body break-words whitespace-normal leading-[1.7]\">Fue director a cargo de la Direcci\u00f3n General de Acci\u00f3n Pol\u00edtica de la Secretar\u00eda General de la Presidencia de la Naci\u00f3n y Coordinador del departamento jur\u00eddico del ENOHSA (Ente Nacional de Obras H\u00eddricas de Saneamiento) del Ministerio de Infraestructura de la Naci\u00f3n Argentina<\/p>\n<p class=\"font-claude-response-body break-words whitespace-normal leading-[1.7]\">Se desempe\u00f1\u00f3 como asesor jur\u00eddico de la empresa Rio Tinto (Internship programme) para Latinoam\u00e9rica<\/p>\n<p class=\"font-claude-response-body break-words whitespace-normal leading-[1.7]\">Fue asesor jur\u00eddico del secretario de Obras y Servicios P\u00fablicos en temas vinculados a licitaciones y servicios p\u00fablicos del Gobierno Aut\u00f3nomo de la Ciudad de Buenos Aires. Asesor jur\u00eddico en la Comisi\u00f3n de Recursos Naturales y en la Comisi\u00f3n de Finanzas y Organismos de Control de la Reforma Constitucional de la Provincia de Salta, Argentina<\/p>\n<p class=\"font-claude-response-body break-words whitespace-normal leading-[1.7]\">Colabor\u00f3 como asesor del Senador Nacional Fernando de la R\u00faa.<\/p>\n<p class=\"font-claude-response-body break-words whitespace-normal leading-[1.7]\">Escribi\u00f3 art\u00edculos sobre derecho administrativo, ambiental y minero. Redact\u00f3 el libro sobre el Marco Normativo Minero para el NOA Argentino.<\/p>\n<p class=\"font-claude-response-body break-words whitespace-normal leading-[1.7]\">Actualmente es asesor de empresas nacionales e internacionales en materias vinculadas al derecho minero, petrolero, ambiental y de los recursos naturales en general.<\/p>\n<p class=\"font-claude-response-body break-words whitespace-normal leading-[1.7]\">Es profesor titular de Derecho Ambiental y de los Recursos Naturales, de la Diplomatura de Derecho Minero y Gesti\u00f3n Empresaria y de la Diplomatura de Derecho Administrativo en la Universidad Cat\u00f3lica de Salta. Es Presidente de Celao (Consejo de Estudios Latinoamericanos de Asia y Ocean\u00eda).<\/p>\n<p>IDIOMAS: espa\u00f1ol e ingl\u00e9s.<\/p>\n<h4>CONTACTO: <a href=\"mailto:santiago@sfcabogados.com.ar\">santiago@sfcabogados.com.ar<\/a><\/h4>\n[\/vc_column_text][\/vc_column][\/vc_row]\n","protected":false},"excerpt":{"rendered":"<p>[vc_row type=&#8221;in_container&#8221; full_screen_row_position=&#8221;middle&#8221; column_margin=&#8221;default&#8221; column_direction=&#8221;default&#8221; column_direction_tablet=&#8221;default&#8221; column_direction_phone=&#8221;default&#8221; scene_position=&#8221;center&#8221; top_padding=&#8221;100&#8243; text_color=&#8221;dark&#8221; text_align&#8230;<\/p>\n","protected":false},"author":4,"featured_media":0,"parent":0,"menu_order":0,"comment_status":"closed","ping_status":"closed","template":"","meta":[],"_links":{"self":[{"href":"https:\/\/saraviafrias.com\/es_ES\/wp-json\/wp\/v2\/pages\/1713"}],"collection":[{"href":"https:\/\/saraviafrias.com\/es_ES\/wp-json\/wp\/v2\/pages"}],"about":[{"href":"https:\/\/saraviafrias.com\/es_ES\/wp-json\/wp\/v2\/types\/page"}],"author":[{"embeddable":true,"href":"https:\/\/saraviafrias.com\/es_ES\/wp-json\/wp\/v2\/users\/4"}],"replies":[{"embeddable":true,"href":"https:\/\/saraviafrias.com\/es_ES\/wp-json\/wp\/v2\/comments?post=1713"}],"version-history":[{"count":28,"href":"https:\/\/saraviafrias.com\/es_ES\/wp-json\/wp\/v2\/pages\/1713\/revisions"}],"predecessor-version":[{"id":2715,"href":"https:\/\/saraviafrias.com\/es_ES\/wp-json\/wp\/v2\/pages\/1713\/revisions\/2715"}],"wp:attachment":[{"href":"https:\/\/saraviafrias.com\/es_ES\/wp-json\/wp\/v2\/media?parent=1713"}],"curies":[{"name":"wp","href":"https:\/\/api.w.org\/{rel}","templated":true}]}}