{"id":1711,"date":"2024-07-08T20:50:06","date_gmt":"2024-07-08T20:50:06","guid":{"rendered":"https:\/\/saraviafrias.com\/?page_id=1711"},"modified":"2025-11-26T19:42:12","modified_gmt":"2025-11-26T19:42:12","slug":"lucas-cornejo-fossati","status":"publish","type":"page","link":"https:\/\/saraviafrias.com\/es_ES\/lucas-cornejo-fossati\/","title":{"rendered":"Lucas Cornejo Fossati"},"content":{"rendered":"[vc_row type=&#8221;in_container&#8221; full_screen_row_position=&#8221;middle&#8221; column_margin=&#8221;default&#8221; column_direction=&#8221;default&#8221; column_direction_tablet=&#8221;default&#8221; column_direction_phone=&#8221;default&#8221; scene_position=&#8221;center&#8221; top_padding=&#8221;100&#8243; text_color=&#8221;dark&#8221; text_align=&#8221;left&#8221; row_border_radius=&#8221;none&#8221; row_border_radius_applies=&#8221;bg&#8221; overlay_strength=&#8221;0.3&#8243; gradient_direction=&#8221;left_to_right&#8221; shape_divider_position=&#8221;bottom&#8221; bg_image_animation=&#8221;none&#8221; shape_type=&#8221;&#8221;][vc_column column_padding=&#8221;no-extra-padding&#8221; column_padding_tablet=&#8221;inherit&#8221; column_padding_phone=&#8221;inherit&#8221; column_padding_position=&#8221;all&#8221; column_element_spacing=&#8221;default&#8221; background_color_opacity=&#8221;1&#8243; background_hover_color_opacity=&#8221;1&#8243; column_shadow=&#8221;none&#8221; column_border_radius=&#8221;none&#8221; column_link_target=&#8221;_self&#8221; gradient_direction=&#8221;left_to_right&#8221; overlay_strength=&#8221;0.3&#8243; width=&#8221;1\/3&#8243; tablet_width_inherit=&#8221;default&#8221; tablet_text_alignment=&#8221;default&#8221; phone_text_alignment=&#8221;default&#8221; bg_image_animation=&#8221;none&#8221; border_type=&#8221;simple&#8221; column_border_width=&#8221;none&#8221; column_border_style=&#8221;solid&#8221;][vc_column_text]<img loading=\"lazy\" class=\"alignnone size-large wp-image-1764\" src=\"https:\/\/saraviafrias.com\/wp-content\/uploads\/2024\/07\/LUCAS-CORNEJO-FOSSATI-1-1024x1024.jpg\" alt=\"\" width=\"1024\" height=\"1024\" srcset=\"https:\/\/saraviafrias.com\/wp-content\/uploads\/2024\/07\/LUCAS-CORNEJO-FOSSATI-1-1024x1024.jpg 1024w, https:\/\/saraviafrias.com\/wp-content\/uploads\/2024\/07\/LUCAS-CORNEJO-FOSSATI-1-300x300.jpg 300w, https:\/\/saraviafrias.com\/wp-content\/uploads\/2024\/07\/LUCAS-CORNEJO-FOSSATI-1-150x150.jpg 150w, https:\/\/saraviafrias.com\/wp-content\/uploads\/2024\/07\/LUCAS-CORNEJO-FOSSATI-1-768x768.jpg 768w, https:\/\/saraviafrias.com\/wp-content\/uploads\/2024\/07\/LUCAS-CORNEJO-FOSSATI-1-1536x1536.jpg 1536w, https:\/\/saraviafrias.com\/wp-content\/uploads\/2024\/07\/LUCAS-CORNEJO-FOSSATI-1-2048x2048.jpg 2048w, https:\/\/saraviafrias.com\/wp-content\/uploads\/2024\/07\/LUCAS-CORNEJO-FOSSATI-1-100x100.jpg 100w, https:\/\/saraviafrias.com\/wp-content\/uploads\/2024\/07\/LUCAS-CORNEJO-FOSSATI-1-140x140.jpg 140w, https:\/\/saraviafrias.com\/wp-content\/uploads\/2024\/07\/LUCAS-CORNEJO-FOSSATI-1-500x500.jpg 500w, https:\/\/saraviafrias.com\/wp-content\/uploads\/2024\/07\/LUCAS-CORNEJO-FOSSATI-1-350x350.jpg 350w, https:\/\/saraviafrias.com\/wp-content\/uploads\/2024\/07\/LUCAS-CORNEJO-FOSSATI-1-1000x1000.jpg 1000w, https:\/\/saraviafrias.com\/wp-content\/uploads\/2024\/07\/LUCAS-CORNEJO-FOSSATI-1-800x800.jpg 800w\" sizes=\"(max-width: 1024px) 100vw, 1024px\" \/>[\/vc_column_text][\/vc_column][vc_column column_padding=&#8221;no-extra-padding&#8221; column_padding_tablet=&#8221;inherit&#8221; column_padding_phone=&#8221;inherit&#8221; column_padding_position=&#8221;all&#8221; column_element_spacing=&#8221;default&#8221; background_color_opacity=&#8221;1&#8243; background_hover_color_opacity=&#8221;1&#8243; column_shadow=&#8221;none&#8221; column_border_radius=&#8221;none&#8221; column_link_target=&#8221;_self&#8221; gradient_direction=&#8221;left_to_right&#8221; overlay_strength=&#8221;0.3&#8243; width=&#8221;2\/3&#8243; tablet_width_inherit=&#8221;default&#8221; tablet_text_alignment=&#8221;default&#8221; phone_text_alignment=&#8221;default&#8221; bg_image_animation=&#8221;none&#8221; border_type=&#8221;simple&#8221; column_border_width=&#8221;none&#8221; column_border_style=&#8221;solid&#8221;][vc_column_text]\n<h1>Lucas Cornejo Fossati<\/h1>\n<h3>Socio<\/h3>\n<p>Abogado por la Universidad de Buenos Aires. Cuenta con una Maestr\u00eda en Derecho Procesal por la Universidad Nacional de Tucum\u00e1n<\/p>\n<p>Se desempe\u00f1\u00f3 en el Juzgado Nacional en lo Comercial N.\u00ba 2 de la Capital Federal<\/p>\n<p>Fue asesor jur\u00eddico en el \u00e1rea seguros del estudio Bull\u00f3 \u2013 Tassi \u2013 Estebenet \u2013 Lipera \u2013 Torassa &amp; Asociados, de Capital Federal.<\/p>\n<p>Asesor en las \u00e1reas civil, comercial y laboral del estudio Cornejo Figueroa, Florent\u00edn de la Provincia de Salta.<\/p>\n<p>Actualmente asesora jur\u00eddicamente en las \u00e1reas civil, comercial y laboral<\/p>\n<p>IDIOMAS: espa\u00f1ol e ingl\u00e9s.<\/p>\n<h4>CONTACTO: <a href=\"mailto:lucas@sfcabogados.com.ar\">lucas@sfcabogados.com.ar<\/a><\/h4>\n[\/vc_column_text][\/vc_column][\/vc_row]\n","protected":false},"excerpt":{"rendered":"<p>[vc_row type=&#8221;in_container&#8221; full_screen_row_position=&#8221;middle&#8221; column_margin=&#8221;default&#8221; column_direction=&#8221;default&#8221; column_direction_tablet=&#8221;default&#8221; column_direction_phone=&#8221;default&#8221; scene_position=&#8221;center&#8221; top_padding=&#8221;100&#8243; text_color=&#8221;dark&#8221; text_align&#8230;<\/p>\n","protected":false},"author":4,"featured_media":0,"parent":0,"menu_order":0,"comment_status":"closed","ping_status":"closed","template":"","meta":[],"_links":{"self":[{"href":"https:\/\/saraviafrias.com\/es_ES\/wp-json\/wp\/v2\/pages\/1711"}],"collection":[{"href":"https:\/\/saraviafrias.com\/es_ES\/wp-json\/wp\/v2\/pages"}],"about":[{"href":"https:\/\/saraviafrias.com\/es_ES\/wp-json\/wp\/v2\/types\/page"}],"author":[{"embeddable":true,"href":"https:\/\/saraviafrias.com\/es_ES\/wp-json\/wp\/v2\/users\/4"}],"replies":[{"embeddable":true,"href":"https:\/\/saraviafrias.com\/es_ES\/wp-json\/wp\/v2\/comments?post=1711"}],"version-history":[{"count":12,"href":"https:\/\/saraviafrias.com\/es_ES\/wp-json\/wp\/v2\/pages\/1711\/revisions"}],"predecessor-version":[{"id":2533,"href":"https:\/\/saraviafrias.com\/es_ES\/wp-json\/wp\/v2\/pages\/1711\/revisions\/2533"}],"wp:attachment":[{"href":"https:\/\/saraviafrias.com\/es_ES\/wp-json\/wp\/v2\/media?parent=1711"}],"curies":[{"name":"wp","href":"https:\/\/api.w.org\/{rel}","templated":true}]}}