{"id":1669,"date":"2024-07-08T20:13:53","date_gmt":"2024-07-08T20:13:53","guid":{"rendered":"https:\/\/saraviafrias.com\/?page_id=1669"},"modified":"2025-11-26T19:37:09","modified_gmt":"2025-11-26T19:37:09","slug":"agustin-saravia-frias","status":"publish","type":"page","link":"https:\/\/saraviafrias.com\/es_ES\/agustin-saravia-frias\/","title":{"rendered":"Agustin Saravia Fr\u00edas"},"content":{"rendered":"[vc_row type=&#8221;in_container&#8221; full_screen_row_position=&#8221;middle&#8221; column_margin=&#8221;default&#8221; column_direction=&#8221;default&#8221; column_direction_tablet=&#8221;default&#8221; column_direction_phone=&#8221;default&#8221; scene_position=&#8221;center&#8221; top_padding=&#8221;100&#8243; text_color=&#8221;dark&#8221; text_align=&#8221;left&#8221; row_border_radius=&#8221;none&#8221; row_border_radius_applies=&#8221;bg&#8221; overlay_strength=&#8221;0.3&#8243; gradient_direction=&#8221;left_to_right&#8221; shape_divider_position=&#8221;bottom&#8221; bg_image_animation=&#8221;none&#8221; shape_type=&#8221;&#8221;][vc_column column_padding=&#8221;no-extra-padding&#8221; column_padding_tablet=&#8221;inherit&#8221; column_padding_phone=&#8221;inherit&#8221; column_padding_position=&#8221;all&#8221; column_element_spacing=&#8221;default&#8221; background_color_opacity=&#8221;1&#8243; background_hover_color_opacity=&#8221;1&#8243; column_shadow=&#8221;none&#8221; column_border_radius=&#8221;none&#8221; column_link_target=&#8221;_self&#8221; gradient_direction=&#8221;left_to_right&#8221; overlay_strength=&#8221;0.3&#8243; width=&#8221;1\/3&#8243; tablet_width_inherit=&#8221;default&#8221; tablet_text_alignment=&#8221;default&#8221; phone_text_alignment=&#8221;default&#8221; bg_image_animation=&#8221;none&#8221; border_type=&#8221;simple&#8221; column_border_width=&#8221;none&#8221; column_border_style=&#8221;solid&#8221;][vc_column_text]<img loading=\"lazy\" class=\"alignnone size-large wp-image-1754\" src=\"https:\/\/saraviafrias.com\/wp-content\/uploads\/2024\/07\/AGUSTIN-SARAVIA-FRIAS-2-1024x1024.jpg\" alt=\"\" width=\"1024\" height=\"1024\" srcset=\"https:\/\/saraviafrias.com\/wp-content\/uploads\/2024\/07\/AGUSTIN-SARAVIA-FRIAS-2-1024x1024.jpg 1024w, https:\/\/saraviafrias.com\/wp-content\/uploads\/2024\/07\/AGUSTIN-SARAVIA-FRIAS-2-300x300.jpg 300w, https:\/\/saraviafrias.com\/wp-content\/uploads\/2024\/07\/AGUSTIN-SARAVIA-FRIAS-2-150x150.jpg 150w, https:\/\/saraviafrias.com\/wp-content\/uploads\/2024\/07\/AGUSTIN-SARAVIA-FRIAS-2-768x768.jpg 768w, https:\/\/saraviafrias.com\/wp-content\/uploads\/2024\/07\/AGUSTIN-SARAVIA-FRIAS-2-1536x1536.jpg 1536w, https:\/\/saraviafrias.com\/wp-content\/uploads\/2024\/07\/AGUSTIN-SARAVIA-FRIAS-2-2048x2048.jpg 2048w, https:\/\/saraviafrias.com\/wp-content\/uploads\/2024\/07\/AGUSTIN-SARAVIA-FRIAS-2-100x100.jpg 100w, https:\/\/saraviafrias.com\/wp-content\/uploads\/2024\/07\/AGUSTIN-SARAVIA-FRIAS-2-140x140.jpg 140w, https:\/\/saraviafrias.com\/wp-content\/uploads\/2024\/07\/AGUSTIN-SARAVIA-FRIAS-2-500x500.jpg 500w, https:\/\/saraviafrias.com\/wp-content\/uploads\/2024\/07\/AGUSTIN-SARAVIA-FRIAS-2-350x350.jpg 350w, https:\/\/saraviafrias.com\/wp-content\/uploads\/2024\/07\/AGUSTIN-SARAVIA-FRIAS-2-1000x1000.jpg 1000w, https:\/\/saraviafrias.com\/wp-content\/uploads\/2024\/07\/AGUSTIN-SARAVIA-FRIAS-2-800x800.jpg 800w\" sizes=\"(max-width: 1024px) 100vw, 1024px\" \/>[\/vc_column_text][\/vc_column][vc_column column_padding=&#8221;no-extra-padding&#8221; column_padding_tablet=&#8221;inherit&#8221; column_padding_phone=&#8221;inherit&#8221; column_padding_position=&#8221;all&#8221; column_element_spacing=&#8221;default&#8221; background_color_opacity=&#8221;1&#8243; background_hover_color_opacity=&#8221;1&#8243; column_shadow=&#8221;none&#8221; column_border_radius=&#8221;none&#8221; column_link_target=&#8221;_self&#8221; gradient_direction=&#8221;left_to_right&#8221; overlay_strength=&#8221;0.3&#8243; width=&#8221;2\/3&#8243; tablet_width_inherit=&#8221;default&#8221; tablet_text_alignment=&#8221;default&#8221; phone_text_alignment=&#8221;default&#8221; bg_image_animation=&#8221;none&#8221; border_type=&#8221;simple&#8221; column_border_width=&#8221;none&#8221; column_border_style=&#8221;solid&#8221;][vc_column_text]\n<h1><strong>Agustin Saravia Fr\u00edas<\/strong><\/h1>\n<h3>Socio<\/h3>\n<p>Abogado por la Universidad de Buenos Aires. Realiz\u00f3 un Postgrado en derecho empresario econ\u00f3mico en la Universidad Cat\u00f3lica Argentina. Es Master of Law de la University of Dundee, Center for Energy, Petroleum and Mineral Law &amp; Policy, Dundee, Escocia, Reino Unido.<\/p>\n<p>Disert\u00f3 en materia de Desarrollo Sustentable del Litio en Am\u00e9rica Latina y realiz\u00f3 publicaciones sobre derecho minero<\/p>\n<p>Asesor\u00f3 en el \u00e1rea de banking y particip\u00f3 en reestructuraciones de deuda, emisiones de obligaciones negociables, M&amp;A. en el estudio Marval O\u2019Farrell &amp; Mairal<\/p>\n<p>Se desempe\u00f1\u00f3 como asistente del director de Acci\u00f3n Pol\u00edtica en la Secretar\u00eda de la Presidencia de la Naci\u00f3n de la Rep\u00fablica Argentina<\/p>\n<p>Hoy es asesor de empresas nacionales e internacionales en materias vinculadas al derecho minero, petrolero, ambiental, recursos naturales en general y administrativo.<\/p>\n<p>IDIOMAS: espa\u00f1ol e ingl\u00e9s.<\/p>\n<h4>CONTACTO: <a href=\"mailto:agustin@sfcabogados.com.ar\">agustin@sfcabogados.com.ar<\/a><\/h4>\n[\/vc_column_text][\/vc_column][\/vc_row]\n","protected":false},"excerpt":{"rendered":"<p>[vc_row type=&#8221;in_container&#8221; full_screen_row_position=&#8221;middle&#8221; column_margin=&#8221;default&#8221; column_direction=&#8221;default&#8221; column_direction_tablet=&#8221;default&#8221; column_direction_phone=&#8221;default&#8221; scene_position=&#8221;center&#8221; top_padding=&#8221;100&#8243; text_color=&#8221;dark&#8221; text_align&#8230;<\/p>\n","protected":false},"author":4,"featured_media":0,"parent":0,"menu_order":0,"comment_status":"closed","ping_status":"closed","template":"","meta":[],"_links":{"self":[{"href":"https:\/\/saraviafrias.com\/es_ES\/wp-json\/wp\/v2\/pages\/1669"}],"collection":[{"href":"https:\/\/saraviafrias.com\/es_ES\/wp-json\/wp\/v2\/pages"}],"about":[{"href":"https:\/\/saraviafrias.com\/es_ES\/wp-json\/wp\/v2\/types\/page"}],"author":[{"embeddable":true,"href":"https:\/\/saraviafrias.com\/es_ES\/wp-json\/wp\/v2\/users\/4"}],"replies":[{"embeddable":true,"href":"https:\/\/saraviafrias.com\/es_ES\/wp-json\/wp\/v2\/comments?post=1669"}],"version-history":[{"count":16,"href":"https:\/\/saraviafrias.com\/es_ES\/wp-json\/wp\/v2\/pages\/1669\/revisions"}],"predecessor-version":[{"id":2518,"href":"https:\/\/saraviafrias.com\/es_ES\/wp-json\/wp\/v2\/pages\/1669\/revisions\/2518"}],"wp:attachment":[{"href":"https:\/\/saraviafrias.com\/es_ES\/wp-json\/wp\/v2\/media?parent=1669"}],"curies":[{"name":"wp","href":"https:\/\/api.w.org\/{rel}","templated":true}]}}