{"id":1354,"date":"2021-04-13T15:47:12","date_gmt":"2021-04-13T15:47:12","guid":{"rendered":"https:\/\/saraviafrias.com\/?page_id=1354"},"modified":"2024-09-16T20:34:43","modified_gmt":"2024-09-16T20:34:43","slug":"carlos-saravia-frias-2","status":"publish","type":"page","link":"https:\/\/saraviafrias.com\/es_ES\/carlos-saravia-frias-2\/","title":{"rendered":"Carlos Saravia Fr\u00edas"},"content":{"rendered":"[vc_row type=&#8221;in_container&#8221; full_screen_row_position=&#8221;middle&#8221; column_margin=&#8221;default&#8221; column_direction=&#8221;default&#8221; column_direction_tablet=&#8221;default&#8221; column_direction_phone=&#8221;default&#8221; scene_position=&#8221;center&#8221; top_padding=&#8221;100&#8243; text_color=&#8221;dark&#8221; text_align=&#8221;left&#8221; row_border_radius=&#8221;none&#8221; row_border_radius_applies=&#8221;bg&#8221; overlay_strength=&#8221;0.3&#8243; gradient_direction=&#8221;left_to_right&#8221; shape_divider_position=&#8221;bottom&#8221; bg_image_animation=&#8221;none&#8221; shape_type=&#8221;&#8221;][vc_column column_padding=&#8221;no-extra-padding&#8221; column_padding_tablet=&#8221;inherit&#8221; column_padding_phone=&#8221;inherit&#8221; column_padding_position=&#8221;all&#8221; column_element_spacing=&#8221;default&#8221; background_color_opacity=&#8221;1&#8243; background_hover_color_opacity=&#8221;1&#8243; column_shadow=&#8221;none&#8221; column_border_radius=&#8221;none&#8221; column_link_target=&#8221;_self&#8221; gradient_direction=&#8221;left_to_right&#8221; overlay_strength=&#8221;0.3&#8243; width=&#8221;1\/3&#8243; tablet_width_inherit=&#8221;default&#8221; tablet_text_alignment=&#8221;default&#8221; phone_text_alignment=&#8221;default&#8221; bg_image_animation=&#8221;none&#8221; border_type=&#8221;simple&#8221; column_border_width=&#8221;none&#8221; column_border_style=&#8221;solid&#8221;][vc_column_text]<img loading=\"lazy\" class=\"alignnone size-full wp-image-908\" src=\"https:\/\/saraviafrias.com\/wp-content\/uploads\/2020\/10\/Staff-grandes-11.jpg\" alt=\"\" width=\"794\" height=\"794\" srcset=\"https:\/\/saraviafrias.com\/wp-content\/uploads\/2020\/10\/Staff-grandes-11.jpg 794w, https:\/\/saraviafrias.com\/wp-content\/uploads\/2020\/10\/Staff-grandes-11-300x300.jpg 300w, https:\/\/saraviafrias.com\/wp-content\/uploads\/2020\/10\/Staff-grandes-11-150x150.jpg 150w, https:\/\/saraviafrias.com\/wp-content\/uploads\/2020\/10\/Staff-grandes-11-768x768.jpg 768w\" sizes=\"(max-width: 794px) 100vw, 794px\" \/>[\/vc_column_text][\/vc_column][vc_column column_padding=&#8221;no-extra-padding&#8221; column_padding_tablet=&#8221;inherit&#8221; column_padding_phone=&#8221;inherit&#8221; column_padding_position=&#8221;all&#8221; column_element_spacing=&#8221;default&#8221; background_color_opacity=&#8221;1&#8243; background_hover_color_opacity=&#8221;1&#8243; column_shadow=&#8221;none&#8221; column_border_radius=&#8221;none&#8221; column_link_target=&#8221;_self&#8221; gradient_direction=&#8221;left_to_right&#8221; overlay_strength=&#8221;0.3&#8243; width=&#8221;2\/3&#8243; tablet_width_inherit=&#8221;default&#8221; tablet_text_alignment=&#8221;default&#8221; phone_text_alignment=&#8221;default&#8221; bg_image_animation=&#8221;none&#8221; border_type=&#8221;simple&#8221; column_border_width=&#8221;none&#8221; column_border_style=&#8221;solid&#8221;][vc_column_text]\n<h1>Carlos Saravia Fr\u00edas<\/h1>\n<h3>Socio<\/h3>\n<p>Fue Subsecretario de Mineri\u0301a de la Naci\u00f3n Argentina donde llevo\u0301 adelante las modificaciones estrate\u0301gicas que reconfiguraron el sector minero.<\/p>\n<p>Formado en la Universidad Nacional del Nordeste (Argentina) donde obtuvo su ti\u0301tulo de abogado, prosiguio\u0301 con sus estudios en el plano internacional. En la Universidad de Dundee (Escocia) realizo\u0301 la Maestri\u0301a en Mineral Law &amp; Policy mientras que en la Georgetown University de Washington D.C. (EEUU) realizo\u0301 un estudio profundizado del sistema americano.<\/p>\n<p>Ha disertado en diferentes universidades y foros, locales y extranjeros. Public\u00f3 diversos arti\u0301culos en revistas especializadas.<\/p>\n<p>Asesora en cuestiones de derecho administrativo, minero, ambiental, oil &amp; gas y energ\u00eda. Ha estructurado operaciones de alta complejidad con actores internacionales para el desarrollo de actividades vinculadas a la explotaci\u00f3n de los recursos naturales en la Rep\u00fablica Argentina. Tambi\u00e9n ha listado a compa\u00f1\u00edas locales en la bolsa de Toronto para el fondeo de proyectos en nuestro pa\u00eds.<\/p>\n<p>IDIOMAS: espa\u00f1ol e ingl\u00e9s.<\/p>\n<h4>Contacto: <a href=\"mailto:csf@saraviafrias.com\">csf@saraviafrias.com<\/a><\/h4>\n[\/vc_column_text][\/vc_column][\/vc_row]\n","protected":false},"excerpt":{"rendered":"<p>[vc_row type=&#8221;in_container&#8221; full_screen_row_position=&#8221;middle&#8221; column_margin=&#8221;default&#8221; column_direction=&#8221;default&#8221; column_direction_tablet=&#8221;default&#8221; column_direction_phone=&#8221;default&#8221; scene_position=&#8221;center&#8221; top_padding=&#8221;100&#8243; text_color=&#8221;dark&#8221; text_align&#8230;<\/p>\n","protected":false},"author":1,"featured_media":0,"parent":0,"menu_order":0,"comment_status":"closed","ping_status":"closed","template":"","meta":[],"_links":{"self":[{"href":"https:\/\/saraviafrias.com\/es_ES\/wp-json\/wp\/v2\/pages\/1354"}],"collection":[{"href":"https:\/\/saraviafrias.com\/es_ES\/wp-json\/wp\/v2\/pages"}],"about":[{"href":"https:\/\/saraviafrias.com\/es_ES\/wp-json\/wp\/v2\/types\/page"}],"author":[{"embeddable":true,"href":"https:\/\/saraviafrias.com\/es_ES\/wp-json\/wp\/v2\/users\/1"}],"replies":[{"embeddable":true,"href":"https:\/\/saraviafrias.com\/es_ES\/wp-json\/wp\/v2\/comments?post=1354"}],"version-history":[{"count":11,"href":"https:\/\/saraviafrias.com\/es_ES\/wp-json\/wp\/v2\/pages\/1354\/revisions"}],"predecessor-version":[{"id":2374,"href":"https:\/\/saraviafrias.com\/es_ES\/wp-json\/wp\/v2\/pages\/1354\/revisions\/2374"}],"wp:attachment":[{"href":"https:\/\/saraviafrias.com\/es_ES\/wp-json\/wp\/v2\/media?parent=1354"}],"curies":[{"name":"wp","href":"https:\/\/api.w.org\/{rel}","templated":true}]}}