{"id":119,"date":"2020-08-23T22:27:58","date_gmt":"2020-08-24T01:27:58","guid":{"rendered":"https:\/\/saraviafrias.com\/?page_id=119"},"modified":"2020-08-23T22:27:58","modified_gmt":"2020-08-24T01:27:58","slug":"novedades","status":"publish","type":"page","link":"https:\/\/saraviafrias.com\/es_ES\/novedades\/","title":{"rendered":"Novedades"},"content":{"rendered":"<img width=\"2000\" height=\"200\" src=\"https:\/\/saraviafrias.com\/wp-content\/uploads\/2020\/09\/Aire-b.jpg\" alt=\"\" loading=\"lazy\" srcset=\"https:\/\/saraviafrias.com\/wp-content\/uploads\/2020\/09\/Aire-b.jpg 2000w, https:\/\/saraviafrias.com\/wp-content\/uploads\/2020\/09\/Aire-b-300x30.jpg 300w, https:\/\/saraviafrias.com\/wp-content\/uploads\/2020\/09\/Aire-b-1024x102.jpg 1024w, https:\/\/saraviafrias.com\/wp-content\/uploads\/2020\/09\/Aire-b-768x77.jpg 768w, https:\/\/saraviafrias.com\/wp-content\/uploads\/2020\/09\/Aire-b-1536x154.jpg 1536w\" sizes=\"(max-width: 2000px) 100vw, 2000px\" \/>\t\t\t\t\t\t\t\t\t\t\t\n\t\t<p><\/p>\n<p><b>Novedades\u00a0<\/b><\/p>\n<p><\/p>\t\t\n\t\t\t\t\t\t\t\t\t\t<img width=\"768\" height=\"432\" src=\"https:\/\/saraviafrias.com\/wp-content\/uploads\/2020\/08\/noticia.jpg\" alt=\"\" loading=\"lazy\" srcset=\"https:\/\/saraviafrias.com\/wp-content\/uploads\/2020\/08\/noticia.jpg 768w, https:\/\/saraviafrias.com\/wp-content\/uploads\/2020\/08\/noticia-300x169.jpg 300w\" sizes=\"(max-width: 768px) 100vw, 768px\" \/>\t\t\t\t\t\t\t\t\t\t\t\n\t\t\t<h2><a href=\"https:\/\/saraviafrias.com\/2019\/07\/29\/saravia-frias-asesoro-a-jack-green\">Saravia Fr\u00edas Abogados asesor\u00f3 a Jack Green en la estructuraci\u00f3n de un fideicomiso inmobiliario para su nuevo emprendimiento.<\/a><\/h2>\t\t\n\t\t<p>Saravia Fr\u00edas Abogados asesor\u00f3 a Jack Green en la estructuraci\u00f3n de un fideicomiso inmobiliario para la construcci\u00f3n de m\u00e1s de 14.500 metros de viviendas, locales y cocheras en el exclusivo barrio de Palermo.<\/p>\t\t\n\t\t\t\t\t\t\t\t\t\t<img width=\"768\" height=\"432\" src=\"https:\/\/saraviafrias.com\/wp-content\/uploads\/2020\/08\/noticia.jpg\" alt=\"\" loading=\"lazy\" srcset=\"https:\/\/saraviafrias.com\/wp-content\/uploads\/2020\/08\/noticia.jpg 768w, https:\/\/saraviafrias.com\/wp-content\/uploads\/2020\/08\/noticia-300x169.jpg 300w\" sizes=\"(max-width: 768px) 100vw, 768px\" \/>\t\t\t\t\t\t\t\t\t\t\t\n\t\t\t<h2><a href=\"https:\/\/saraviafrias.com\/2019\/06\/22\/saravia-frias-abogados-realizo-una-capacitacion-sobre-prevencion-de-lavado-de-activos-y-financiamiento-del-terrorismo\/\">Saravia Fr\u00edas Abogados realiz\u00f3 una capacitaci\u00f3n sobre Prevenci\u00f3n de Lavado de Activos y Financiamiento del Terrorismo<\/a><\/h2>\t\t\n\t\t<p>Saravia Fr\u00edas Abogados realiz\u00f3 una capacitaci\u00f3n in house en GMA Capital S.A. (Agente de Liquicaci\u00f3n y Comensaci\u00f3n \u2013 ACDI) respecto de la regulaci\u00f3n aplicable de la Unidad de Informaci\u00f3n Financiera y la Comisi\u00f3n Nacional de Valores.<\/p>\t\t\n\t\t\t\t\t\t\t\t\t\t<img width=\"768\" height=\"432\" src=\"https:\/\/saraviafrias.com\/wp-content\/uploads\/2020\/08\/noticia.jpg\" alt=\"\" loading=\"lazy\" srcset=\"https:\/\/saraviafrias.com\/wp-content\/uploads\/2020\/08\/noticia.jpg 768w, https:\/\/saraviafrias.com\/wp-content\/uploads\/2020\/08\/noticia-300x169.jpg 300w\" sizes=\"(max-width: 768px) 100vw, 768px\" \/>\t\t\t\t\t\t\t\t\t\t\t\n\t\t\t<h2><a href=\"https:\/\/saraviafrias.com\/2019\/06\/10\/saravia-legal-issues\/\">Experiences and Chalenges in Latin America: Legal issues in the Consulting Process\n<\/a><\/h2>\t\t\n\t\t<p>Carlos Saravia Fr\u00edas particip\u00f3 en el Seminario Internacional de Litio que se realiz\u00f3 en Jujuy el 19 de Junio pasado, donde disert\u00f3 sobre \u201cExperiences and Chalenges in Latin America: Legal issues in the Consulting Process\u201d.<\/p>\t\t\n\t\t\t\t\t\t\t\t\t\t<img width=\"768\" height=\"432\" src=\"https:\/\/saraviafrias.com\/wp-content\/uploads\/2020\/08\/noticia.jpg\" alt=\"\" loading=\"lazy\" srcset=\"https:\/\/saraviafrias.com\/wp-content\/uploads\/2020\/08\/noticia.jpg 768w, https:\/\/saraviafrias.com\/wp-content\/uploads\/2020\/08\/noticia-300x169.jpg 300w\" sizes=\"(max-width: 768px) 100vw, 768px\" \/>\t\t\t\t\t\t\t\t\t\t\t\n\t\t\t<h2><a href=\"https:\/\/saraviafrias.com\/2019\/05\/29\/saravaia-industrial-commercial-bank-china\/\">Saravia Fr\u00edas Abogados asesor\u00f3 a Industrial and Commercial Bank of China  S.A. en la estructuraci\u00f3n jur\u00eddica del negocio<\/a><\/h2>\t\t\n\t\t<p>Saravia Fr\u00edas Abogados brinda\u00f3 asesoramiento legal respecto del marco regulatorio aplicable y redactando la documentaci\u00f3n legal necesaria para ofrecer este nuevo producto en el mercado local.<\/p>\t\t\n\t\t\t<a href=\"https:\/\/saraviafrias.com\/2019\/06\/22\/saravia-frias-abogados-realizo-una-capacitacion-sobre-prevencion-de-lavado-de-activos-y-financiamiento-del-terrorismo\/\" role=\"button\">\n\t\t\t\t\t\tM\u00c1S INFO\n\t\t\t\t\t<\/a>\n\t\t\t<a href=\"https:\/\/saraviafrias.com\/2019\/07\/29\/saravia-frias-asesoro-a-jack-green\" role=\"button\">\n\t\t\t\t\t\tM\u00c1S INFO\n\t\t\t\t\t<\/a>\n\t\t\t<a href=\"https:\/\/saraviafrias.com\/2019\/06\/10\/saravia-legal-issues\/\" role=\"button\">\n\t\t\t\t\t\tM\u00c1S INFO\n\t\t\t\t\t<\/a>\n\t\t\t<a href=\"https:\/\/saraviafrias.com\/2019\/05\/29\/saravaia-industrial-commercial-bank-china\/\" role=\"button\">\n\t\t\t\t\t\tM\u00c1S INFO\n\t\t\t\t\t<\/a>","protected":false},"excerpt":{"rendered":"<p>&#8230;<\/p>\n","protected":false},"author":1,"featured_media":0,"parent":0,"menu_order":0,"comment_status":"closed","ping_status":"closed","template":"elementor_header_footer","meta":[],"_links":{"self":[{"href":"https:\/\/saraviafrias.com\/es_ES\/wp-json\/wp\/v2\/pages\/119"}],"collection":[{"href":"https:\/\/saraviafrias.com\/es_ES\/wp-json\/wp\/v2\/pages"}],"about":[{"href":"https:\/\/saraviafrias.com\/es_ES\/wp-json\/wp\/v2\/types\/page"}],"author":[{"embeddable":true,"href":"https:\/\/saraviafrias.com\/es_ES\/wp-json\/wp\/v2\/users\/1"}],"replies":[{"embeddable":true,"href":"https:\/\/saraviafrias.com\/es_ES\/wp-json\/wp\/v2\/comments?post=119"}],"version-history":[{"count":0,"href":"https:\/\/saraviafrias.com\/es_ES\/wp-json\/wp\/v2\/pages\/119\/revisions"}],"wp:attachment":[{"href":"https:\/\/saraviafrias.com\/es_ES\/wp-json\/wp\/v2\/media?parent=119"}],"curies":[{"name":"wp","href":"https:\/\/api.w.org\/{rel}","templated":true}]}}