{"id":1017,"date":"2020-10-08T22:41:48","date_gmt":"2020-10-09T01:41:48","guid":{"rendered":"https:\/\/saraviafrias.com\/?page_id=1017"},"modified":"2021-04-13T19:53:19","modified_gmt":"2021-04-13T19:53:19","slug":"thomas-ning","status":"publish","type":"page","link":"https:\/\/saraviafrias.com\/es_ES\/thomas-ning\/","title":{"rendered":"Thomas Ning"},"content":{"rendered":"[vc_row type=&#8221;in_container&#8221; full_screen_row_position=&#8221;middle&#8221; column_margin=&#8221;default&#8221; column_direction=&#8221;default&#8221; column_direction_tablet=&#8221;default&#8221; column_direction_phone=&#8221;default&#8221; scene_position=&#8221;center&#8221; top_padding=&#8221;100&#8243; text_color=&#8221;dark&#8221; text_align=&#8221;left&#8221; row_border_radius=&#8221;none&#8221; row_border_radius_applies=&#8221;bg&#8221; overlay_strength=&#8221;0.3&#8243; gradient_direction=&#8221;left_to_right&#8221; shape_divider_position=&#8221;bottom&#8221; bg_image_animation=&#8221;none&#8221; shape_type=&#8221;&#8221;][vc_column column_padding=&#8221;no-extra-padding&#8221; column_padding_tablet=&#8221;inherit&#8221; column_padding_phone=&#8221;inherit&#8221; column_padding_position=&#8221;all&#8221; column_element_spacing=&#8221;default&#8221; background_color_opacity=&#8221;1&#8243; background_hover_color_opacity=&#8221;1&#8243; column_shadow=&#8221;none&#8221; column_border_radius=&#8221;none&#8221; column_link_target=&#8221;_self&#8221; gradient_direction=&#8221;left_to_right&#8221; overlay_strength=&#8221;0.3&#8243; width=&#8221;1\/3&#8243; tablet_width_inherit=&#8221;default&#8221; tablet_text_alignment=&#8221;default&#8221; phone_text_alignment=&#8221;default&#8221; bg_image_animation=&#8221;none&#8221; border_type=&#8221;simple&#8221; column_border_width=&#8221;none&#8221; column_border_style=&#8221;solid&#8221;][vc_column_text]\n<p><img loading=\"lazy\" class=\"alignnone size-full wp-image-1019\" src=\"https:\/\/saraviafrias.com\/wp-content\/uploads\/2020\/10\/WhatsApp-Image-2020-10-07-at-17.21.47.jpeg\" alt=\"\" width=\"794\" height=\"794\" srcset=\"https:\/\/saraviafrias.com\/wp-content\/uploads\/2020\/10\/WhatsApp-Image-2020-10-07-at-17.21.47.jpeg 794w, https:\/\/saraviafrias.com\/wp-content\/uploads\/2020\/10\/WhatsApp-Image-2020-10-07-at-17.21.47-300x300.jpeg 300w, https:\/\/saraviafrias.com\/wp-content\/uploads\/2020\/10\/WhatsApp-Image-2020-10-07-at-17.21.47-150x150.jpeg 150w, https:\/\/saraviafrias.com\/wp-content\/uploads\/2020\/10\/WhatsApp-Image-2020-10-07-at-17.21.47-768x768.jpeg 768w\" sizes=\"(max-width: 794px) 100vw, 794px\" \/><\/p>\n[\/vc_column_text][\/vc_column][vc_column column_padding=&#8221;no-extra-padding&#8221; column_padding_tablet=&#8221;inherit&#8221; column_padding_phone=&#8221;inherit&#8221; column_padding_position=&#8221;all&#8221; column_element_spacing=&#8221;default&#8221; background_color_opacity=&#8221;1&#8243; background_hover_color_opacity=&#8221;1&#8243; column_shadow=&#8221;none&#8221; column_border_radius=&#8221;none&#8221; column_link_target=&#8221;_self&#8221; gradient_direction=&#8221;left_to_right&#8221; overlay_strength=&#8221;0.3&#8243; width=&#8221;2\/3&#8243; tablet_width_inherit=&#8221;default&#8221; tablet_text_alignment=&#8221;default&#8221; phone_text_alignment=&#8221;default&#8221; bg_image_animation=&#8221;none&#8221; border_type=&#8221;simple&#8221; column_border_width=&#8221;none&#8221; column_border_style=&#8221;solid&#8221;][vc_column_text]\n<h1><b>Thomas Ning<br \/><\/b><\/h1>\n<h3>Of Counsel<\/h3>\n<p>Graduado de la Universidad de Buenos Aires y Master in Business Administration por la UADE.<\/p>\n<p>Desde el a\u00f1o 2008 es director de Fortland Trading Co. Ltd, donde representa a un n\u00famero importante de firmas en China.<\/p>\n<p>Tambi\u00e9n es socio fundador de SEDA Consulting Group, firma a trav\u00e9s de la cual se asesora sobre comercio e inversiones en el marco de la iniciativa One Belt, One Road.<\/p>\n<p>Cuenta con un amplio conocimiento sobre comercio internacional y especialmente en la relaci\u00f3n bilateral con China y el Lejano Oriente.<\/p>\n<p>Reside actualmente en Hefei y Taiwan, donde est\u00e1 dedicado al comercio internacional entre LATAM y China, desde hace 20 a\u00f1os.<\/p>\n<p>IDIOMAS: Espa\u00f1ol, ingl\u00e9s y mandar\u00edn.<\/p>\n[\/vc_column_text][\/vc_column][\/vc_row]\n","protected":false},"excerpt":{"rendered":"<p>[vc_row type=&#8221;in_container&#8221; full_screen_row_position=&#8221;middle&#8221; column_margin=&#8221;default&#8221; column_direction=&#8221;default&#8221; column_direction_tablet=&#8221;default&#8221; column_direction_phone=&#8221;default&#8221; scene_position=&#8221;center&#8221; top_padding=&#8221;100&#8243; text_color=&#8221;dark&#8221; text_al&#8230;<\/p>\n","protected":false},"author":1,"featured_media":0,"parent":0,"menu_order":0,"comment_status":"closed","ping_status":"closed","template":"","meta":[],"_links":{"self":[{"href":"https:\/\/saraviafrias.com\/es_ES\/wp-json\/wp\/v2\/pages\/1017"}],"collection":[{"href":"https:\/\/saraviafrias.com\/es_ES\/wp-json\/wp\/v2\/pages"}],"about":[{"href":"https:\/\/saraviafrias.com\/es_ES\/wp-json\/wp\/v2\/types\/page"}],"author":[{"embeddable":true,"href":"https:\/\/saraviafrias.com\/es_ES\/wp-json\/wp\/v2\/users\/1"}],"replies":[{"embeddable":true,"href":"https:\/\/saraviafrias.com\/es_ES\/wp-json\/wp\/v2\/comments?post=1017"}],"version-history":[{"count":6,"href":"https:\/\/saraviafrias.com\/es_ES\/wp-json\/wp\/v2\/pages\/1017\/revisions"}],"predecessor-version":[{"id":1416,"href":"https:\/\/saraviafrias.com\/es_ES\/wp-json\/wp\/v2\/pages\/1017\/revisions\/1416"}],"wp:attachment":[{"href":"https:\/\/saraviafrias.com\/es_ES\/wp-json\/wp\/v2\/media?parent=1017"}],"curies":[{"name":"wp","href":"https:\/\/api.w.org\/{rel}","templated":true}]}}