{"id":2272,"date":"2024-09-14T04:45:25","date_gmt":"2024-09-14T04:45:25","guid":{"rendered":"https:\/\/saraviafrias.com\/?page_id=2272"},"modified":"2024-09-17T21:49:12","modified_gmt":"2024-09-17T21:49:12","slug":"luis-picat","status":"publish","type":"page","link":"https:\/\/saraviafrias.com\/en_US\/luis-picat\/","title":{"rendered":"Luis Picat"},"content":{"rendered":"[vc_row type=&#8221;in_container&#8221; full_screen_row_position=&#8221;middle&#8221; column_margin=&#8221;default&#8221; column_direction=&#8221;default&#8221; column_direction_tablet=&#8221;default&#8221; column_direction_phone=&#8221;default&#8221; scene_position=&#8221;center&#8221; top_padding=&#8221;100&#8243; text_color=&#8221;dark&#8221; text_align=&#8221;left&#8221; row_border_radius=&#8221;none&#8221; row_border_radius_applies=&#8221;bg&#8221; overlay_strength=&#8221;0.3&#8243; gradient_direction=&#8221;left_to_right&#8221; shape_divider_position=&#8221;bottom&#8221; bg_image_animation=&#8221;none&#8221; shape_type=&#8221;&#8221;][vc_column column_padding=&#8221;no-extra-padding&#8221; column_padding_tablet=&#8221;inherit&#8221; column_padding_phone=&#8221;inherit&#8221; column_padding_position=&#8221;all&#8221; column_element_spacing=&#8221;default&#8221; background_color_opacity=&#8221;1&#8243; background_hover_color_opacity=&#8221;1&#8243; column_shadow=&#8221;none&#8221; column_border_radius=&#8221;none&#8221; column_link_target=&#8221;_self&#8221; gradient_direction=&#8221;left_to_right&#8221; overlay_strength=&#8221;0.3&#8243; width=&#8221;1\/3&#8243; tablet_width_inherit=&#8221;default&#8221; tablet_text_alignment=&#8221;default&#8221; phone_text_alignment=&#8221;default&#8221; bg_image_animation=&#8221;none&#8221; border_type=&#8221;simple&#8221; column_border_width=&#8221;none&#8221; column_border_style=&#8221;solid&#8221;][vc_column_text]<img loading=\"lazy\" class=\"alignnone size-full wp-image-2250\" src=\"https:\/\/saraviafrias.com\/wp-content\/uploads\/2024\/09\/Luis-Picat.jpeg\" alt=\"\" width=\"480\" height=\"480\" srcset=\"https:\/\/saraviafrias.com\/wp-content\/uploads\/2024\/09\/Luis-Picat.jpeg 480w, https:\/\/saraviafrias.com\/wp-content\/uploads\/2024\/09\/Luis-Picat-300x300.jpeg 300w, https:\/\/saraviafrias.com\/wp-content\/uploads\/2024\/09\/Luis-Picat-150x150.jpeg 150w, https:\/\/saraviafrias.com\/wp-content\/uploads\/2024\/09\/Luis-Picat-100x100.jpeg 100w, https:\/\/saraviafrias.com\/wp-content\/uploads\/2024\/09\/Luis-Picat-140x140.jpeg 140w, https:\/\/saraviafrias.com\/wp-content\/uploads\/2024\/09\/Luis-Picat-350x350.jpeg 350w\" sizes=\"(max-width: 480px) 100vw, 480px\" \/>[\/vc_column_text][\/vc_column][vc_column column_padding=&#8221;no-extra-padding&#8221; column_padding_tablet=&#8221;inherit&#8221; column_padding_phone=&#8221;inherit&#8221; column_padding_position=&#8221;all&#8221; column_element_spacing=&#8221;default&#8221; background_color_opacity=&#8221;1&#8243; background_hover_color_opacity=&#8221;1&#8243; column_shadow=&#8221;none&#8221; column_border_radius=&#8221;none&#8221; column_link_target=&#8221;_self&#8221; gradient_direction=&#8221;left_to_right&#8221; overlay_strength=&#8221;0.3&#8243; width=&#8221;2\/3&#8243; tablet_width_inherit=&#8221;default&#8221; tablet_text_alignment=&#8221;default&#8221; phone_text_alignment=&#8221;default&#8221; bg_image_animation=&#8221;none&#8221; border_type=&#8221;simple&#8221; column_border_width=&#8221;none&#8221; column_border_style=&#8221;solid&#8221;][vc_column_text]\n<h1><strong>Luis Picat<\/strong><\/h1>\n<h3><strong>Bachelor&#8217;s in Computer Science<\/strong><\/h3>\n<p>He holds a Bachelor&#8217;s in Computer Science from Blas Pascal University and a Master&#8217;s in Business from the Business School of the Catholic University of C\u00f3rdoba. He has also participated in a magistrate program on Public Economy and Social and Regional Economic Policies at the National University of C\u00f3rdoba.<\/p>\n<p>He is the owner of Qualita S.A. meat processing plant and La Quimera S.A., a company dedicated to pig farming and the cultivation of soybeans, corn, and wheat.<\/p>\n<p>He served as Mayor of the City of Jes\u00fas Mar\u00eda, C\u00f3rdoba, receiving the Efficient City Award. He was also President of the Rural Society of C\u00f3rdoba, one of the country&#8217;s leading rural societies.<\/p>\n<p>He is currently a national deputy representing the C\u00f3rdoba district.[\/vc_column_text][\/vc_column][\/vc_row]\n","protected":false},"excerpt":{"rendered":"<p>[vc_row type=&#8221;in_container&#8221; full_screen_row_position=&#8221;middle&#8221; column_margin=&#8221;default&#8221; column_direction=&#8221;default&#8221; column_direction_tablet=&#8221;default&#8221; column_direction_phone=&#8221;default&#8221; scene_position=&#8221;center&#8221; top_padding=&#8221;100&#8243; text_color=&#8221;dark&#8221; text_align&#8230;<\/p>\n","protected":false},"author":4,"featured_media":0,"parent":0,"menu_order":0,"comment_status":"closed","ping_status":"closed","template":"","meta":[],"_links":{"self":[{"href":"https:\/\/saraviafrias.com\/en_US\/wp-json\/wp\/v2\/pages\/2272"}],"collection":[{"href":"https:\/\/saraviafrias.com\/en_US\/wp-json\/wp\/v2\/pages"}],"about":[{"href":"https:\/\/saraviafrias.com\/en_US\/wp-json\/wp\/v2\/types\/page"}],"author":[{"embeddable":true,"href":"https:\/\/saraviafrias.com\/en_US\/wp-json\/wp\/v2\/users\/4"}],"replies":[{"embeddable":true,"href":"https:\/\/saraviafrias.com\/en_US\/wp-json\/wp\/v2\/comments?post=2272"}],"version-history":[{"count":11,"href":"https:\/\/saraviafrias.com\/en_US\/wp-json\/wp\/v2\/pages\/2272\/revisions"}],"predecessor-version":[{"id":2397,"href":"https:\/\/saraviafrias.com\/en_US\/wp-json\/wp\/v2\/pages\/2272\/revisions\/2397"}],"wp:attachment":[{"href":"https:\/\/saraviafrias.com\/en_US\/wp-json\/wp\/v2\/media?parent=2272"}],"curies":[{"name":"wp","href":"https:\/\/api.w.org\/{rel}","templated":true}]}}